{"id":1000,"date":"2023-10-19T13:55:40","date_gmt":"2023-10-19T13:55:40","guid":{"rendered":"https:\/\/staging.kpitrechiro.com\/?page_id=1000"},"modified":"2023-10-19T13:55:40","modified_gmt":"2023-10-19T13:55:40","slug":"choisir-la-bonne-oreiller-pour-un-sommeil-optimal","status":"publish","type":"page","link":"https:\/\/staging.kpitrechiro.com\/index.php\/choisir-la-bonne-oreiller-pour-un-sommeil-optimal\/","title":{"rendered":"Choisir la bonne oreiller pour un sommeil optimal"},"content":{"rendered":"<div class=\"wp-block-image\">\n<figure class=\"aligncenter size-large\"><img loading=\"lazy\" width=\"768\" height=\"1024\" src=\"https:\/\/staging.kpitrechiro.com\/wp-content\/uploads\/2023\/10\/oreiller-768x1024.png\" alt=\"\" class=\"wp-image-1001\" srcset=\"https:\/\/staging.kpitrechiro.com\/wp-content\/uploads\/2023\/10\/oreiller-768x1024.png 768w, https:\/\/staging.kpitrechiro.com\/wp-content\/uploads\/2023\/10\/oreiller-225x300.png 225w, https:\/\/staging.kpitrechiro.com\/wp-content\/uploads\/2023\/10\/oreiller-1152x1536.png 1152w, https:\/\/staging.kpitrechiro.com\/wp-content\/uploads\/2023\/10\/oreiller-1200x1600.png 1200w, https:\/\/staging.kpitrechiro.com\/wp-content\/uploads\/2023\/10\/oreiller.png 1536w\" sizes=\"(max-width: 768px) 100vw, 768px\" \/><\/figure><\/div>\n\n\n<p>Si jamais vous n&rsquo;\u00eates pas certain si votre oreiller est adapt\u00e9e, n&rsquo;h\u00e9sitez pas \u00e0 me le demander et nous pourrons regarder cela ensemble.<\/p>\n","protected":false},"excerpt":{"rendered":"<p>Si jamais vous n&rsquo;\u00eates pas certain si votre oreiller est adapt\u00e9e, n&rsquo;h\u00e9sitez pas \u00e0 me le demander et nous pourrons regarder cela ensemble.<\/p>\n","protected":false},"author":1,"featured_media":0,"parent":0,"menu_order":0,"comment_status":"closed","ping_status":"closed","template":"","meta":[],"yoast_head":"<!-- This site is optimized with the Yoast SEO plugin v19.5.1 - https:\/\/yoast.com\/wordpress\/plugins\/seo\/ -->\n<title>Choisir la bonne oreiller pour un sommeil optimal - Dre Kayla Pitre, chiropraticienne - Centre chiropratique de la sant\u00e9 vert\u00e9brale<\/title>\n<meta name=\"robots\" content=\"index, follow, max-snippet:-1, max-image-preview:large, max-video-preview:-1\" \/>\n<link rel=\"canonical\" href=\"https:\/\/staging.kpitrechiro.com\/index.php\/choisir-la-bonne-oreiller-pour-un-sommeil-optimal\/\" \/>\n<meta property=\"og:locale\" content=\"fr_FR\" \/>\n<meta property=\"og:type\" content=\"article\" \/>\n<meta property=\"og:title\" content=\"Choisir la bonne oreiller pour un sommeil optimal - Dre Kayla Pitre, chiropraticienne - Centre chiropratique de la sant\u00e9 vert\u00e9brale\" \/>\n<meta property=\"og:description\" content=\"Si jamais vous n&rsquo;\u00eates pas certain si votre oreiller est adapt\u00e9e, n&rsquo;h\u00e9sitez pas \u00e0 me le demander et nous pourrons regarder cela ensemble.\" \/>\n<meta property=\"og:url\" content=\"https:\/\/staging.kpitrechiro.com\/index.php\/choisir-la-bonne-oreiller-pour-un-sommeil-optimal\/\" \/>\n<meta property=\"og:site_name\" content=\"Dre Kayla Pitre, chiropraticienne - Centre chiropratique de la sant\u00e9 vert\u00e9brale\" \/>\n<meta property=\"og:image\" content=\"https:\/\/staging.kpitrechiro.com\/wp-content\/uploads\/2023\/10\/oreiller-768x1024.png\" \/>\n<meta name=\"twitter:card\" content=\"summary_large_image\" \/>\n<meta name=\"twitter:label1\" content=\"Dur\u00e9e de lecture estim\u00e9e\" \/>\n\t<meta name=\"twitter:data1\" content=\"1 minute\" \/>\n<script type=\"application\/ld+json\" class=\"yoast-schema-graph\">{\"@context\":\"https:\/\/schema.org\",\"@graph\":[{\"@type\":\"WebPage\",\"@id\":\"https:\/\/staging.kpitrechiro.com\/index.php\/choisir-la-bonne-oreiller-pour-un-sommeil-optimal\/\",\"url\":\"https:\/\/staging.kpitrechiro.com\/index.php\/choisir-la-bonne-oreiller-pour-un-sommeil-optimal\/\",\"name\":\"Choisir la bonne oreiller pour un sommeil optimal - Dre Kayla Pitre, chiropraticienne - Centre chiropratique de la sant\u00e9 vert\u00e9brale\",\"isPartOf\":{\"@id\":\"https:\/\/staging.kpitrechiro.com\/#website\"},\"datePublished\":\"2023-10-19T13:55:40+00:00\",\"dateModified\":\"2023-10-19T13:55:40+00:00\",\"breadcrumb\":{\"@id\":\"https:\/\/staging.kpitrechiro.com\/index.php\/choisir-la-bonne-oreiller-pour-un-sommeil-optimal\/#breadcrumb\"},\"inLanguage\":\"fr-FR\",\"potentialAction\":[{\"@type\":\"ReadAction\",\"target\":[\"https:\/\/staging.kpitrechiro.com\/index.php\/choisir-la-bonne-oreiller-pour-un-sommeil-optimal\/\"]}]},{\"@type\":\"BreadcrumbList\",\"@id\":\"https:\/\/staging.kpitrechiro.com\/index.php\/choisir-la-bonne-oreiller-pour-un-sommeil-optimal\/#breadcrumb\",\"itemListElement\":[{\"@type\":\"ListItem\",\"position\":1,\"name\":\"Accueil\",\"item\":\"https:\/\/staging.kpitrechiro.com\/\"},{\"@type\":\"ListItem\",\"position\":2,\"name\":\"Choisir la bonne oreiller pour un sommeil optimal\"}]},{\"@type\":\"WebSite\",\"@id\":\"https:\/\/staging.kpitrechiro.com\/#website\",\"url\":\"https:\/\/staging.kpitrechiro.com\/\",\"name\":\"Dre Kayla Pitre, chiropraticienne - Centre chiropratique de la sant\u00e9 vert\u00e9brale\",\"description\":\"Soyez la meilleure version de vous-m\u00eame !\",\"publisher\":{\"@id\":\"https:\/\/staging.kpitrechiro.com\/#organization\"},\"potentialAction\":[{\"@type\":\"SearchAction\",\"target\":{\"@type\":\"EntryPoint\",\"urlTemplate\":\"https:\/\/staging.kpitrechiro.com\/?s={search_term_string}\"},\"query-input\":\"required name=search_term_string\"}],\"inLanguage\":\"fr-FR\"},{\"@type\":\"Organization\",\"@id\":\"https:\/\/staging.kpitrechiro.com\/#organization\",\"name\":\"Dre Kayla Pitre, chiropraticienne - Centre chiropratique de la sant\u00e9 vert\u00e9brale\",\"url\":\"https:\/\/staging.kpitrechiro.com\/\",\"sameAs\":[],\"logo\":{\"@type\":\"ImageObject\",\"inLanguage\":\"fr-FR\",\"@id\":\"https:\/\/staging.kpitrechiro.com\/#\/schema\/logo\/image\/\",\"url\":\"https:\/\/staging.kpitrechiro.com\/wp-content\/uploads\/2020\/11\/cropped-LOGO-paint-fond-PNG-2.png\",\"contentUrl\":\"https:\/\/staging.kpitrechiro.com\/wp-content\/uploads\/2020\/11\/cropped-LOGO-paint-fond-PNG-2.png\",\"width\":712,\"height\":606,\"caption\":\"Dre Kayla Pitre, chiropraticienne - Centre chiropratique de la sant\u00e9 vert\u00e9brale\"},\"image\":{\"@id\":\"https:\/\/staging.kpitrechiro.com\/#\/schema\/logo\/image\/\"}}]}<\/script>\n<!-- \/ Yoast SEO plugin. -->","yoast_head_json":{"title":"Choisir la bonne oreiller pour un sommeil optimal - Dre Kayla Pitre, chiropraticienne - Centre chiropratique de la sant\u00e9 vert\u00e9brale","robots":{"index":"index","follow":"follow","max-snippet":"max-snippet:-1","max-image-preview":"max-image-preview:large","max-video-preview":"max-video-preview:-1"},"canonical":"https:\/\/staging.kpitrechiro.com\/index.php\/choisir-la-bonne-oreiller-pour-un-sommeil-optimal\/","og_locale":"fr_FR","og_type":"article","og_title":"Choisir la bonne oreiller pour un sommeil optimal - Dre Kayla Pitre, chiropraticienne - Centre chiropratique de la sant\u00e9 vert\u00e9brale","og_description":"Si jamais vous n&rsquo;\u00eates pas certain si votre oreiller est adapt\u00e9e, n&rsquo;h\u00e9sitez pas \u00e0 me le demander et nous pourrons regarder cela ensemble.","og_url":"https:\/\/staging.kpitrechiro.com\/index.php\/choisir-la-bonne-oreiller-pour-un-sommeil-optimal\/","og_site_name":"Dre Kayla Pitre, chiropraticienne - Centre chiropratique de la sant\u00e9 vert\u00e9brale","og_image":[{"url":"https:\/\/staging.kpitrechiro.com\/wp-content\/uploads\/2023\/10\/oreiller-768x1024.png"}],"twitter_card":"summary_large_image","twitter_misc":{"Dur\u00e9e de lecture estim\u00e9e":"1 minute"},"schema":{"@context":"https:\/\/schema.org","@graph":[{"@type":"WebPage","@id":"https:\/\/staging.kpitrechiro.com\/index.php\/choisir-la-bonne-oreiller-pour-un-sommeil-optimal\/","url":"https:\/\/staging.kpitrechiro.com\/index.php\/choisir-la-bonne-oreiller-pour-un-sommeil-optimal\/","name":"Choisir la bonne oreiller pour un sommeil optimal - Dre Kayla Pitre, chiropraticienne - Centre chiropratique de la sant\u00e9 vert\u00e9brale","isPartOf":{"@id":"https:\/\/staging.kpitrechiro.com\/#website"},"datePublished":"2023-10-19T13:55:40+00:00","dateModified":"2023-10-19T13:55:40+00:00","breadcrumb":{"@id":"https:\/\/staging.kpitrechiro.com\/index.php\/choisir-la-bonne-oreiller-pour-un-sommeil-optimal\/#breadcrumb"},"inLanguage":"fr-FR","potentialAction":[{"@type":"ReadAction","target":["https:\/\/staging.kpitrechiro.com\/index.php\/choisir-la-bonne-oreiller-pour-un-sommeil-optimal\/"]}]},{"@type":"BreadcrumbList","@id":"https:\/\/staging.kpitrechiro.com\/index.php\/choisir-la-bonne-oreiller-pour-un-sommeil-optimal\/#breadcrumb","itemListElement":[{"@type":"ListItem","position":1,"name":"Accueil","item":"https:\/\/staging.kpitrechiro.com\/"},{"@type":"ListItem","position":2,"name":"Choisir la bonne oreiller pour un sommeil optimal"}]},{"@type":"WebSite","@id":"https:\/\/staging.kpitrechiro.com\/#website","url":"https:\/\/staging.kpitrechiro.com\/","name":"Dre Kayla Pitre, chiropraticienne - Centre chiropratique de la sant\u00e9 vert\u00e9brale","description":"Soyez la meilleure version de vous-m\u00eame !","publisher":{"@id":"https:\/\/staging.kpitrechiro.com\/#organization"},"potentialAction":[{"@type":"SearchAction","target":{"@type":"EntryPoint","urlTemplate":"https:\/\/staging.kpitrechiro.com\/?s={search_term_string}"},"query-input":"required name=search_term_string"}],"inLanguage":"fr-FR"},{"@type":"Organization","@id":"https:\/\/staging.kpitrechiro.com\/#organization","name":"Dre Kayla Pitre, chiropraticienne - Centre chiropratique de la sant\u00e9 vert\u00e9brale","url":"https:\/\/staging.kpitrechiro.com\/","sameAs":[],"logo":{"@type":"ImageObject","inLanguage":"fr-FR","@id":"https:\/\/staging.kpitrechiro.com\/#\/schema\/logo\/image\/","url":"https:\/\/staging.kpitrechiro.com\/wp-content\/uploads\/2020\/11\/cropped-LOGO-paint-fond-PNG-2.png","contentUrl":"https:\/\/staging.kpitrechiro.com\/wp-content\/uploads\/2020\/11\/cropped-LOGO-paint-fond-PNG-2.png","width":712,"height":606,"caption":"Dre Kayla Pitre, chiropraticienne - Centre chiropratique de la sant\u00e9 vert\u00e9brale"},"image":{"@id":"https:\/\/staging.kpitrechiro.com\/#\/schema\/logo\/image\/"}}]}},"_links":{"self":[{"href":"https:\/\/staging.kpitrechiro.com\/index.php\/wp-json\/wp\/v2\/pages\/1000"}],"collection":[{"href":"https:\/\/staging.kpitrechiro.com\/index.php\/wp-json\/wp\/v2\/pages"}],"about":[{"href":"https:\/\/staging.kpitrechiro.com\/index.php\/wp-json\/wp\/v2\/types\/page"}],"author":[{"embeddable":true,"href":"https:\/\/staging.kpitrechiro.com\/index.php\/wp-json\/wp\/v2\/users\/1"}],"replies":[{"embeddable":true,"href":"https:\/\/staging.kpitrechiro.com\/index.php\/wp-json\/wp\/v2\/comments?post=1000"}],"version-history":[{"count":1,"href":"https:\/\/staging.kpitrechiro.com\/index.php\/wp-json\/wp\/v2\/pages\/1000\/revisions"}],"predecessor-version":[{"id":1002,"href":"https:\/\/staging.kpitrechiro.com\/index.php\/wp-json\/wp\/v2\/pages\/1000\/revisions\/1002"}],"wp:attachment":[{"href":"https:\/\/staging.kpitrechiro.com\/index.php\/wp-json\/wp\/v2\/media?parent=1000"}],"curies":[{"name":"wp","href":"https:\/\/api.w.org\/{rel}","templated":true}]}}