{"id":198,"date":"2020-05-27T15:41:05","date_gmt":"2020-05-27T19:41:05","guid":{"rendered":"https:\/\/chiropratiquesantepitre.wordpress.com\/?page_id=198"},"modified":"2024-05-02T20:16:27","modified_gmt":"2024-05-02T20:16:27","slug":"horaire-et-couts","status":"publish","type":"page","link":"https:\/\/staging.kpitrechiro.com\/index.php\/horaire-et-couts\/","title":{"rendered":"Horaire, 1ere visite et co\u00fbts"},"content":{"rendered":"\n<h4><mark style=\"background-color:rgba(0, 0, 0, 0)\" class=\"has-inline-color has-accent-color\">Horaire du Dre Kayla Pitre, chiropraticienne, D.C.<\/mark><\/h4>\n\n\n\n<p class=\"has-text-align-left\"><strong><mark style=\"background-color:rgba(0, 0, 0, 0)\" class=\"has-inline-color has-subtle-background-color\">Lundi:<\/mark><\/strong><mark style=\"background-color:rgba(0, 0, 0, 0);color:#57aed4\" class=\"has-inline-color\"> <\/mark> 10h00 \u00e0 13h00 &#8211; 15h00 \u00e0 19h00<br><strong><mark style=\"background-color:rgba(0, 0, 0, 0)\" class=\"has-inline-color has-subtle-background-color\">Mardi:<\/mark><\/strong> absente<br><mark style=\"background-color:rgba(0, 0, 0, 0)\" class=\"has-inline-color has-subtle-background-color\"><strong>Mercredi:<\/strong> <\/mark>10h00 \u00e0 13h00 &#8211; 15h00 \u00e0 19h00<br><strong><mark style=\"background-color:rgba(0, 0, 0, 0)\" class=\"has-inline-color has-subtle-background-color\">Jeudi:<\/mark><\/strong> 10h00 \u00e0 13h00 &#8211; 15h00 \u00e0 19h00<br><strong><mark style=\"background-color:rgba(0, 0, 0, 0)\" class=\"has-inline-color has-subtle-background-color\">Vendredi:<\/mark><\/strong> absente<br><\/p>\n\n\n\n<p class=\"has-text-align-left\"><mark style=\"background-color:rgba(0, 0, 0, 0)\" class=\"has-inline-color has-subtle-background-color\"><strong>Samedi:<\/strong> <\/mark>Ferm\u00e9<br><strong><mark style=\"background-color:rgba(0, 0, 0, 0)\" class=\"has-inline-color has-subtle-background-color\">Dimanche:<\/mark><\/strong> Ferm\u00e9<\/p>\n\n\n\n<h4>Liste de prix<\/h4>\n\n\n\n<p><strong>Premi\u00e8re visite: <\/strong>jusqu&rsquo;\u00e0 195$ <br><strong>Ajustement chiropratique<\/strong> <strong>r\u00e9gulier: <\/strong>58$<\/p>\n\n\n\n<p><strong>Ajustement chiropratique \u00e9tudiant\/65ans&amp;+<\/strong>: 53$ <\/p>\n\n\n\n<p><\/p>\n\n\n\n<h2>Comment se d\u00e9roule une premi\u00e8re visite ?<\/h2>\n\n\n\n<h4>Anamn\u00e8se<\/h4>\n\n\n\n<p>L&rsquo;anamn\u00e8se ou l&rsquo;entrevue clinique sera la partie dans laquelle votre docteur en chiropratique vous demandera de d\u00e9crire la ou les raisons de votre consultation. Il sera aussi important pour le docteur de conna\u00eetre l&rsquo;\u00e9tat de votre sant\u00e9 en g\u00e9n\u00e9rale, c&rsquo;est pour cette raison que des questions sur votre \u00e9tat de sant\u00e9 actuel et pass\u00e9 seront pos\u00e9s. Toutes ces informations permettront au docteur d&rsquo;orienter la prochaine \u00e9tape de la visite qui est l&rsquo;examen physique<\/p>\n\n\n\n<h4>Examen physique<\/h4>\n\n\n\n<p>Afin de mieux comprendre la nature de votre probl\u00e8me et de pouvoir poser un diagnostic, un examen physique sera effectu\u00e9. Pendant cet examen, il y aura une analyse de la posture, une \u00e9valuation neurologique et orthop\u00e9dique ainsi qu&rsquo;une \u00e9valuation des restrictions articulaires de la colonne vert\u00e9brale ou toute autre articulation et une palpation musculaire.<\/p>\n\n\n\n<h4>Examens compl\u00e9mentaires<\/h4>\n\n\n\n<p class=\"has-text-align-left\">Il est possible que le docteur en chiropratique d\u00e9cide que des examens additionnels sont n\u00e9cessaires afin de pouvoir poser un meilleur diagnostic. Dans ce cas, il est possible, qu&rsquo;il d\u00e9cide de prendre des radiographies, thermographie, myographe de surface ou analyse de gestion du stress.<\/p>\n\n\n\n<h4>Le diagnostic chiropratique<\/h4>\n\n\n\n<p>Avec toutes les informations recueillies, le docteur en chiropratique sera capable d&rsquo;\u00e9tablir un diagnostic neuro-musculo-squelettique. Lors de votre deuxi\u00e8me visite, il vous indiquera si la chiropratique peut \u00eatre b\u00e9n\u00e9fique pour votre condition, il vous expliquera ce qu&rsquo;est la chiropratique et les soins qu&rsquo;il vous offre  qui seront adapt\u00e9s \u00e0 votre condition et vos objectifs. Si votre condition n&rsquo;est pas un cas chiropratique, il vous orientera vers le bon professionnel de la sant\u00e9 pour \u00eatre certain que vous soyez pris en charge.<\/p>\n\n\n\n<p>Le chiropraticien a la responsabilit\u00e9 de d\u00e9terminer si les soins chiropratiques sont indiqu\u00e9s dans votre cas ou s\u2019il faut les adapter, ou encore s\u2019il est pr\u00e9f\u00e9rable que vous consultiez un autre professionnel (un autre chiropraticien utilisant une approche diff\u00e9rente, ou un professionnel de la sant\u00e9 d\u2019une autre sp\u00e9cialit\u00e9). <strong>Aucun autre professionnel de la sant\u00e9 n\u2019est mieux plac\u00e9 qu\u2019un chiropraticien pour d\u00e9terminer si les soins chiropratiques peuvent vous aider.<\/strong><\/p>\n\n\n\n<p><\/p>\n\n\n\n<h4>Politique d&rsquo;annulation d&rsquo;un rendez-vous<\/h4>\n\n\n\n<p>Les rendez-vous fix\u00e9s vous sont privil\u00e9gi\u00e9s. La r\u00e9gularit\u00e9 de vos rendez-vous est indispensable pour faciliter votre gu\u00e9rison et il est essentiel que vous suiviez fid\u00e8lement les recommandations. Si pour une raison majeure, vous ne pouvez pas vous pr\u00e9senter \u00e0 votre rendez-vous, veuillez-nous aviser au moins 6 heures \u00e0 l\u2019avance pour un <em>ajustement<\/em> et 24 heures \u00e0 l\u2019avance pour tout <em>autre rendez-vous<\/em> (ouverture du dossier, massoth\u00e9rapie, radiographies, rapport d\u2019explications), afin de permettre \u00e0 un autre patient de pouvoir b\u00e9n\u00e9ficier du temps qui vous \u00e9tait allou\u00e9 et \u00e9viter toute pr\u00e9paration non n\u00e9cessaire de notre \u00e9quipe. Des frais d\u2019annulation (pour ne pas avoir respect\u00e9 le d\u00e9lai d\u2019annulation ou pour ne pas s\u2019\u00eatre &nbsp;pr\u00e9sent\u00e9) peuvent \u00eatre appliqu\u00e9s (entre 30$ \u00e0 53$) . Vous pouvez en tout temps laisser un message sur notre bo\u00eete vocale ou envoyer un courriel (sante@kpitrechiro.com).<\/p>\n","protected":false},"excerpt":{"rendered":"<p>Horaire du Dre Kayla Pitre, chiropraticienne, D.C. Lundi: 10h00 \u00e0 13h00 &#8211; 15h00 \u00e0 19h00Mardi: absenteMercredi: 10h00 \u00e0 13h00 &#8211; 15h00 \u00e0 19h00Jeudi: 10h00 \u00e0 13h00 &#8211; 15h00 \u00e0 19h00Vendredi: absente Samedi: Ferm\u00e9Dimanche: Ferm\u00e9 Liste de prix Premi\u00e8re visite: jusqu&rsquo;\u00e0 195$ Ajustement chiropratique r\u00e9gulier: 58$ Ajustement chiropratique \u00e9tudiant\/65ans&amp;+: 53$ Comment se d\u00e9roule une premi\u00e8re visite [&hellip;]<\/p>\n","protected":false},"author":1,"featured_media":0,"parent":0,"menu_order":0,"comment_status":"closed","ping_status":"closed","template":"","meta":[],"yoast_head":"<!-- This site is optimized with the Yoast SEO plugin v19.5.1 - https:\/\/yoast.com\/wordpress\/plugins\/seo\/ -->\n<title>Horaire, 1ere visite et co\u00fbts - Dre Kayla Pitre, chiropraticienne - Centre chiropratique de la sant\u00e9 vert\u00e9brale<\/title>\n<meta name=\"robots\" content=\"index, follow, max-snippet:-1, max-image-preview:large, max-video-preview:-1\" \/>\n<link rel=\"canonical\" href=\"https:\/\/staging.kpitrechiro.com\/index.php\/horaire-et-couts\/\" \/>\n<meta property=\"og:locale\" content=\"fr_FR\" \/>\n<meta property=\"og:type\" content=\"article\" \/>\n<meta property=\"og:title\" content=\"Horaire, 1ere visite et co\u00fbts - Dre Kayla Pitre, chiropraticienne - Centre chiropratique de la sant\u00e9 vert\u00e9brale\" \/>\n<meta property=\"og:description\" content=\"Horaire du Dre Kayla Pitre, chiropraticienne, D.C. Lundi: 10h00 \u00e0 13h00 &#8211; 15h00 \u00e0 19h00Mardi: absenteMercredi: 10h00 \u00e0 13h00 &#8211; 15h00 \u00e0 19h00Jeudi: 10h00 \u00e0 13h00 &#8211; 15h00 \u00e0 19h00Vendredi: absente Samedi: Ferm\u00e9Dimanche: Ferm\u00e9 Liste de prix Premi\u00e8re visite: jusqu&rsquo;\u00e0 195$ Ajustement chiropratique r\u00e9gulier: 58$ Ajustement chiropratique \u00e9tudiant\/65ans&amp;+: 53$ Comment se d\u00e9roule une premi\u00e8re visite [&hellip;]\" \/>\n<meta property=\"og:url\" content=\"https:\/\/staging.kpitrechiro.com\/index.php\/horaire-et-couts\/\" \/>\n<meta property=\"og:site_name\" content=\"Dre Kayla Pitre, chiropraticienne - Centre chiropratique de la sant\u00e9 vert\u00e9brale\" \/>\n<meta property=\"article:modified_time\" content=\"2024-05-02T20:16:27+00:00\" \/>\n<meta name=\"twitter:card\" content=\"summary_large_image\" \/>\n<meta name=\"twitter:label1\" content=\"Dur\u00e9e de lecture estim\u00e9e\" \/>\n\t<meta name=\"twitter:data1\" content=\"3 minutes\" \/>\n<script type=\"application\/ld+json\" class=\"yoast-schema-graph\">{\"@context\":\"https:\/\/schema.org\",\"@graph\":[{\"@type\":\"WebPage\",\"@id\":\"https:\/\/staging.kpitrechiro.com\/index.php\/horaire-et-couts\/\",\"url\":\"https:\/\/staging.kpitrechiro.com\/index.php\/horaire-et-couts\/\",\"name\":\"Horaire, 1ere visite et co\u00fbts - Dre Kayla Pitre, chiropraticienne - Centre chiropratique de la sant\u00e9 vert\u00e9brale\",\"isPartOf\":{\"@id\":\"https:\/\/staging.kpitrechiro.com\/#website\"},\"datePublished\":\"2020-05-27T19:41:05+00:00\",\"dateModified\":\"2024-05-02T20:16:27+00:00\",\"breadcrumb\":{\"@id\":\"https:\/\/staging.kpitrechiro.com\/index.php\/horaire-et-couts\/#breadcrumb\"},\"inLanguage\":\"fr-FR\",\"potentialAction\":[{\"@type\":\"ReadAction\",\"target\":[\"https:\/\/staging.kpitrechiro.com\/index.php\/horaire-et-couts\/\"]}]},{\"@type\":\"BreadcrumbList\",\"@id\":\"https:\/\/staging.kpitrechiro.com\/index.php\/horaire-et-couts\/#breadcrumb\",\"itemListElement\":[{\"@type\":\"ListItem\",\"position\":1,\"name\":\"Accueil\",\"item\":\"https:\/\/staging.kpitrechiro.com\/\"},{\"@type\":\"ListItem\",\"position\":2,\"name\":\"Horaire, 1ere visite et co\u00fbts\"}]},{\"@type\":\"WebSite\",\"@id\":\"https:\/\/staging.kpitrechiro.com\/#website\",\"url\":\"https:\/\/staging.kpitrechiro.com\/\",\"name\":\"Dre Kayla Pitre, chiropraticienne - Centre chiropratique de la sant\u00e9 vert\u00e9brale\",\"description\":\"Soyez la meilleure version de vous-m\u00eame !\",\"publisher\":{\"@id\":\"https:\/\/staging.kpitrechiro.com\/#organization\"},\"potentialAction\":[{\"@type\":\"SearchAction\",\"target\":{\"@type\":\"EntryPoint\",\"urlTemplate\":\"https:\/\/staging.kpitrechiro.com\/?s={search_term_string}\"},\"query-input\":\"required name=search_term_string\"}],\"inLanguage\":\"fr-FR\"},{\"@type\":\"Organization\",\"@id\":\"https:\/\/staging.kpitrechiro.com\/#organization\",\"name\":\"Dre Kayla Pitre, chiropraticienne - Centre chiropratique de la sant\u00e9 vert\u00e9brale\",\"url\":\"https:\/\/staging.kpitrechiro.com\/\",\"sameAs\":[],\"logo\":{\"@type\":\"ImageObject\",\"inLanguage\":\"fr-FR\",\"@id\":\"https:\/\/staging.kpitrechiro.com\/#\/schema\/logo\/image\/\",\"url\":\"https:\/\/staging.kpitrechiro.com\/wp-content\/uploads\/2020\/11\/cropped-LOGO-paint-fond-PNG-2.png\",\"contentUrl\":\"https:\/\/staging.kpitrechiro.com\/wp-content\/uploads\/2020\/11\/cropped-LOGO-paint-fond-PNG-2.png\",\"width\":712,\"height\":606,\"caption\":\"Dre Kayla Pitre, chiropraticienne - Centre chiropratique de la sant\u00e9 vert\u00e9brale\"},\"image\":{\"@id\":\"https:\/\/staging.kpitrechiro.com\/#\/schema\/logo\/image\/\"}}]}<\/script>\n<!-- \/ Yoast SEO plugin. -->","yoast_head_json":{"title":"Horaire, 1ere visite et co\u00fbts - Dre Kayla Pitre, chiropraticienne - Centre chiropratique de la sant\u00e9 vert\u00e9brale","robots":{"index":"index","follow":"follow","max-snippet":"max-snippet:-1","max-image-preview":"max-image-preview:large","max-video-preview":"max-video-preview:-1"},"canonical":"https:\/\/staging.kpitrechiro.com\/index.php\/horaire-et-couts\/","og_locale":"fr_FR","og_type":"article","og_title":"Horaire, 1ere visite et co\u00fbts - Dre Kayla Pitre, chiropraticienne - Centre chiropratique de la sant\u00e9 vert\u00e9brale","og_description":"Horaire du Dre Kayla Pitre, chiropraticienne, D.C. Lundi: 10h00 \u00e0 13h00 &#8211; 15h00 \u00e0 19h00Mardi: absenteMercredi: 10h00 \u00e0 13h00 &#8211; 15h00 \u00e0 19h00Jeudi: 10h00 \u00e0 13h00 &#8211; 15h00 \u00e0 19h00Vendredi: absente Samedi: Ferm\u00e9Dimanche: Ferm\u00e9 Liste de prix Premi\u00e8re visite: jusqu&rsquo;\u00e0 195$ Ajustement chiropratique r\u00e9gulier: 58$ Ajustement chiropratique \u00e9tudiant\/65ans&amp;+: 53$ Comment se d\u00e9roule une premi\u00e8re visite [&hellip;]","og_url":"https:\/\/staging.kpitrechiro.com\/index.php\/horaire-et-couts\/","og_site_name":"Dre Kayla Pitre, chiropraticienne - Centre chiropratique de la sant\u00e9 vert\u00e9brale","article_modified_time":"2024-05-02T20:16:27+00:00","twitter_card":"summary_large_image","twitter_misc":{"Dur\u00e9e de lecture estim\u00e9e":"3 minutes"},"schema":{"@context":"https:\/\/schema.org","@graph":[{"@type":"WebPage","@id":"https:\/\/staging.kpitrechiro.com\/index.php\/horaire-et-couts\/","url":"https:\/\/staging.kpitrechiro.com\/index.php\/horaire-et-couts\/","name":"Horaire, 1ere visite et co\u00fbts - Dre Kayla Pitre, chiropraticienne - Centre chiropratique de la sant\u00e9 vert\u00e9brale","isPartOf":{"@id":"https:\/\/staging.kpitrechiro.com\/#website"},"datePublished":"2020-05-27T19:41:05+00:00","dateModified":"2024-05-02T20:16:27+00:00","breadcrumb":{"@id":"https:\/\/staging.kpitrechiro.com\/index.php\/horaire-et-couts\/#breadcrumb"},"inLanguage":"fr-FR","potentialAction":[{"@type":"ReadAction","target":["https:\/\/staging.kpitrechiro.com\/index.php\/horaire-et-couts\/"]}]},{"@type":"BreadcrumbList","@id":"https:\/\/staging.kpitrechiro.com\/index.php\/horaire-et-couts\/#breadcrumb","itemListElement":[{"@type":"ListItem","position":1,"name":"Accueil","item":"https:\/\/staging.kpitrechiro.com\/"},{"@type":"ListItem","position":2,"name":"Horaire, 1ere visite et co\u00fbts"}]},{"@type":"WebSite","@id":"https:\/\/staging.kpitrechiro.com\/#website","url":"https:\/\/staging.kpitrechiro.com\/","name":"Dre Kayla Pitre, chiropraticienne - Centre chiropratique de la sant\u00e9 vert\u00e9brale","description":"Soyez la meilleure version de vous-m\u00eame !","publisher":{"@id":"https:\/\/staging.kpitrechiro.com\/#organization"},"potentialAction":[{"@type":"SearchAction","target":{"@type":"EntryPoint","urlTemplate":"https:\/\/staging.kpitrechiro.com\/?s={search_term_string}"},"query-input":"required name=search_term_string"}],"inLanguage":"fr-FR"},{"@type":"Organization","@id":"https:\/\/staging.kpitrechiro.com\/#organization","name":"Dre Kayla Pitre, chiropraticienne - Centre chiropratique de la sant\u00e9 vert\u00e9brale","url":"https:\/\/staging.kpitrechiro.com\/","sameAs":[],"logo":{"@type":"ImageObject","inLanguage":"fr-FR","@id":"https:\/\/staging.kpitrechiro.com\/#\/schema\/logo\/image\/","url":"https:\/\/staging.kpitrechiro.com\/wp-content\/uploads\/2020\/11\/cropped-LOGO-paint-fond-PNG-2.png","contentUrl":"https:\/\/staging.kpitrechiro.com\/wp-content\/uploads\/2020\/11\/cropped-LOGO-paint-fond-PNG-2.png","width":712,"height":606,"caption":"Dre Kayla Pitre, chiropraticienne - Centre chiropratique de la sant\u00e9 vert\u00e9brale"},"image":{"@id":"https:\/\/staging.kpitrechiro.com\/#\/schema\/logo\/image\/"}}]}},"_links":{"self":[{"href":"https:\/\/staging.kpitrechiro.com\/index.php\/wp-json\/wp\/v2\/pages\/198"}],"collection":[{"href":"https:\/\/staging.kpitrechiro.com\/index.php\/wp-json\/wp\/v2\/pages"}],"about":[{"href":"https:\/\/staging.kpitrechiro.com\/index.php\/wp-json\/wp\/v2\/types\/page"}],"author":[{"embeddable":true,"href":"https:\/\/staging.kpitrechiro.com\/index.php\/wp-json\/wp\/v2\/users\/1"}],"replies":[{"embeddable":true,"href":"https:\/\/staging.kpitrechiro.com\/index.php\/wp-json\/wp\/v2\/comments?post=198"}],"version-history":[{"count":17,"href":"https:\/\/staging.kpitrechiro.com\/index.php\/wp-json\/wp\/v2\/pages\/198\/revisions"}],"predecessor-version":[{"id":1050,"href":"https:\/\/staging.kpitrechiro.com\/index.php\/wp-json\/wp\/v2\/pages\/198\/revisions\/1050"}],"wp:attachment":[{"href":"https:\/\/staging.kpitrechiro.com\/index.php\/wp-json\/wp\/v2\/media?parent=198"}],"curies":[{"name":"wp","href":"https:\/\/api.w.org\/{rel}","templated":true}]}}