{"id":508,"date":"2021-06-11T15:10:47","date_gmt":"2021-06-11T15:10:47","guid":{"rendered":"https:\/\/staging.kpitrechiro.com\/?page_id=508"},"modified":"2021-07-15T17:49:32","modified_gmt":"2021-07-15T17:49:32","slug":"la-chiropratique-pour-les-bebes-et-les-enfants","status":"publish","type":"page","link":"https:\/\/staging.kpitrechiro.com\/index.php\/6-infolettre\/condition-traitees\/la-chiropratique-pour-les-bebes-et-les-enfants\/","title":{"rendered":"La chiropratique pour les b\u00e9b\u00e9s et les enfants"},"content":{"rendered":"\n<figure class=\"wp-block-image size-large\"><img loading=\"lazy\" width=\"1024\" height=\"683\" src=\"https:\/\/staging.kpitrechiro.com\/wp-content\/uploads\/2021\/06\/192526914_499545738023994_7230838816871669070_n-1024x683.jpg\" alt=\"\" class=\"wp-image-509\" srcset=\"https:\/\/staging.kpitrechiro.com\/wp-content\/uploads\/2021\/06\/192526914_499545738023994_7230838816871669070_n-1024x683.jpg 1024w, https:\/\/staging.kpitrechiro.com\/wp-content\/uploads\/2021\/06\/192526914_499545738023994_7230838816871669070_n-300x200.jpg 300w, https:\/\/staging.kpitrechiro.com\/wp-content\/uploads\/2021\/06\/192526914_499545738023994_7230838816871669070_n-768x512.jpg 768w, https:\/\/staging.kpitrechiro.com\/wp-content\/uploads\/2021\/06\/192526914_499545738023994_7230838816871669070_n-1536x1024.jpg 1536w, https:\/\/staging.kpitrechiro.com\/wp-content\/uploads\/2021\/06\/192526914_499545738023994_7230838816871669070_n-2048x1365.jpg 2048w, https:\/\/staging.kpitrechiro.com\/wp-content\/uploads\/2021\/06\/192526914_499545738023994_7230838816871669070_n-1200x800.jpg 1200w, https:\/\/staging.kpitrechiro.com\/wp-content\/uploads\/2021\/06\/192526914_499545738023994_7230838816871669070_n-1980x1320.jpg 1980w\" sizes=\"(max-width: 1024px) 100vw, 1024px\" \/><\/figure>\n\n\n\n<p>Mais mon enfant n&rsquo;a pas de probl\u00e8me, pourquoi aurait-il besoin d&rsquo;un chiropraticien ?<br><br>Les soins chiropratiques assurent une sant\u00e9 optimale neuro-musculo-squelettique autant chez les adultes que les enfants et m\u00eames les nourrissons.<br><br>Le premier stress que peut subir la colonne vert\u00e9brale est lors de la naissance. Lors de l&rsquo;accouchement ou m\u00eame d&rsquo;une c\u00e9sarienne, il y a un \u00e9norme stress qui se produit sur le cou, les os cr\u00e2niens et le reste de la colonne vert\u00e9brale du nouveau-n\u00e9. Alors les soins chiropratiques chez un enfant qui n&rsquo;a pas de probl\u00e9matique assure un bon mouvement au niveau de la colonne vert\u00e9brale et pr\u00e9vient tout probl\u00e8mes futurs.<br><br>La chiropratique peut aussi aider pour les probl\u00e9matiques suivantes:<br><br>\ud83d\udc49Torticolis cong\u00e9nital<br>\ud83d\udc49Maux d&rsquo;oreilles<br>\ud83d\udc49Coliques<br>\ud83d\udc49T\u00eate plate (plagioc\u00e9phalie)<br>\ud83d\udc49Difficult\u00e9 \u00e0 tourner la t\u00eate d&rsquo;un c\u00f4t\u00e9<br>\ud83d\udc49Difficult\u00e9 \u00e0 prendre le sein<br>\ud83d\udc49Inconfort\/pleurs fr\u00e9quents<\/p>\n\n\n\n<p>Tant qu\u2019un enfant n\u2019a pas \u00e9t\u00e9 \u00e9valu\u00e9 par un chiropraticien, il n\u2019est pas possible de savoir s\u2019il y a des restrictions de mouvements ou des tensions qui peuvent s\u2019aggraver avec le temps et engendrer des probl\u00e8mes plus tard.<\/p>\n","protected":false},"excerpt":{"rendered":"<p>Mais mon enfant n&rsquo;a pas de probl\u00e8me, pourquoi aurait-il besoin d&rsquo;un chiropraticien ? Les soins chiropratiques assurent une sant\u00e9 optimale neuro-musculo-squelettique autant chez les adultes que les enfants et m\u00eames les nourrissons. Le premier stress que peut subir la colonne vert\u00e9brale est lors de la naissance. Lors de l&rsquo;accouchement ou m\u00eame d&rsquo;une c\u00e9sarienne, il y [&hellip;]<\/p>\n","protected":false},"author":1,"featured_media":0,"parent":531,"menu_order":0,"comment_status":"closed","ping_status":"closed","template":"","meta":[],"yoast_head":"<!-- This site is optimized with the Yoast SEO plugin v19.5.1 - https:\/\/yoast.com\/wordpress\/plugins\/seo\/ -->\n<title>La chiropratique pour les b\u00e9b\u00e9s et les enfants - Dre Kayla Pitre, chiropraticienne - Centre chiropratique de la sant\u00e9 vert\u00e9brale<\/title>\n<meta name=\"robots\" content=\"index, follow, max-snippet:-1, max-image-preview:large, max-video-preview:-1\" \/>\n<link rel=\"canonical\" href=\"https:\/\/staging.kpitrechiro.com\/index.php\/6-infolettre\/condition-traitees\/la-chiropratique-pour-les-bebes-et-les-enfants\/\" \/>\n<meta property=\"og:locale\" content=\"fr_FR\" \/>\n<meta property=\"og:type\" content=\"article\" \/>\n<meta property=\"og:title\" content=\"La chiropratique pour les b\u00e9b\u00e9s et les enfants - Dre Kayla Pitre, chiropraticienne - Centre chiropratique de la sant\u00e9 vert\u00e9brale\" \/>\n<meta property=\"og:description\" content=\"Mais mon enfant n&rsquo;a pas de probl\u00e8me, pourquoi aurait-il besoin d&rsquo;un chiropraticien ? Les soins chiropratiques assurent une sant\u00e9 optimale neuro-musculo-squelettique autant chez les adultes que les enfants et m\u00eames les nourrissons. Le premier stress que peut subir la colonne vert\u00e9brale est lors de la naissance. Lors de l&rsquo;accouchement ou m\u00eame d&rsquo;une c\u00e9sarienne, il y [&hellip;]\" \/>\n<meta property=\"og:url\" content=\"https:\/\/staging.kpitrechiro.com\/index.php\/6-infolettre\/condition-traitees\/la-chiropratique-pour-les-bebes-et-les-enfants\/\" \/>\n<meta property=\"og:site_name\" content=\"Dre Kayla Pitre, chiropraticienne - Centre chiropratique de la sant\u00e9 vert\u00e9brale\" \/>\n<meta property=\"article:modified_time\" content=\"2021-07-15T17:49:32+00:00\" \/>\n<meta property=\"og:image\" content=\"https:\/\/staging.kpitrechiro.com\/wp-content\/uploads\/2021\/06\/192526914_499545738023994_7230838816871669070_n-1024x683.jpg\" \/>\n<meta name=\"twitter:card\" content=\"summary_large_image\" \/>\n<meta name=\"twitter:label1\" content=\"Dur\u00e9e de lecture estim\u00e9e\" \/>\n\t<meta name=\"twitter:data1\" content=\"1 minute\" \/>\n<script type=\"application\/ld+json\" class=\"yoast-schema-graph\">{\"@context\":\"https:\/\/schema.org\",\"@graph\":[{\"@type\":\"WebPage\",\"@id\":\"https:\/\/staging.kpitrechiro.com\/index.php\/6-infolettre\/condition-traitees\/la-chiropratique-pour-les-bebes-et-les-enfants\/\",\"url\":\"https:\/\/staging.kpitrechiro.com\/index.php\/6-infolettre\/condition-traitees\/la-chiropratique-pour-les-bebes-et-les-enfants\/\",\"name\":\"La chiropratique pour les b\u00e9b\u00e9s et les enfants - Dre Kayla Pitre, chiropraticienne - Centre chiropratique de la sant\u00e9 vert\u00e9brale\",\"isPartOf\":{\"@id\":\"https:\/\/staging.kpitrechiro.com\/#website\"},\"datePublished\":\"2021-06-11T15:10:47+00:00\",\"dateModified\":\"2021-07-15T17:49:32+00:00\",\"breadcrumb\":{\"@id\":\"https:\/\/staging.kpitrechiro.com\/index.php\/6-infolettre\/condition-traitees\/la-chiropratique-pour-les-bebes-et-les-enfants\/#breadcrumb\"},\"inLanguage\":\"fr-FR\",\"potentialAction\":[{\"@type\":\"ReadAction\",\"target\":[\"https:\/\/staging.kpitrechiro.com\/index.php\/6-infolettre\/condition-traitees\/la-chiropratique-pour-les-bebes-et-les-enfants\/\"]}]},{\"@type\":\"BreadcrumbList\",\"@id\":\"https:\/\/staging.kpitrechiro.com\/index.php\/6-infolettre\/condition-traitees\/la-chiropratique-pour-les-bebes-et-les-enfants\/#breadcrumb\",\"itemListElement\":[{\"@type\":\"ListItem\",\"position\":1,\"name\":\"Accueil\",\"item\":\"https:\/\/staging.kpitrechiro.com\/\"},{\"@type\":\"ListItem\",\"position\":2,\"name\":\"Articles infolettre\",\"item\":\"https:\/\/staging.kpitrechiro.com\/index.php\/6-infolettre\/\"},{\"@type\":\"ListItem\",\"position\":3,\"name\":\"Condition trait\u00e9es\",\"item\":\"https:\/\/staging.kpitrechiro.com\/index.php\/6-infolettre\/condition-traitees\/\"},{\"@type\":\"ListItem\",\"position\":4,\"name\":\"La chiropratique pour les b\u00e9b\u00e9s et les enfants\"}]},{\"@type\":\"WebSite\",\"@id\":\"https:\/\/staging.kpitrechiro.com\/#website\",\"url\":\"https:\/\/staging.kpitrechiro.com\/\",\"name\":\"Dre Kayla Pitre, chiropraticienne - Centre chiropratique de la sant\u00e9 vert\u00e9brale\",\"description\":\"Soyez la meilleure version de vous-m\u00eame !\",\"publisher\":{\"@id\":\"https:\/\/staging.kpitrechiro.com\/#organization\"},\"potentialAction\":[{\"@type\":\"SearchAction\",\"target\":{\"@type\":\"EntryPoint\",\"urlTemplate\":\"https:\/\/staging.kpitrechiro.com\/?s={search_term_string}\"},\"query-input\":\"required name=search_term_string\"}],\"inLanguage\":\"fr-FR\"},{\"@type\":\"Organization\",\"@id\":\"https:\/\/staging.kpitrechiro.com\/#organization\",\"name\":\"Dre Kayla Pitre, chiropraticienne - Centre chiropratique de la sant\u00e9 vert\u00e9brale\",\"url\":\"https:\/\/staging.kpitrechiro.com\/\",\"sameAs\":[],\"logo\":{\"@type\":\"ImageObject\",\"inLanguage\":\"fr-FR\",\"@id\":\"https:\/\/staging.kpitrechiro.com\/#\/schema\/logo\/image\/\",\"url\":\"https:\/\/staging.kpitrechiro.com\/wp-content\/uploads\/2020\/11\/cropped-LOGO-paint-fond-PNG-2.png\",\"contentUrl\":\"https:\/\/staging.kpitrechiro.com\/wp-content\/uploads\/2020\/11\/cropped-LOGO-paint-fond-PNG-2.png\",\"width\":712,\"height\":606,\"caption\":\"Dre Kayla Pitre, chiropraticienne - Centre chiropratique de la sant\u00e9 vert\u00e9brale\"},\"image\":{\"@id\":\"https:\/\/staging.kpitrechiro.com\/#\/schema\/logo\/image\/\"}}]}<\/script>\n<!-- \/ Yoast SEO plugin. -->","yoast_head_json":{"title":"La chiropratique pour les b\u00e9b\u00e9s et les enfants - Dre Kayla Pitre, chiropraticienne - Centre chiropratique de la sant\u00e9 vert\u00e9brale","robots":{"index":"index","follow":"follow","max-snippet":"max-snippet:-1","max-image-preview":"max-image-preview:large","max-video-preview":"max-video-preview:-1"},"canonical":"https:\/\/staging.kpitrechiro.com\/index.php\/6-infolettre\/condition-traitees\/la-chiropratique-pour-les-bebes-et-les-enfants\/","og_locale":"fr_FR","og_type":"article","og_title":"La chiropratique pour les b\u00e9b\u00e9s et les enfants - Dre Kayla Pitre, chiropraticienne - Centre chiropratique de la sant\u00e9 vert\u00e9brale","og_description":"Mais mon enfant n&rsquo;a pas de probl\u00e8me, pourquoi aurait-il besoin d&rsquo;un chiropraticien ? Les soins chiropratiques assurent une sant\u00e9 optimale neuro-musculo-squelettique autant chez les adultes que les enfants et m\u00eames les nourrissons. Le premier stress que peut subir la colonne vert\u00e9brale est lors de la naissance. Lors de l&rsquo;accouchement ou m\u00eame d&rsquo;une c\u00e9sarienne, il y [&hellip;]","og_url":"https:\/\/staging.kpitrechiro.com\/index.php\/6-infolettre\/condition-traitees\/la-chiropratique-pour-les-bebes-et-les-enfants\/","og_site_name":"Dre Kayla Pitre, chiropraticienne - Centre chiropratique de la sant\u00e9 vert\u00e9brale","article_modified_time":"2021-07-15T17:49:32+00:00","og_image":[{"url":"https:\/\/staging.kpitrechiro.com\/wp-content\/uploads\/2021\/06\/192526914_499545738023994_7230838816871669070_n-1024x683.jpg"}],"twitter_card":"summary_large_image","twitter_misc":{"Dur\u00e9e de lecture estim\u00e9e":"1 minute"},"schema":{"@context":"https:\/\/schema.org","@graph":[{"@type":"WebPage","@id":"https:\/\/staging.kpitrechiro.com\/index.php\/6-infolettre\/condition-traitees\/la-chiropratique-pour-les-bebes-et-les-enfants\/","url":"https:\/\/staging.kpitrechiro.com\/index.php\/6-infolettre\/condition-traitees\/la-chiropratique-pour-les-bebes-et-les-enfants\/","name":"La chiropratique pour les b\u00e9b\u00e9s et les enfants - Dre Kayla Pitre, chiropraticienne - Centre chiropratique de la sant\u00e9 vert\u00e9brale","isPartOf":{"@id":"https:\/\/staging.kpitrechiro.com\/#website"},"datePublished":"2021-06-11T15:10:47+00:00","dateModified":"2021-07-15T17:49:32+00:00","breadcrumb":{"@id":"https:\/\/staging.kpitrechiro.com\/index.php\/6-infolettre\/condition-traitees\/la-chiropratique-pour-les-bebes-et-les-enfants\/#breadcrumb"},"inLanguage":"fr-FR","potentialAction":[{"@type":"ReadAction","target":["https:\/\/staging.kpitrechiro.com\/index.php\/6-infolettre\/condition-traitees\/la-chiropratique-pour-les-bebes-et-les-enfants\/"]}]},{"@type":"BreadcrumbList","@id":"https:\/\/staging.kpitrechiro.com\/index.php\/6-infolettre\/condition-traitees\/la-chiropratique-pour-les-bebes-et-les-enfants\/#breadcrumb","itemListElement":[{"@type":"ListItem","position":1,"name":"Accueil","item":"https:\/\/staging.kpitrechiro.com\/"},{"@type":"ListItem","position":2,"name":"Articles infolettre","item":"https:\/\/staging.kpitrechiro.com\/index.php\/6-infolettre\/"},{"@type":"ListItem","position":3,"name":"Condition trait\u00e9es","item":"https:\/\/staging.kpitrechiro.com\/index.php\/6-infolettre\/condition-traitees\/"},{"@type":"ListItem","position":4,"name":"La chiropratique pour les b\u00e9b\u00e9s et les enfants"}]},{"@type":"WebSite","@id":"https:\/\/staging.kpitrechiro.com\/#website","url":"https:\/\/staging.kpitrechiro.com\/","name":"Dre Kayla Pitre, chiropraticienne - Centre chiropratique de la sant\u00e9 vert\u00e9brale","description":"Soyez la meilleure version de vous-m\u00eame !","publisher":{"@id":"https:\/\/staging.kpitrechiro.com\/#organization"},"potentialAction":[{"@type":"SearchAction","target":{"@type":"EntryPoint","urlTemplate":"https:\/\/staging.kpitrechiro.com\/?s={search_term_string}"},"query-input":"required name=search_term_string"}],"inLanguage":"fr-FR"},{"@type":"Organization","@id":"https:\/\/staging.kpitrechiro.com\/#organization","name":"Dre Kayla Pitre, chiropraticienne - Centre chiropratique de la sant\u00e9 vert\u00e9brale","url":"https:\/\/staging.kpitrechiro.com\/","sameAs":[],"logo":{"@type":"ImageObject","inLanguage":"fr-FR","@id":"https:\/\/staging.kpitrechiro.com\/#\/schema\/logo\/image\/","url":"https:\/\/staging.kpitrechiro.com\/wp-content\/uploads\/2020\/11\/cropped-LOGO-paint-fond-PNG-2.png","contentUrl":"https:\/\/staging.kpitrechiro.com\/wp-content\/uploads\/2020\/11\/cropped-LOGO-paint-fond-PNG-2.png","width":712,"height":606,"caption":"Dre Kayla Pitre, chiropraticienne - Centre chiropratique de la sant\u00e9 vert\u00e9brale"},"image":{"@id":"https:\/\/staging.kpitrechiro.com\/#\/schema\/logo\/image\/"}}]}},"_links":{"self":[{"href":"https:\/\/staging.kpitrechiro.com\/index.php\/wp-json\/wp\/v2\/pages\/508"}],"collection":[{"href":"https:\/\/staging.kpitrechiro.com\/index.php\/wp-json\/wp\/v2\/pages"}],"about":[{"href":"https:\/\/staging.kpitrechiro.com\/index.php\/wp-json\/wp\/v2\/types\/page"}],"author":[{"embeddable":true,"href":"https:\/\/staging.kpitrechiro.com\/index.php\/wp-json\/wp\/v2\/users\/1"}],"replies":[{"embeddable":true,"href":"https:\/\/staging.kpitrechiro.com\/index.php\/wp-json\/wp\/v2\/comments?post=508"}],"version-history":[{"count":2,"href":"https:\/\/staging.kpitrechiro.com\/index.php\/wp-json\/wp\/v2\/pages\/508\/revisions"}],"predecessor-version":[{"id":511,"href":"https:\/\/staging.kpitrechiro.com\/index.php\/wp-json\/wp\/v2\/pages\/508\/revisions\/511"}],"up":[{"embeddable":true,"href":"https:\/\/staging.kpitrechiro.com\/index.php\/wp-json\/wp\/v2\/pages\/531"}],"wp:attachment":[{"href":"https:\/\/staging.kpitrechiro.com\/index.php\/wp-json\/wp\/v2\/media?parent=508"}],"curies":[{"name":"wp","href":"https:\/\/api.w.org\/{rel}","templated":true}]}}