{"id":562,"date":"2021-08-26T16:07:19","date_gmt":"2021-08-26T16:07:19","guid":{"rendered":"https:\/\/staging.kpitrechiro.com\/?page_id=562"},"modified":"2022-05-05T20:13:27","modified_gmt":"2022-05-05T20:13:27","slug":"le-syndrome-du-tunnel-carpien","status":"publish","type":"page","link":"https:\/\/staging.kpitrechiro.com\/index.php\/6-infolettre\/condition-traitees\/le-syndrome-du-tunnel-carpien\/","title":{"rendered":"Le syndrome du tunnel carpien"},"content":{"rendered":"\n<p><strong><span style=\"text-decoration: underline;\">Qu&rsquo;est-ce que c&rsquo;est ?<\/span><\/strong><\/p>\n\n\n\n<p>Ce syndrome est caus\u00e9 par la compression du nerf m\u00e9dian au niveau du poignet. Le r\u00e9sultat de cette compression est un engourdissement ou picotement au niveau du pouce, de l\u2019index et du majeur sur la partie palmaire de la main. Il est possible aussi d\u2019avoir une perte de sensation et de force. Il peut \u00eatre difficile d\u2019effectuer certains mouvements avec la main.<\/p>\n\n\n\n<p><strong><span style=\"text-decoration: underline;\">Qu\u2019est-ce qui peut engendrer le syndrome du tunnel carpien&nbsp;?<\/span><\/strong><\/p>\n\n\n\n<ul><li>Postures inad\u00e9quates favorisant une extension ou flexion importante (par exemple du travail \u00e0 l\u2019ordinateur, mauvaise posture du sommeil)<\/li><li>Mouvements r\u00e9p\u00e9titifs<\/li><li>Utilisation prolong\u00e9e et fr\u00e9quente d\u2019outils qui vibrent<\/li><li>Subluxations des os du poignet (restriction de mouvement)<\/li><li>Blessure mal gu\u00e9rie<\/li><li>Ganglion<\/li><li>Effets de la grossesse ou diab\u00e8te ou r\u00e9tention d\u2019eau<\/li><li>Arthrite rhumato\u00efde<\/li><\/ul>\n\n\n\n<p><strong><span style=\"text-decoration: underline;\">Est-ce que le chiropraticien peut m\u2019aider&nbsp;?<\/span><\/strong><\/p>\n\n\n\n<p>Le syndrome du tunnel carpien est une condition qui peut \u00eatre trait\u00e9e en chiropratique. En stimulant le syst\u00e8me nerveux, r\u00e9tablissant la biom\u00e9canique des articulations de la r\u00e9gion (poignet, coude, \u00e9paule et cou) et en s\u2019assurant que l\u2019espace \u00e0 l\u2019int\u00e9rieur du tunnel carpien soit ad\u00e9quatement d\u00e9gag\u00e9, le chiropraticien sera en mesure de diminuer les sympt\u00f4mes de cette condition. Pour atteindre ces objectifs, le chiropraticien effectuera des ajustements chiropratiques des diff\u00e9rentes articulations, du travail musculaire et ligamentaire et donnera des conseils ergonomiques ainsi que des exercices.<\/p>\n\n\n\n<p><strong><span style=\"text-decoration: underline;\">Comment pr\u00e9venir ces douleurs&nbsp;?<\/span><\/strong><\/p>\n\n\n\n<p>Si vous ignorez cette douleur et ne faites rien pour y rem\u00e9dier, elle ne fera qu\u2019empirer. Il y aura une augmentation des sympt\u00f4mes et au fil du temps, la douleur pourra irradier au coude, \u00e0 l\u2019\u00e9paule et au cou. Il est alors important de se faire \u00e9valuer par un chiropraticien d\u00e8s les premiers sympt\u00f4mes et suivre ses conseils et recommandations. Voici quelques conseils qui pourront vous aider \u00e0 la maison&nbsp;:<\/p>\n\n\n\n<ul><li>Avoir une bonne posture de travail<\/li><li>Faire des \u00e9tirements<\/li><li>\u00c9viter les mouvements r\u00e9p\u00e9titifs<\/li><li>Boire assez d\u2019eau<\/li><\/ul>\n\n\n\n<p class=\"has-text-align-right\"><strong>R\u00e9f\u00e9rence:<\/strong> www.monchiro.ca<\/p>\n","protected":false},"excerpt":{"rendered":"<p>Qu&rsquo;est-ce que c&rsquo;est ? Ce syndrome est caus\u00e9 par la compression du nerf m\u00e9dian au niveau du poignet. Le r\u00e9sultat de cette compression est un engourdissement ou picotement au niveau du pouce, de l\u2019index et du majeur sur la partie palmaire de la main. Il est possible aussi d\u2019avoir une perte de sensation et de [&hellip;]<\/p>\n","protected":false},"author":1,"featured_media":0,"parent":531,"menu_order":4,"comment_status":"closed","ping_status":"closed","template":"","meta":[],"yoast_head":"<!-- This site is optimized with the Yoast SEO plugin v19.5.1 - https:\/\/yoast.com\/wordpress\/plugins\/seo\/ -->\n<title>Le syndrome du tunnel carpien - Dre Kayla Pitre, chiropraticienne - Centre chiropratique de la sant\u00e9 vert\u00e9brale<\/title>\n<meta name=\"robots\" content=\"index, follow, max-snippet:-1, max-image-preview:large, max-video-preview:-1\" \/>\n<link rel=\"canonical\" href=\"https:\/\/staging.kpitrechiro.com\/index.php\/6-infolettre\/condition-traitees\/le-syndrome-du-tunnel-carpien\/\" \/>\n<meta property=\"og:locale\" content=\"fr_FR\" \/>\n<meta property=\"og:type\" content=\"article\" \/>\n<meta property=\"og:title\" content=\"Le syndrome du tunnel carpien - Dre Kayla Pitre, chiropraticienne - Centre chiropratique de la sant\u00e9 vert\u00e9brale\" \/>\n<meta property=\"og:description\" content=\"Qu&rsquo;est-ce que c&rsquo;est ? Ce syndrome est caus\u00e9 par la compression du nerf m\u00e9dian au niveau du poignet. Le r\u00e9sultat de cette compression est un engourdissement ou picotement au niveau du pouce, de l\u2019index et du majeur sur la partie palmaire de la main. Il est possible aussi d\u2019avoir une perte de sensation et de [&hellip;]\" \/>\n<meta property=\"og:url\" content=\"https:\/\/staging.kpitrechiro.com\/index.php\/6-infolettre\/condition-traitees\/le-syndrome-du-tunnel-carpien\/\" \/>\n<meta property=\"og:site_name\" content=\"Dre Kayla Pitre, chiropraticienne - Centre chiropratique de la sant\u00e9 vert\u00e9brale\" \/>\n<meta property=\"article:modified_time\" content=\"2022-05-05T20:13:27+00:00\" \/>\n<meta name=\"twitter:card\" content=\"summary_large_image\" \/>\n<meta name=\"twitter:label1\" content=\"Dur\u00e9e de lecture estim\u00e9e\" \/>\n\t<meta name=\"twitter:data1\" content=\"2 minutes\" \/>\n<script type=\"application\/ld+json\" class=\"yoast-schema-graph\">{\"@context\":\"https:\/\/schema.org\",\"@graph\":[{\"@type\":\"WebPage\",\"@id\":\"https:\/\/staging.kpitrechiro.com\/index.php\/6-infolettre\/condition-traitees\/le-syndrome-du-tunnel-carpien\/\",\"url\":\"https:\/\/staging.kpitrechiro.com\/index.php\/6-infolettre\/condition-traitees\/le-syndrome-du-tunnel-carpien\/\",\"name\":\"Le syndrome du tunnel carpien - Dre Kayla Pitre, chiropraticienne - Centre chiropratique de la sant\u00e9 vert\u00e9brale\",\"isPartOf\":{\"@id\":\"https:\/\/staging.kpitrechiro.com\/#website\"},\"datePublished\":\"2021-08-26T16:07:19+00:00\",\"dateModified\":\"2022-05-05T20:13:27+00:00\",\"breadcrumb\":{\"@id\":\"https:\/\/staging.kpitrechiro.com\/index.php\/6-infolettre\/condition-traitees\/le-syndrome-du-tunnel-carpien\/#breadcrumb\"},\"inLanguage\":\"fr-FR\",\"potentialAction\":[{\"@type\":\"ReadAction\",\"target\":[\"https:\/\/staging.kpitrechiro.com\/index.php\/6-infolettre\/condition-traitees\/le-syndrome-du-tunnel-carpien\/\"]}]},{\"@type\":\"BreadcrumbList\",\"@id\":\"https:\/\/staging.kpitrechiro.com\/index.php\/6-infolettre\/condition-traitees\/le-syndrome-du-tunnel-carpien\/#breadcrumb\",\"itemListElement\":[{\"@type\":\"ListItem\",\"position\":1,\"name\":\"Accueil\",\"item\":\"https:\/\/staging.kpitrechiro.com\/\"},{\"@type\":\"ListItem\",\"position\":2,\"name\":\"Articles infolettre\",\"item\":\"https:\/\/staging.kpitrechiro.com\/index.php\/6-infolettre\/\"},{\"@type\":\"ListItem\",\"position\":3,\"name\":\"Condition trait\u00e9es\",\"item\":\"https:\/\/staging.kpitrechiro.com\/index.php\/6-infolettre\/condition-traitees\/\"},{\"@type\":\"ListItem\",\"position\":4,\"name\":\"Le syndrome du tunnel carpien\"}]},{\"@type\":\"WebSite\",\"@id\":\"https:\/\/staging.kpitrechiro.com\/#website\",\"url\":\"https:\/\/staging.kpitrechiro.com\/\",\"name\":\"Dre Kayla Pitre, chiropraticienne - Centre chiropratique de la sant\u00e9 vert\u00e9brale\",\"description\":\"Soyez la meilleure version de vous-m\u00eame !\",\"publisher\":{\"@id\":\"https:\/\/staging.kpitrechiro.com\/#organization\"},\"potentialAction\":[{\"@type\":\"SearchAction\",\"target\":{\"@type\":\"EntryPoint\",\"urlTemplate\":\"https:\/\/staging.kpitrechiro.com\/?s={search_term_string}\"},\"query-input\":\"required name=search_term_string\"}],\"inLanguage\":\"fr-FR\"},{\"@type\":\"Organization\",\"@id\":\"https:\/\/staging.kpitrechiro.com\/#organization\",\"name\":\"Dre Kayla Pitre, chiropraticienne - Centre chiropratique de la sant\u00e9 vert\u00e9brale\",\"url\":\"https:\/\/staging.kpitrechiro.com\/\",\"sameAs\":[],\"logo\":{\"@type\":\"ImageObject\",\"inLanguage\":\"fr-FR\",\"@id\":\"https:\/\/staging.kpitrechiro.com\/#\/schema\/logo\/image\/\",\"url\":\"https:\/\/staging.kpitrechiro.com\/wp-content\/uploads\/2020\/11\/cropped-LOGO-paint-fond-PNG-2.png\",\"contentUrl\":\"https:\/\/staging.kpitrechiro.com\/wp-content\/uploads\/2020\/11\/cropped-LOGO-paint-fond-PNG-2.png\",\"width\":712,\"height\":606,\"caption\":\"Dre Kayla Pitre, chiropraticienne - Centre chiropratique de la sant\u00e9 vert\u00e9brale\"},\"image\":{\"@id\":\"https:\/\/staging.kpitrechiro.com\/#\/schema\/logo\/image\/\"}}]}<\/script>\n<!-- \/ Yoast SEO plugin. -->","yoast_head_json":{"title":"Le syndrome du tunnel carpien - Dre Kayla Pitre, chiropraticienne - Centre chiropratique de la sant\u00e9 vert\u00e9brale","robots":{"index":"index","follow":"follow","max-snippet":"max-snippet:-1","max-image-preview":"max-image-preview:large","max-video-preview":"max-video-preview:-1"},"canonical":"https:\/\/staging.kpitrechiro.com\/index.php\/6-infolettre\/condition-traitees\/le-syndrome-du-tunnel-carpien\/","og_locale":"fr_FR","og_type":"article","og_title":"Le syndrome du tunnel carpien - Dre Kayla Pitre, chiropraticienne - Centre chiropratique de la sant\u00e9 vert\u00e9brale","og_description":"Qu&rsquo;est-ce que c&rsquo;est ? Ce syndrome est caus\u00e9 par la compression du nerf m\u00e9dian au niveau du poignet. Le r\u00e9sultat de cette compression est un engourdissement ou picotement au niveau du pouce, de l\u2019index et du majeur sur la partie palmaire de la main. Il est possible aussi d\u2019avoir une perte de sensation et de [&hellip;]","og_url":"https:\/\/staging.kpitrechiro.com\/index.php\/6-infolettre\/condition-traitees\/le-syndrome-du-tunnel-carpien\/","og_site_name":"Dre Kayla Pitre, chiropraticienne - Centre chiropratique de la sant\u00e9 vert\u00e9brale","article_modified_time":"2022-05-05T20:13:27+00:00","twitter_card":"summary_large_image","twitter_misc":{"Dur\u00e9e de lecture estim\u00e9e":"2 minutes"},"schema":{"@context":"https:\/\/schema.org","@graph":[{"@type":"WebPage","@id":"https:\/\/staging.kpitrechiro.com\/index.php\/6-infolettre\/condition-traitees\/le-syndrome-du-tunnel-carpien\/","url":"https:\/\/staging.kpitrechiro.com\/index.php\/6-infolettre\/condition-traitees\/le-syndrome-du-tunnel-carpien\/","name":"Le syndrome du tunnel carpien - Dre Kayla Pitre, chiropraticienne - Centre chiropratique de la sant\u00e9 vert\u00e9brale","isPartOf":{"@id":"https:\/\/staging.kpitrechiro.com\/#website"},"datePublished":"2021-08-26T16:07:19+00:00","dateModified":"2022-05-05T20:13:27+00:00","breadcrumb":{"@id":"https:\/\/staging.kpitrechiro.com\/index.php\/6-infolettre\/condition-traitees\/le-syndrome-du-tunnel-carpien\/#breadcrumb"},"inLanguage":"fr-FR","potentialAction":[{"@type":"ReadAction","target":["https:\/\/staging.kpitrechiro.com\/index.php\/6-infolettre\/condition-traitees\/le-syndrome-du-tunnel-carpien\/"]}]},{"@type":"BreadcrumbList","@id":"https:\/\/staging.kpitrechiro.com\/index.php\/6-infolettre\/condition-traitees\/le-syndrome-du-tunnel-carpien\/#breadcrumb","itemListElement":[{"@type":"ListItem","position":1,"name":"Accueil","item":"https:\/\/staging.kpitrechiro.com\/"},{"@type":"ListItem","position":2,"name":"Articles infolettre","item":"https:\/\/staging.kpitrechiro.com\/index.php\/6-infolettre\/"},{"@type":"ListItem","position":3,"name":"Condition trait\u00e9es","item":"https:\/\/staging.kpitrechiro.com\/index.php\/6-infolettre\/condition-traitees\/"},{"@type":"ListItem","position":4,"name":"Le syndrome du tunnel carpien"}]},{"@type":"WebSite","@id":"https:\/\/staging.kpitrechiro.com\/#website","url":"https:\/\/staging.kpitrechiro.com\/","name":"Dre Kayla Pitre, chiropraticienne - Centre chiropratique de la sant\u00e9 vert\u00e9brale","description":"Soyez la meilleure version de vous-m\u00eame !","publisher":{"@id":"https:\/\/staging.kpitrechiro.com\/#organization"},"potentialAction":[{"@type":"SearchAction","target":{"@type":"EntryPoint","urlTemplate":"https:\/\/staging.kpitrechiro.com\/?s={search_term_string}"},"query-input":"required name=search_term_string"}],"inLanguage":"fr-FR"},{"@type":"Organization","@id":"https:\/\/staging.kpitrechiro.com\/#organization","name":"Dre Kayla Pitre, chiropraticienne - Centre chiropratique de la sant\u00e9 vert\u00e9brale","url":"https:\/\/staging.kpitrechiro.com\/","sameAs":[],"logo":{"@type":"ImageObject","inLanguage":"fr-FR","@id":"https:\/\/staging.kpitrechiro.com\/#\/schema\/logo\/image\/","url":"https:\/\/staging.kpitrechiro.com\/wp-content\/uploads\/2020\/11\/cropped-LOGO-paint-fond-PNG-2.png","contentUrl":"https:\/\/staging.kpitrechiro.com\/wp-content\/uploads\/2020\/11\/cropped-LOGO-paint-fond-PNG-2.png","width":712,"height":606,"caption":"Dre Kayla Pitre, chiropraticienne - Centre chiropratique de la sant\u00e9 vert\u00e9brale"},"image":{"@id":"https:\/\/staging.kpitrechiro.com\/#\/schema\/logo\/image\/"}}]}},"_links":{"self":[{"href":"https:\/\/staging.kpitrechiro.com\/index.php\/wp-json\/wp\/v2\/pages\/562"}],"collection":[{"href":"https:\/\/staging.kpitrechiro.com\/index.php\/wp-json\/wp\/v2\/pages"}],"about":[{"href":"https:\/\/staging.kpitrechiro.com\/index.php\/wp-json\/wp\/v2\/types\/page"}],"author":[{"embeddable":true,"href":"https:\/\/staging.kpitrechiro.com\/index.php\/wp-json\/wp\/v2\/users\/1"}],"replies":[{"embeddable":true,"href":"https:\/\/staging.kpitrechiro.com\/index.php\/wp-json\/wp\/v2\/comments?post=562"}],"version-history":[{"count":2,"href":"https:\/\/staging.kpitrechiro.com\/index.php\/wp-json\/wp\/v2\/pages\/562\/revisions"}],"predecessor-version":[{"id":809,"href":"https:\/\/staging.kpitrechiro.com\/index.php\/wp-json\/wp\/v2\/pages\/562\/revisions\/809"}],"up":[{"embeddable":true,"href":"https:\/\/staging.kpitrechiro.com\/index.php\/wp-json\/wp\/v2\/pages\/531"}],"wp:attachment":[{"href":"https:\/\/staging.kpitrechiro.com\/index.php\/wp-json\/wp\/v2\/media?parent=562"}],"curies":[{"name":"wp","href":"https:\/\/api.w.org\/{rel}","templated":true}]}}