{"id":674,"date":"2022-01-07T16:52:32","date_gmt":"2022-01-07T16:52:32","guid":{"rendered":"https:\/\/staging.kpitrechiro.com\/?page_id=674"},"modified":"2022-01-07T16:52:32","modified_gmt":"2022-01-07T16:52:32","slug":"les-hernies-discales","status":"publish","type":"page","link":"https:\/\/staging.kpitrechiro.com\/index.php\/6-infolettre\/condition-traitees\/les-hernies-discales\/","title":{"rendered":"Les hernies discales"},"content":{"rendered":"\n<div class=\"wp-block-image\"><figure class=\"aligncenter size-large\"><img loading=\"lazy\" width=\"221\" height=\"299\" src=\"https:\/\/staging.kpitrechiro.com\/wp-content\/uploads\/2022\/01\/hernie.png\" alt=\"\" class=\"wp-image-675\"\/><\/figure><\/div>\n\n\n\n<p><strong><span style=\"text-decoration: underline;\">Qu\u2019est-ce qu\u2019une hernie discale\u00a0?<\/span><\/strong><\/p>\n\n\n\n<p>Entre chaque vert\u00e8bre se trouve un disque intervert\u00e9bral qui est compos\u00e9 de fibrocartilage, lui donnant une texture g\u00e9latineuse. Les r\u00f4les du disque sont d\u2019absorber les chocs et aider aux mouvements des vert\u00e8bres. Lorsqu\u2019il y a une d\u00e9chirure au niveau du disque, le mat\u00e9riel s\u2019\u00e9chappe d\u2019entre les vert\u00e8bres et peut venir comprimer une ou des structures de la r\u00e9gion, comme des racines nerveuses ou la moelle \u00e9pini\u00e8re. C\u2019est ce qu\u2019on appelle une hernie discale.<\/p>\n\n\n\n<p><strong><span style=\"text-decoration: underline;\">Quelles sont les causes\u00a0?<\/span><\/strong><\/p>\n\n\n\n<ul><li>Traumatismes<\/li><li>Mouvements r\u00e9p\u00e9titifs<\/li><li>Accumulation d\u2019efforts inad\u00e9quats<\/li><li>Petits chocs r\u00e9currents<\/li><li>Certaines habitudes de vies (mauvaises postures, s\u00e9dentarit\u00e9, surpoids)<\/li><\/ul>\n\n\n\n<p><strong><span style=\"text-decoration: underline;\">Quels sont les sympt\u00f4mes\u00a0?<\/span><\/strong><\/p>\n\n\n\n<p>Les sympt\u00f4mes peuvent varier en fonction du degr\u00e9 d\u2019atteinte et de la r\u00e9gion touch\u00e9e. Ces sympt\u00f4mes incluent&nbsp;: douleur, raideur, spasmes musculaires, perte de force, engourdissements, picotements, br\u00fblure, irradiation dans les membres.<\/p>\n\n\n\n<p><strong><u>Attention&nbsp;!<\/u><\/strong> Certaines hernies peuvent causer ce que l\u2019on appelle un syndrome de la queue de cheval qui est une compression des racines nerveuses situ\u00e9es \u00e0 la fin de la moelle \u00e9pini\u00e8re. Consultez imm\u00e9diatement si vous avez les sympt\u00f4mes suivants : engourdissement ou perte de sensibilit\u00e9 au niveau des organes g\u00e9nitaux, incontinence urinaire ou f\u00e9cale, faiblesses importantes ou paralysie d\u2019une ou des deux jambes<\/p>\n\n\n\n<p><strong><span style=\"text-decoration: underline;\">Comment la chiropratique peut aider\u00a0?<\/span><\/strong><\/p>\n\n\n\n<p>Le chiropraticien est qualifi\u00e9 pour traiter les hernies discales. S\u2019il croit que votre condition est hors de son champ de pratique, il pourra vous diriger vers le bon professionnel de la sant\u00e9. Voici comment le chiropraticien pourra vous aider&nbsp;:<\/p>\n\n\n\n<ol type=\"1\"><li>Manipulations articulaires&nbsp;: avec des ajustements chiropratiques ou des mobilisations, il sera en mesure de s\u2019attaquer \u00e0 la source du probl\u00e8me et ainsi aider \u00e0 soulager la douleur<\/li><li>Travail musculaire&nbsp;: diminution des tensions musculaires<\/li><li>Prescriptions d\u2019exercices<\/li><li>Conseils ergonomiques&nbsp;<\/li><\/ol>\n\n\n\n<p><strong>Des \u00e9tudes ont d\u00e9montr\u00e9 que les manipulations vert\u00e9brales sont efficaces pour soulager les maux de dos aigus et douleurs sciatiques caus\u00e9s par une protrusion discale et que les personnes ayant re\u00e7u des manipulations vert\u00e9brales \u00e9taient de retour plus rapidement au travail.<\/strong><strong><\/strong><\/p>\n\n\n\n<p>R\u00e9f\u00e9rence&nbsp;: <a href=\"https:\/\/monchiro.ca\/maux-de-dos\/hernie-discale\/\">Hernie discale &#8211; Quoi faire pour soulager la douleur et \u00e9viter les r\u00e9cidives (monchiro.ca)<\/a><\/p>\n","protected":false},"excerpt":{"rendered":"<p>Qu\u2019est-ce qu\u2019une hernie discale\u00a0? Entre chaque vert\u00e8bre se trouve un disque intervert\u00e9bral qui est compos\u00e9 de fibrocartilage, lui donnant une texture g\u00e9latineuse. Les r\u00f4les du disque sont d\u2019absorber les chocs et aider aux mouvements des vert\u00e8bres. Lorsqu\u2019il y a une d\u00e9chirure au niveau du disque, le mat\u00e9riel s\u2019\u00e9chappe d\u2019entre les vert\u00e8bres et peut venir comprimer [&hellip;]<\/p>\n","protected":false},"author":1,"featured_media":0,"parent":531,"menu_order":0,"comment_status":"closed","ping_status":"closed","template":"","meta":[],"yoast_head":"<!-- This site is optimized with the Yoast SEO plugin v19.5.1 - https:\/\/yoast.com\/wordpress\/plugins\/seo\/ -->\n<title>Les hernies discales - Dre Kayla Pitre, chiropraticienne - Centre chiropratique de la sant\u00e9 vert\u00e9brale<\/title>\n<meta name=\"robots\" content=\"index, follow, max-snippet:-1, max-image-preview:large, max-video-preview:-1\" \/>\n<link rel=\"canonical\" href=\"https:\/\/staging.kpitrechiro.com\/index.php\/6-infolettre\/condition-traitees\/les-hernies-discales\/\" \/>\n<meta property=\"og:locale\" content=\"fr_FR\" \/>\n<meta property=\"og:type\" content=\"article\" \/>\n<meta property=\"og:title\" content=\"Les hernies discales - Dre Kayla Pitre, chiropraticienne - Centre chiropratique de la sant\u00e9 vert\u00e9brale\" \/>\n<meta property=\"og:description\" content=\"Qu\u2019est-ce qu\u2019une hernie discale\u00a0? Entre chaque vert\u00e8bre se trouve un disque intervert\u00e9bral qui est compos\u00e9 de fibrocartilage, lui donnant une texture g\u00e9latineuse. Les r\u00f4les du disque sont d\u2019absorber les chocs et aider aux mouvements des vert\u00e8bres. Lorsqu\u2019il y a une d\u00e9chirure au niveau du disque, le mat\u00e9riel s\u2019\u00e9chappe d\u2019entre les vert\u00e8bres et peut venir comprimer [&hellip;]\" \/>\n<meta property=\"og:url\" content=\"https:\/\/staging.kpitrechiro.com\/index.php\/6-infolettre\/condition-traitees\/les-hernies-discales\/\" \/>\n<meta property=\"og:site_name\" content=\"Dre Kayla Pitre, chiropraticienne - Centre chiropratique de la sant\u00e9 vert\u00e9brale\" \/>\n<meta property=\"og:image\" content=\"https:\/\/staging.kpitrechiro.com\/wp-content\/uploads\/2022\/01\/hernie.png\" \/>\n<meta name=\"twitter:card\" content=\"summary_large_image\" \/>\n<meta name=\"twitter:label1\" content=\"Dur\u00e9e de lecture estim\u00e9e\" \/>\n\t<meta name=\"twitter:data1\" content=\"2 minutes\" \/>\n<script type=\"application\/ld+json\" class=\"yoast-schema-graph\">{\"@context\":\"https:\/\/schema.org\",\"@graph\":[{\"@type\":\"WebPage\",\"@id\":\"https:\/\/staging.kpitrechiro.com\/index.php\/6-infolettre\/condition-traitees\/les-hernies-discales\/\",\"url\":\"https:\/\/staging.kpitrechiro.com\/index.php\/6-infolettre\/condition-traitees\/les-hernies-discales\/\",\"name\":\"Les hernies discales - Dre Kayla Pitre, chiropraticienne - Centre chiropratique de la sant\u00e9 vert\u00e9brale\",\"isPartOf\":{\"@id\":\"https:\/\/staging.kpitrechiro.com\/#website\"},\"datePublished\":\"2022-01-07T16:52:32+00:00\",\"dateModified\":\"2022-01-07T16:52:32+00:00\",\"breadcrumb\":{\"@id\":\"https:\/\/staging.kpitrechiro.com\/index.php\/6-infolettre\/condition-traitees\/les-hernies-discales\/#breadcrumb\"},\"inLanguage\":\"fr-FR\",\"potentialAction\":[{\"@type\":\"ReadAction\",\"target\":[\"https:\/\/staging.kpitrechiro.com\/index.php\/6-infolettre\/condition-traitees\/les-hernies-discales\/\"]}]},{\"@type\":\"BreadcrumbList\",\"@id\":\"https:\/\/staging.kpitrechiro.com\/index.php\/6-infolettre\/condition-traitees\/les-hernies-discales\/#breadcrumb\",\"itemListElement\":[{\"@type\":\"ListItem\",\"position\":1,\"name\":\"Accueil\",\"item\":\"https:\/\/staging.kpitrechiro.com\/\"},{\"@type\":\"ListItem\",\"position\":2,\"name\":\"Articles infolettre\",\"item\":\"https:\/\/staging.kpitrechiro.com\/index.php\/6-infolettre\/\"},{\"@type\":\"ListItem\",\"position\":3,\"name\":\"Condition trait\u00e9es\",\"item\":\"https:\/\/staging.kpitrechiro.com\/index.php\/6-infolettre\/condition-traitees\/\"},{\"@type\":\"ListItem\",\"position\":4,\"name\":\"Les hernies discales\"}]},{\"@type\":\"WebSite\",\"@id\":\"https:\/\/staging.kpitrechiro.com\/#website\",\"url\":\"https:\/\/staging.kpitrechiro.com\/\",\"name\":\"Dre Kayla Pitre, chiropraticienne - Centre chiropratique de la sant\u00e9 vert\u00e9brale\",\"description\":\"Soyez la meilleure version de vous-m\u00eame !\",\"publisher\":{\"@id\":\"https:\/\/staging.kpitrechiro.com\/#organization\"},\"potentialAction\":[{\"@type\":\"SearchAction\",\"target\":{\"@type\":\"EntryPoint\",\"urlTemplate\":\"https:\/\/staging.kpitrechiro.com\/?s={search_term_string}\"},\"query-input\":\"required name=search_term_string\"}],\"inLanguage\":\"fr-FR\"},{\"@type\":\"Organization\",\"@id\":\"https:\/\/staging.kpitrechiro.com\/#organization\",\"name\":\"Dre Kayla Pitre, chiropraticienne - Centre chiropratique de la sant\u00e9 vert\u00e9brale\",\"url\":\"https:\/\/staging.kpitrechiro.com\/\",\"sameAs\":[],\"logo\":{\"@type\":\"ImageObject\",\"inLanguage\":\"fr-FR\",\"@id\":\"https:\/\/staging.kpitrechiro.com\/#\/schema\/logo\/image\/\",\"url\":\"https:\/\/staging.kpitrechiro.com\/wp-content\/uploads\/2020\/11\/cropped-LOGO-paint-fond-PNG-2.png\",\"contentUrl\":\"https:\/\/staging.kpitrechiro.com\/wp-content\/uploads\/2020\/11\/cropped-LOGO-paint-fond-PNG-2.png\",\"width\":712,\"height\":606,\"caption\":\"Dre Kayla Pitre, chiropraticienne - Centre chiropratique de la sant\u00e9 vert\u00e9brale\"},\"image\":{\"@id\":\"https:\/\/staging.kpitrechiro.com\/#\/schema\/logo\/image\/\"}}]}<\/script>\n<!-- \/ Yoast SEO plugin. -->","yoast_head_json":{"title":"Les hernies discales - Dre Kayla Pitre, chiropraticienne - Centre chiropratique de la sant\u00e9 vert\u00e9brale","robots":{"index":"index","follow":"follow","max-snippet":"max-snippet:-1","max-image-preview":"max-image-preview:large","max-video-preview":"max-video-preview:-1"},"canonical":"https:\/\/staging.kpitrechiro.com\/index.php\/6-infolettre\/condition-traitees\/les-hernies-discales\/","og_locale":"fr_FR","og_type":"article","og_title":"Les hernies discales - Dre Kayla Pitre, chiropraticienne - Centre chiropratique de la sant\u00e9 vert\u00e9brale","og_description":"Qu\u2019est-ce qu\u2019une hernie discale\u00a0? Entre chaque vert\u00e8bre se trouve un disque intervert\u00e9bral qui est compos\u00e9 de fibrocartilage, lui donnant une texture g\u00e9latineuse. Les r\u00f4les du disque sont d\u2019absorber les chocs et aider aux mouvements des vert\u00e8bres. Lorsqu\u2019il y a une d\u00e9chirure au niveau du disque, le mat\u00e9riel s\u2019\u00e9chappe d\u2019entre les vert\u00e8bres et peut venir comprimer [&hellip;]","og_url":"https:\/\/staging.kpitrechiro.com\/index.php\/6-infolettre\/condition-traitees\/les-hernies-discales\/","og_site_name":"Dre Kayla Pitre, chiropraticienne - Centre chiropratique de la sant\u00e9 vert\u00e9brale","og_image":[{"url":"https:\/\/staging.kpitrechiro.com\/wp-content\/uploads\/2022\/01\/hernie.png"}],"twitter_card":"summary_large_image","twitter_misc":{"Dur\u00e9e de lecture estim\u00e9e":"2 minutes"},"schema":{"@context":"https:\/\/schema.org","@graph":[{"@type":"WebPage","@id":"https:\/\/staging.kpitrechiro.com\/index.php\/6-infolettre\/condition-traitees\/les-hernies-discales\/","url":"https:\/\/staging.kpitrechiro.com\/index.php\/6-infolettre\/condition-traitees\/les-hernies-discales\/","name":"Les hernies discales - Dre Kayla Pitre, chiropraticienne - Centre chiropratique de la sant\u00e9 vert\u00e9brale","isPartOf":{"@id":"https:\/\/staging.kpitrechiro.com\/#website"},"datePublished":"2022-01-07T16:52:32+00:00","dateModified":"2022-01-07T16:52:32+00:00","breadcrumb":{"@id":"https:\/\/staging.kpitrechiro.com\/index.php\/6-infolettre\/condition-traitees\/les-hernies-discales\/#breadcrumb"},"inLanguage":"fr-FR","potentialAction":[{"@type":"ReadAction","target":["https:\/\/staging.kpitrechiro.com\/index.php\/6-infolettre\/condition-traitees\/les-hernies-discales\/"]}]},{"@type":"BreadcrumbList","@id":"https:\/\/staging.kpitrechiro.com\/index.php\/6-infolettre\/condition-traitees\/les-hernies-discales\/#breadcrumb","itemListElement":[{"@type":"ListItem","position":1,"name":"Accueil","item":"https:\/\/staging.kpitrechiro.com\/"},{"@type":"ListItem","position":2,"name":"Articles infolettre","item":"https:\/\/staging.kpitrechiro.com\/index.php\/6-infolettre\/"},{"@type":"ListItem","position":3,"name":"Condition trait\u00e9es","item":"https:\/\/staging.kpitrechiro.com\/index.php\/6-infolettre\/condition-traitees\/"},{"@type":"ListItem","position":4,"name":"Les hernies discales"}]},{"@type":"WebSite","@id":"https:\/\/staging.kpitrechiro.com\/#website","url":"https:\/\/staging.kpitrechiro.com\/","name":"Dre Kayla Pitre, chiropraticienne - Centre chiropratique de la sant\u00e9 vert\u00e9brale","description":"Soyez la meilleure version de vous-m\u00eame !","publisher":{"@id":"https:\/\/staging.kpitrechiro.com\/#organization"},"potentialAction":[{"@type":"SearchAction","target":{"@type":"EntryPoint","urlTemplate":"https:\/\/staging.kpitrechiro.com\/?s={search_term_string}"},"query-input":"required name=search_term_string"}],"inLanguage":"fr-FR"},{"@type":"Organization","@id":"https:\/\/staging.kpitrechiro.com\/#organization","name":"Dre Kayla Pitre, chiropraticienne - Centre chiropratique de la sant\u00e9 vert\u00e9brale","url":"https:\/\/staging.kpitrechiro.com\/","sameAs":[],"logo":{"@type":"ImageObject","inLanguage":"fr-FR","@id":"https:\/\/staging.kpitrechiro.com\/#\/schema\/logo\/image\/","url":"https:\/\/staging.kpitrechiro.com\/wp-content\/uploads\/2020\/11\/cropped-LOGO-paint-fond-PNG-2.png","contentUrl":"https:\/\/staging.kpitrechiro.com\/wp-content\/uploads\/2020\/11\/cropped-LOGO-paint-fond-PNG-2.png","width":712,"height":606,"caption":"Dre Kayla Pitre, chiropraticienne - Centre chiropratique de la sant\u00e9 vert\u00e9brale"},"image":{"@id":"https:\/\/staging.kpitrechiro.com\/#\/schema\/logo\/image\/"}}]}},"_links":{"self":[{"href":"https:\/\/staging.kpitrechiro.com\/index.php\/wp-json\/wp\/v2\/pages\/674"}],"collection":[{"href":"https:\/\/staging.kpitrechiro.com\/index.php\/wp-json\/wp\/v2\/pages"}],"about":[{"href":"https:\/\/staging.kpitrechiro.com\/index.php\/wp-json\/wp\/v2\/types\/page"}],"author":[{"embeddable":true,"href":"https:\/\/staging.kpitrechiro.com\/index.php\/wp-json\/wp\/v2\/users\/1"}],"replies":[{"embeddable":true,"href":"https:\/\/staging.kpitrechiro.com\/index.php\/wp-json\/wp\/v2\/comments?post=674"}],"version-history":[{"count":1,"href":"https:\/\/staging.kpitrechiro.com\/index.php\/wp-json\/wp\/v2\/pages\/674\/revisions"}],"predecessor-version":[{"id":676,"href":"https:\/\/staging.kpitrechiro.com\/index.php\/wp-json\/wp\/v2\/pages\/674\/revisions\/676"}],"up":[{"embeddable":true,"href":"https:\/\/staging.kpitrechiro.com\/index.php\/wp-json\/wp\/v2\/pages\/531"}],"wp:attachment":[{"href":"https:\/\/staging.kpitrechiro.com\/index.php\/wp-json\/wp\/v2\/media?parent=674"}],"curies":[{"name":"wp","href":"https:\/\/api.w.org\/{rel}","templated":true}]}}