{"id":680,"date":"2022-01-07T16:58:19","date_gmt":"2022-01-07T16:58:19","guid":{"rendered":"https:\/\/staging.kpitrechiro.com\/?page_id=680"},"modified":"2022-05-05T20:14:25","modified_gmt":"2022-05-05T20:14:25","slug":"les-soupes-en-cannes","status":"publish","type":"page","link":"https:\/\/staging.kpitrechiro.com\/index.php\/6-infolettre\/mise-en-garde-sante\/les-soupes-en-cannes\/","title":{"rendered":"Les soupes en cannes"},"content":{"rendered":"\n<p><strong>Temps froid \u00e9gal repas r\u00e9confortant. Une bonne soupe chaude en hiver, \u00e7a vous dit&nbsp;? Par contre, faites attention si c\u2019est une soupe en canne, car la majorit\u00e9 des produits en cannes ont des effets n\u00e9fastes pour la sant\u00e9. Voici pourquoi&nbsp;:<\/strong><strong><\/strong><\/p>\n\n\n\n<ol type=\"1\"><li><strong><span style=\"text-decoration: underline;\">Taux \u00e9lev\u00e9 en sels<\/span><\/strong><\/li><\/ol>\n\n\n\n<p>Il y a plusieurs raisons pourquoi il y a une pr\u00e9sence \u00e9lev\u00e9e en sels dans les cannages. Le sodium joue un r\u00f4le dans la conservation en r\u00e9duisant la croissance d\u2019agents pathog\u00e8nes et d\u2019organismes. Il joue aussi un r\u00f4le dans l\u2019am\u00e9lioration de la texture et du go\u00fbt. Il n\u2019y a pas seulement le sel qui est ajout\u00e9 au cannage, mais aussi d\u2019autres agents de conservation qui ont des effets n\u00e9fastes sur la sant\u00e9.<\/p>\n\n\n\n<ul><li><strong><span style=\"text-decoration: underline;\">Perte de nutriments<\/span><\/strong><\/li><\/ul>\n\n\n\n<p>En raison des temp\u00e9ratures et des pressions \u00e9lev\u00e9es requises pendant le processus de cannage, un grand nombre de nutriment est perdu, rendant alors les aliments en canne, moins nutritifs.<\/p>\n\n\n\n<ul><li><strong><span style=\"text-decoration: underline;\">Pr\u00e9sence de bisph\u00e9nol A (BPA)<\/span><\/strong><\/li><\/ul>\n\n\n\n<p>Ceci est un produit chimique utilis\u00e9 dans le cannage pour pr\u00e9venir la corrosion. Lorsque le BPA est ing\u00e9r\u00e9 par l\u2019homme, il est transform\u00e9 par le foie en bisph\u00e9nol A-glucuronide, un compos\u00e9 hautement soluble dans l\u2019eau. Le BPA est un perturbateur endocrinien connu&nbsp;!<\/p>\n\n\n\n<p>Alors avant de faire vos r\u00e9serves en cannes pour l\u2019hiver, pensez-y bien&nbsp;! Il est facile de faire son propre bouillon qui peut \u00eatre facilement congel\u00e9.<\/p>\n\n\n\n<p><strong>R\u00e9f\u00e9rences:<\/strong><\/p>\n\n\n\n<p>Hartle, Jennifer C et al. \u201cThe consumption of canned food and beverages and urinary Bisphenol A concentrations in NHANES 2003-2008.\u201d&nbsp;<em>Environmental research<\/em>&nbsp;vol. 150 (2016): 375-382. doi:10.1016\/j.envres.2016.06.008<em><\/em><\/p>\n\n\n\n<p><em>Peng, C.-Y., Tsai, E.-M., Kao, T.-H., Lai, T.-C., Liang, S.-S., Chiu, C.-C., &amp; Wang, T.-N. (2019). Canned food intake and urinary bisphenol a concentrations: a randomized crossover intervention study. Environmental Science and Pollution Research. doi:10.1007\/s11356-019-05534-y&nbsp;<\/em><\/p>\n\n\n\n<p>Arcand, J., Au, J. T., Schermel, A., &amp; L&rsquo;Abbe, M. R. (2014). A comprehensive analysis of sodium levels in the Canadian packaged food supply.&nbsp;<em>American journal of preventive medicine<\/em>,&nbsp;<em>46<\/em>(6), 633\u2013642. <a href=\"https:\/\/doi.org\/10.1016\/j.amepre.2014.01.012\">https:\/\/doi.org\/10.1016\/j.amepre.2014.01.012<\/a><\/p>\n\n\n\n<p>Institute of Medicine (US) Committee on Strategies to Reduce Sodium Intake; Henney JE, Taylor CL, Boon CS, editors. Strategies to Reduce Sodium Intake in the United States. Washington (DC): National Academies Press (US); 2010. 4, Preservation and Physical Property Roles of Sodium in Foods.<em><\/em><\/p>\n","protected":false},"excerpt":{"rendered":"<p>Temps froid \u00e9gal repas r\u00e9confortant. Une bonne soupe chaude en hiver, \u00e7a vous dit&nbsp;? Par contre, faites attention si c\u2019est une soupe en canne, car la majorit\u00e9 des produits en cannes ont des effets n\u00e9fastes pour la sant\u00e9. Voici pourquoi&nbsp;: Taux \u00e9lev\u00e9 en sels Il y a plusieurs raisons pourquoi il y a une pr\u00e9sence [&hellip;]<\/p>\n","protected":false},"author":1,"featured_media":0,"parent":546,"menu_order":0,"comment_status":"closed","ping_status":"closed","template":"","meta":[],"yoast_head":"<!-- This site is optimized with the Yoast SEO plugin v19.5.1 - https:\/\/yoast.com\/wordpress\/plugins\/seo\/ -->\n<title>Les soupes en cannes - Dre Kayla Pitre, chiropraticienne - Centre chiropratique de la sant\u00e9 vert\u00e9brale<\/title>\n<meta name=\"robots\" content=\"index, follow, max-snippet:-1, max-image-preview:large, max-video-preview:-1\" \/>\n<link rel=\"canonical\" href=\"https:\/\/staging.kpitrechiro.com\/index.php\/6-infolettre\/mise-en-garde-sante\/les-soupes-en-cannes\/\" \/>\n<meta property=\"og:locale\" content=\"fr_FR\" \/>\n<meta property=\"og:type\" content=\"article\" \/>\n<meta property=\"og:title\" content=\"Les soupes en cannes - Dre Kayla Pitre, chiropraticienne - Centre chiropratique de la sant\u00e9 vert\u00e9brale\" \/>\n<meta property=\"og:description\" content=\"Temps froid \u00e9gal repas r\u00e9confortant. Une bonne soupe chaude en hiver, \u00e7a vous dit&nbsp;? Par contre, faites attention si c\u2019est une soupe en canne, car la majorit\u00e9 des produits en cannes ont des effets n\u00e9fastes pour la sant\u00e9. Voici pourquoi&nbsp;: Taux \u00e9lev\u00e9 en sels Il y a plusieurs raisons pourquoi il y a une pr\u00e9sence [&hellip;]\" \/>\n<meta property=\"og:url\" content=\"https:\/\/staging.kpitrechiro.com\/index.php\/6-infolettre\/mise-en-garde-sante\/les-soupes-en-cannes\/\" \/>\n<meta property=\"og:site_name\" content=\"Dre Kayla Pitre, chiropraticienne - Centre chiropratique de la sant\u00e9 vert\u00e9brale\" \/>\n<meta property=\"article:modified_time\" content=\"2022-05-05T20:14:25+00:00\" \/>\n<meta name=\"twitter:card\" content=\"summary_large_image\" \/>\n<meta name=\"twitter:label1\" content=\"Dur\u00e9e de lecture estim\u00e9e\" \/>\n\t<meta name=\"twitter:data1\" content=\"2 minutes\" \/>\n<script type=\"application\/ld+json\" class=\"yoast-schema-graph\">{\"@context\":\"https:\/\/schema.org\",\"@graph\":[{\"@type\":\"WebPage\",\"@id\":\"https:\/\/staging.kpitrechiro.com\/index.php\/6-infolettre\/mise-en-garde-sante\/les-soupes-en-cannes\/\",\"url\":\"https:\/\/staging.kpitrechiro.com\/index.php\/6-infolettre\/mise-en-garde-sante\/les-soupes-en-cannes\/\",\"name\":\"Les soupes en cannes - Dre Kayla Pitre, chiropraticienne - Centre chiropratique de la sant\u00e9 vert\u00e9brale\",\"isPartOf\":{\"@id\":\"https:\/\/staging.kpitrechiro.com\/#website\"},\"datePublished\":\"2022-01-07T16:58:19+00:00\",\"dateModified\":\"2022-05-05T20:14:25+00:00\",\"breadcrumb\":{\"@id\":\"https:\/\/staging.kpitrechiro.com\/index.php\/6-infolettre\/mise-en-garde-sante\/les-soupes-en-cannes\/#breadcrumb\"},\"inLanguage\":\"fr-FR\",\"potentialAction\":[{\"@type\":\"ReadAction\",\"target\":[\"https:\/\/staging.kpitrechiro.com\/index.php\/6-infolettre\/mise-en-garde-sante\/les-soupes-en-cannes\/\"]}]},{\"@type\":\"BreadcrumbList\",\"@id\":\"https:\/\/staging.kpitrechiro.com\/index.php\/6-infolettre\/mise-en-garde-sante\/les-soupes-en-cannes\/#breadcrumb\",\"itemListElement\":[{\"@type\":\"ListItem\",\"position\":1,\"name\":\"Accueil\",\"item\":\"https:\/\/staging.kpitrechiro.com\/\"},{\"@type\":\"ListItem\",\"position\":2,\"name\":\"Articles infolettre\",\"item\":\"https:\/\/staging.kpitrechiro.com\/index.php\/6-infolettre\/\"},{\"@type\":\"ListItem\",\"position\":3,\"name\":\"Mise en garde sant\u00e9\",\"item\":\"https:\/\/staging.kpitrechiro.com\/index.php\/6-infolettre\/mise-en-garde-sante\/\"},{\"@type\":\"ListItem\",\"position\":4,\"name\":\"Les soupes en cannes\"}]},{\"@type\":\"WebSite\",\"@id\":\"https:\/\/staging.kpitrechiro.com\/#website\",\"url\":\"https:\/\/staging.kpitrechiro.com\/\",\"name\":\"Dre Kayla Pitre, chiropraticienne - Centre chiropratique de la sant\u00e9 vert\u00e9brale\",\"description\":\"Soyez la meilleure version de vous-m\u00eame !\",\"publisher\":{\"@id\":\"https:\/\/staging.kpitrechiro.com\/#organization\"},\"potentialAction\":[{\"@type\":\"SearchAction\",\"target\":{\"@type\":\"EntryPoint\",\"urlTemplate\":\"https:\/\/staging.kpitrechiro.com\/?s={search_term_string}\"},\"query-input\":\"required name=search_term_string\"}],\"inLanguage\":\"fr-FR\"},{\"@type\":\"Organization\",\"@id\":\"https:\/\/staging.kpitrechiro.com\/#organization\",\"name\":\"Dre Kayla Pitre, chiropraticienne - Centre chiropratique de la sant\u00e9 vert\u00e9brale\",\"url\":\"https:\/\/staging.kpitrechiro.com\/\",\"sameAs\":[],\"logo\":{\"@type\":\"ImageObject\",\"inLanguage\":\"fr-FR\",\"@id\":\"https:\/\/staging.kpitrechiro.com\/#\/schema\/logo\/image\/\",\"url\":\"https:\/\/staging.kpitrechiro.com\/wp-content\/uploads\/2020\/11\/cropped-LOGO-paint-fond-PNG-2.png\",\"contentUrl\":\"https:\/\/staging.kpitrechiro.com\/wp-content\/uploads\/2020\/11\/cropped-LOGO-paint-fond-PNG-2.png\",\"width\":712,\"height\":606,\"caption\":\"Dre Kayla Pitre, chiropraticienne - Centre chiropratique de la sant\u00e9 vert\u00e9brale\"},\"image\":{\"@id\":\"https:\/\/staging.kpitrechiro.com\/#\/schema\/logo\/image\/\"}}]}<\/script>\n<!-- \/ Yoast SEO plugin. -->","yoast_head_json":{"title":"Les soupes en cannes - Dre Kayla Pitre, chiropraticienne - Centre chiropratique de la sant\u00e9 vert\u00e9brale","robots":{"index":"index","follow":"follow","max-snippet":"max-snippet:-1","max-image-preview":"max-image-preview:large","max-video-preview":"max-video-preview:-1"},"canonical":"https:\/\/staging.kpitrechiro.com\/index.php\/6-infolettre\/mise-en-garde-sante\/les-soupes-en-cannes\/","og_locale":"fr_FR","og_type":"article","og_title":"Les soupes en cannes - Dre Kayla Pitre, chiropraticienne - Centre chiropratique de la sant\u00e9 vert\u00e9brale","og_description":"Temps froid \u00e9gal repas r\u00e9confortant. Une bonne soupe chaude en hiver, \u00e7a vous dit&nbsp;? Par contre, faites attention si c\u2019est une soupe en canne, car la majorit\u00e9 des produits en cannes ont des effets n\u00e9fastes pour la sant\u00e9. Voici pourquoi&nbsp;: Taux \u00e9lev\u00e9 en sels Il y a plusieurs raisons pourquoi il y a une pr\u00e9sence [&hellip;]","og_url":"https:\/\/staging.kpitrechiro.com\/index.php\/6-infolettre\/mise-en-garde-sante\/les-soupes-en-cannes\/","og_site_name":"Dre Kayla Pitre, chiropraticienne - Centre chiropratique de la sant\u00e9 vert\u00e9brale","article_modified_time":"2022-05-05T20:14:25+00:00","twitter_card":"summary_large_image","twitter_misc":{"Dur\u00e9e de lecture estim\u00e9e":"2 minutes"},"schema":{"@context":"https:\/\/schema.org","@graph":[{"@type":"WebPage","@id":"https:\/\/staging.kpitrechiro.com\/index.php\/6-infolettre\/mise-en-garde-sante\/les-soupes-en-cannes\/","url":"https:\/\/staging.kpitrechiro.com\/index.php\/6-infolettre\/mise-en-garde-sante\/les-soupes-en-cannes\/","name":"Les soupes en cannes - Dre Kayla Pitre, chiropraticienne - Centre chiropratique de la sant\u00e9 vert\u00e9brale","isPartOf":{"@id":"https:\/\/staging.kpitrechiro.com\/#website"},"datePublished":"2022-01-07T16:58:19+00:00","dateModified":"2022-05-05T20:14:25+00:00","breadcrumb":{"@id":"https:\/\/staging.kpitrechiro.com\/index.php\/6-infolettre\/mise-en-garde-sante\/les-soupes-en-cannes\/#breadcrumb"},"inLanguage":"fr-FR","potentialAction":[{"@type":"ReadAction","target":["https:\/\/staging.kpitrechiro.com\/index.php\/6-infolettre\/mise-en-garde-sante\/les-soupes-en-cannes\/"]}]},{"@type":"BreadcrumbList","@id":"https:\/\/staging.kpitrechiro.com\/index.php\/6-infolettre\/mise-en-garde-sante\/les-soupes-en-cannes\/#breadcrumb","itemListElement":[{"@type":"ListItem","position":1,"name":"Accueil","item":"https:\/\/staging.kpitrechiro.com\/"},{"@type":"ListItem","position":2,"name":"Articles infolettre","item":"https:\/\/staging.kpitrechiro.com\/index.php\/6-infolettre\/"},{"@type":"ListItem","position":3,"name":"Mise en garde sant\u00e9","item":"https:\/\/staging.kpitrechiro.com\/index.php\/6-infolettre\/mise-en-garde-sante\/"},{"@type":"ListItem","position":4,"name":"Les soupes en cannes"}]},{"@type":"WebSite","@id":"https:\/\/staging.kpitrechiro.com\/#website","url":"https:\/\/staging.kpitrechiro.com\/","name":"Dre Kayla Pitre, chiropraticienne - Centre chiropratique de la sant\u00e9 vert\u00e9brale","description":"Soyez la meilleure version de vous-m\u00eame !","publisher":{"@id":"https:\/\/staging.kpitrechiro.com\/#organization"},"potentialAction":[{"@type":"SearchAction","target":{"@type":"EntryPoint","urlTemplate":"https:\/\/staging.kpitrechiro.com\/?s={search_term_string}"},"query-input":"required name=search_term_string"}],"inLanguage":"fr-FR"},{"@type":"Organization","@id":"https:\/\/staging.kpitrechiro.com\/#organization","name":"Dre Kayla Pitre, chiropraticienne - Centre chiropratique de la sant\u00e9 vert\u00e9brale","url":"https:\/\/staging.kpitrechiro.com\/","sameAs":[],"logo":{"@type":"ImageObject","inLanguage":"fr-FR","@id":"https:\/\/staging.kpitrechiro.com\/#\/schema\/logo\/image\/","url":"https:\/\/staging.kpitrechiro.com\/wp-content\/uploads\/2020\/11\/cropped-LOGO-paint-fond-PNG-2.png","contentUrl":"https:\/\/staging.kpitrechiro.com\/wp-content\/uploads\/2020\/11\/cropped-LOGO-paint-fond-PNG-2.png","width":712,"height":606,"caption":"Dre Kayla Pitre, chiropraticienne - Centre chiropratique de la sant\u00e9 vert\u00e9brale"},"image":{"@id":"https:\/\/staging.kpitrechiro.com\/#\/schema\/logo\/image\/"}}]}},"_links":{"self":[{"href":"https:\/\/staging.kpitrechiro.com\/index.php\/wp-json\/wp\/v2\/pages\/680"}],"collection":[{"href":"https:\/\/staging.kpitrechiro.com\/index.php\/wp-json\/wp\/v2\/pages"}],"about":[{"href":"https:\/\/staging.kpitrechiro.com\/index.php\/wp-json\/wp\/v2\/types\/page"}],"author":[{"embeddable":true,"href":"https:\/\/staging.kpitrechiro.com\/index.php\/wp-json\/wp\/v2\/users\/1"}],"replies":[{"embeddable":true,"href":"https:\/\/staging.kpitrechiro.com\/index.php\/wp-json\/wp\/v2\/comments?post=680"}],"version-history":[{"count":2,"href":"https:\/\/staging.kpitrechiro.com\/index.php\/wp-json\/wp\/v2\/pages\/680\/revisions"}],"predecessor-version":[{"id":812,"href":"https:\/\/staging.kpitrechiro.com\/index.php\/wp-json\/wp\/v2\/pages\/680\/revisions\/812"}],"up":[{"embeddable":true,"href":"https:\/\/staging.kpitrechiro.com\/index.php\/wp-json\/wp\/v2\/pages\/546"}],"wp:attachment":[{"href":"https:\/\/staging.kpitrechiro.com\/index.php\/wp-json\/wp\/v2\/media?parent=680"}],"curies":[{"name":"wp","href":"https:\/\/api.w.org\/{rel}","templated":true}]}}