{"id":707,"date":"2022-03-07T21:58:04","date_gmt":"2022-03-07T21:58:04","guid":{"rendered":"https:\/\/staging.kpitrechiro.com\/?page_id=707"},"modified":"2022-05-05T20:12:52","modified_gmt":"2022-05-05T20:12:52","slug":"la-fasciite-plantaire","status":"publish","type":"page","link":"https:\/\/staging.kpitrechiro.com\/index.php\/6-infolettre\/condition-traitees\/la-fasciite-plantaire\/","title":{"rendered":"La fasciite plantaire"},"content":{"rendered":"\n<p><strong><span style=\"text-decoration: underline;\">C\u2019est quoi&nbsp;?<\/span><\/strong><\/p>\n\n\n\n<ul><li>C\u2019est une inflammation du fascia plantaire qui est une \u00e9paisse bande de tissus qui relie le talon aux orteils.<\/li><\/ul>\n\n\n\n<p><strong><span style=\"text-decoration: underline;\">Quels sont les sympt\u00f4mes&nbsp;?<\/span><\/strong><\/p>\n\n\n\n<ul><li>Douleur lancinante au talon ou sous le pied<\/li><li>Les premiers pas du matin sont tr\u00e8s douloureux<\/li><li>Fatigue du pied en fin de journ\u00e9e<\/li><li>La douleur peut augmenter apr\u00e8s la marche, la course, une longue p\u00e9riode debout<\/li><\/ul>\n\n\n\n<p><strong><span style=\"text-decoration: underline;\">Et les causes&nbsp;?<\/span><\/strong><\/p>\n\n\n\n<ul><li>Mauvaise ergonomie (mauvaise chaussure, mauvaise posture)<\/li><li>Blessures de surutilisation chez certain athl\u00e8tes (coureurs, joueurs de basketball)<\/li><li>Surpoids<\/li><li>Mauvaises biom\u00e9caniques<\/li><\/ul>\n\n\n\n<p><strong><span style=\"text-decoration: underline;\">Comment le chiropratique peut aider&nbsp;?<\/span><\/strong><\/p>\n\n\n\n<p>Les douleurs reli\u00e9es \u00e0 la fasciite plantaire peuvent durer entre 6 \u00e0 18 mois sans traitements. Chez 97% des personnes avec une fasciite plantaire qui suivent un traitement, leurs douleurs disparaissent en moins de 6 mois.<\/p>\n\n\n\n<p>Dans son plan de traitement, le chiropraticien offrira des ajustements chiropratiques, des mobilisations articulaires et du travail musculaire afin de diminuer la douleur dans la r\u00e9gion et augmenter la mobilit\u00e9. Il vous proposera aussi des \u00e9tirements sp\u00e9cifiques et des conseils ergonomiques<\/p>\n","protected":false},"excerpt":{"rendered":"<p>C\u2019est quoi&nbsp;? C\u2019est une inflammation du fascia plantaire qui est une \u00e9paisse bande de tissus qui relie le talon aux orteils. Quels sont les sympt\u00f4mes&nbsp;? Douleur lancinante au talon ou sous le pied Les premiers pas du matin sont tr\u00e8s douloureux Fatigue du pied en fin de journ\u00e9e La douleur peut augmenter apr\u00e8s la marche, [&hellip;]<\/p>\n","protected":false},"author":1,"featured_media":0,"parent":531,"menu_order":0,"comment_status":"closed","ping_status":"closed","template":"","meta":[],"yoast_head":"<!-- This site is optimized with the Yoast SEO plugin v19.5.1 - https:\/\/yoast.com\/wordpress\/plugins\/seo\/ -->\n<title>La fasciite plantaire - Dre Kayla Pitre, chiropraticienne - Centre chiropratique de la sant\u00e9 vert\u00e9brale<\/title>\n<meta name=\"robots\" content=\"index, follow, max-snippet:-1, max-image-preview:large, max-video-preview:-1\" \/>\n<link rel=\"canonical\" href=\"https:\/\/staging.kpitrechiro.com\/index.php\/6-infolettre\/condition-traitees\/la-fasciite-plantaire\/\" \/>\n<meta property=\"og:locale\" content=\"fr_FR\" \/>\n<meta property=\"og:type\" content=\"article\" \/>\n<meta property=\"og:title\" content=\"La fasciite plantaire - Dre Kayla Pitre, chiropraticienne - Centre chiropratique de la sant\u00e9 vert\u00e9brale\" \/>\n<meta property=\"og:description\" content=\"C\u2019est quoi&nbsp;? C\u2019est une inflammation du fascia plantaire qui est une \u00e9paisse bande de tissus qui relie le talon aux orteils. Quels sont les sympt\u00f4mes&nbsp;? Douleur lancinante au talon ou sous le pied Les premiers pas du matin sont tr\u00e8s douloureux Fatigue du pied en fin de journ\u00e9e La douleur peut augmenter apr\u00e8s la marche, [&hellip;]\" \/>\n<meta property=\"og:url\" content=\"https:\/\/staging.kpitrechiro.com\/index.php\/6-infolettre\/condition-traitees\/la-fasciite-plantaire\/\" \/>\n<meta property=\"og:site_name\" content=\"Dre Kayla Pitre, chiropraticienne - Centre chiropratique de la sant\u00e9 vert\u00e9brale\" \/>\n<meta property=\"article:modified_time\" content=\"2022-05-05T20:12:52+00:00\" \/>\n<meta name=\"twitter:card\" content=\"summary_large_image\" \/>\n<meta name=\"twitter:label1\" content=\"Dur\u00e9e de lecture estim\u00e9e\" \/>\n\t<meta name=\"twitter:data1\" content=\"1 minute\" \/>\n<script type=\"application\/ld+json\" class=\"yoast-schema-graph\">{\"@context\":\"https:\/\/schema.org\",\"@graph\":[{\"@type\":\"WebPage\",\"@id\":\"https:\/\/staging.kpitrechiro.com\/index.php\/6-infolettre\/condition-traitees\/la-fasciite-plantaire\/\",\"url\":\"https:\/\/staging.kpitrechiro.com\/index.php\/6-infolettre\/condition-traitees\/la-fasciite-plantaire\/\",\"name\":\"La fasciite plantaire - Dre Kayla Pitre, chiropraticienne - Centre chiropratique de la sant\u00e9 vert\u00e9brale\",\"isPartOf\":{\"@id\":\"https:\/\/staging.kpitrechiro.com\/#website\"},\"datePublished\":\"2022-03-07T21:58:04+00:00\",\"dateModified\":\"2022-05-05T20:12:52+00:00\",\"breadcrumb\":{\"@id\":\"https:\/\/staging.kpitrechiro.com\/index.php\/6-infolettre\/condition-traitees\/la-fasciite-plantaire\/#breadcrumb\"},\"inLanguage\":\"fr-FR\",\"potentialAction\":[{\"@type\":\"ReadAction\",\"target\":[\"https:\/\/staging.kpitrechiro.com\/index.php\/6-infolettre\/condition-traitees\/la-fasciite-plantaire\/\"]}]},{\"@type\":\"BreadcrumbList\",\"@id\":\"https:\/\/staging.kpitrechiro.com\/index.php\/6-infolettre\/condition-traitees\/la-fasciite-plantaire\/#breadcrumb\",\"itemListElement\":[{\"@type\":\"ListItem\",\"position\":1,\"name\":\"Accueil\",\"item\":\"https:\/\/staging.kpitrechiro.com\/\"},{\"@type\":\"ListItem\",\"position\":2,\"name\":\"Articles infolettre\",\"item\":\"https:\/\/staging.kpitrechiro.com\/index.php\/6-infolettre\/\"},{\"@type\":\"ListItem\",\"position\":3,\"name\":\"Condition trait\u00e9es\",\"item\":\"https:\/\/staging.kpitrechiro.com\/index.php\/6-infolettre\/condition-traitees\/\"},{\"@type\":\"ListItem\",\"position\":4,\"name\":\"La fasciite plantaire\"}]},{\"@type\":\"WebSite\",\"@id\":\"https:\/\/staging.kpitrechiro.com\/#website\",\"url\":\"https:\/\/staging.kpitrechiro.com\/\",\"name\":\"Dre Kayla Pitre, chiropraticienne - Centre chiropratique de la sant\u00e9 vert\u00e9brale\",\"description\":\"Soyez la meilleure version de vous-m\u00eame !\",\"publisher\":{\"@id\":\"https:\/\/staging.kpitrechiro.com\/#organization\"},\"potentialAction\":[{\"@type\":\"SearchAction\",\"target\":{\"@type\":\"EntryPoint\",\"urlTemplate\":\"https:\/\/staging.kpitrechiro.com\/?s={search_term_string}\"},\"query-input\":\"required name=search_term_string\"}],\"inLanguage\":\"fr-FR\"},{\"@type\":\"Organization\",\"@id\":\"https:\/\/staging.kpitrechiro.com\/#organization\",\"name\":\"Dre Kayla Pitre, chiropraticienne - Centre chiropratique de la sant\u00e9 vert\u00e9brale\",\"url\":\"https:\/\/staging.kpitrechiro.com\/\",\"sameAs\":[],\"logo\":{\"@type\":\"ImageObject\",\"inLanguage\":\"fr-FR\",\"@id\":\"https:\/\/staging.kpitrechiro.com\/#\/schema\/logo\/image\/\",\"url\":\"https:\/\/staging.kpitrechiro.com\/wp-content\/uploads\/2020\/11\/cropped-LOGO-paint-fond-PNG-2.png\",\"contentUrl\":\"https:\/\/staging.kpitrechiro.com\/wp-content\/uploads\/2020\/11\/cropped-LOGO-paint-fond-PNG-2.png\",\"width\":712,\"height\":606,\"caption\":\"Dre Kayla Pitre, chiropraticienne - Centre chiropratique de la sant\u00e9 vert\u00e9brale\"},\"image\":{\"@id\":\"https:\/\/staging.kpitrechiro.com\/#\/schema\/logo\/image\/\"}}]}<\/script>\n<!-- \/ Yoast SEO plugin. -->","yoast_head_json":{"title":"La fasciite plantaire - Dre Kayla Pitre, chiropraticienne - Centre chiropratique de la sant\u00e9 vert\u00e9brale","robots":{"index":"index","follow":"follow","max-snippet":"max-snippet:-1","max-image-preview":"max-image-preview:large","max-video-preview":"max-video-preview:-1"},"canonical":"https:\/\/staging.kpitrechiro.com\/index.php\/6-infolettre\/condition-traitees\/la-fasciite-plantaire\/","og_locale":"fr_FR","og_type":"article","og_title":"La fasciite plantaire - Dre Kayla Pitre, chiropraticienne - Centre chiropratique de la sant\u00e9 vert\u00e9brale","og_description":"C\u2019est quoi&nbsp;? C\u2019est une inflammation du fascia plantaire qui est une \u00e9paisse bande de tissus qui relie le talon aux orteils. Quels sont les sympt\u00f4mes&nbsp;? Douleur lancinante au talon ou sous le pied Les premiers pas du matin sont tr\u00e8s douloureux Fatigue du pied en fin de journ\u00e9e La douleur peut augmenter apr\u00e8s la marche, [&hellip;]","og_url":"https:\/\/staging.kpitrechiro.com\/index.php\/6-infolettre\/condition-traitees\/la-fasciite-plantaire\/","og_site_name":"Dre Kayla Pitre, chiropraticienne - Centre chiropratique de la sant\u00e9 vert\u00e9brale","article_modified_time":"2022-05-05T20:12:52+00:00","twitter_card":"summary_large_image","twitter_misc":{"Dur\u00e9e de lecture estim\u00e9e":"1 minute"},"schema":{"@context":"https:\/\/schema.org","@graph":[{"@type":"WebPage","@id":"https:\/\/staging.kpitrechiro.com\/index.php\/6-infolettre\/condition-traitees\/la-fasciite-plantaire\/","url":"https:\/\/staging.kpitrechiro.com\/index.php\/6-infolettre\/condition-traitees\/la-fasciite-plantaire\/","name":"La fasciite plantaire - Dre Kayla Pitre, chiropraticienne - Centre chiropratique de la sant\u00e9 vert\u00e9brale","isPartOf":{"@id":"https:\/\/staging.kpitrechiro.com\/#website"},"datePublished":"2022-03-07T21:58:04+00:00","dateModified":"2022-05-05T20:12:52+00:00","breadcrumb":{"@id":"https:\/\/staging.kpitrechiro.com\/index.php\/6-infolettre\/condition-traitees\/la-fasciite-plantaire\/#breadcrumb"},"inLanguage":"fr-FR","potentialAction":[{"@type":"ReadAction","target":["https:\/\/staging.kpitrechiro.com\/index.php\/6-infolettre\/condition-traitees\/la-fasciite-plantaire\/"]}]},{"@type":"BreadcrumbList","@id":"https:\/\/staging.kpitrechiro.com\/index.php\/6-infolettre\/condition-traitees\/la-fasciite-plantaire\/#breadcrumb","itemListElement":[{"@type":"ListItem","position":1,"name":"Accueil","item":"https:\/\/staging.kpitrechiro.com\/"},{"@type":"ListItem","position":2,"name":"Articles infolettre","item":"https:\/\/staging.kpitrechiro.com\/index.php\/6-infolettre\/"},{"@type":"ListItem","position":3,"name":"Condition trait\u00e9es","item":"https:\/\/staging.kpitrechiro.com\/index.php\/6-infolettre\/condition-traitees\/"},{"@type":"ListItem","position":4,"name":"La fasciite plantaire"}]},{"@type":"WebSite","@id":"https:\/\/staging.kpitrechiro.com\/#website","url":"https:\/\/staging.kpitrechiro.com\/","name":"Dre Kayla Pitre, chiropraticienne - Centre chiropratique de la sant\u00e9 vert\u00e9brale","description":"Soyez la meilleure version de vous-m\u00eame !","publisher":{"@id":"https:\/\/staging.kpitrechiro.com\/#organization"},"potentialAction":[{"@type":"SearchAction","target":{"@type":"EntryPoint","urlTemplate":"https:\/\/staging.kpitrechiro.com\/?s={search_term_string}"},"query-input":"required name=search_term_string"}],"inLanguage":"fr-FR"},{"@type":"Organization","@id":"https:\/\/staging.kpitrechiro.com\/#organization","name":"Dre Kayla Pitre, chiropraticienne - Centre chiropratique de la sant\u00e9 vert\u00e9brale","url":"https:\/\/staging.kpitrechiro.com\/","sameAs":[],"logo":{"@type":"ImageObject","inLanguage":"fr-FR","@id":"https:\/\/staging.kpitrechiro.com\/#\/schema\/logo\/image\/","url":"https:\/\/staging.kpitrechiro.com\/wp-content\/uploads\/2020\/11\/cropped-LOGO-paint-fond-PNG-2.png","contentUrl":"https:\/\/staging.kpitrechiro.com\/wp-content\/uploads\/2020\/11\/cropped-LOGO-paint-fond-PNG-2.png","width":712,"height":606,"caption":"Dre Kayla Pitre, chiropraticienne - Centre chiropratique de la sant\u00e9 vert\u00e9brale"},"image":{"@id":"https:\/\/staging.kpitrechiro.com\/#\/schema\/logo\/image\/"}}]}},"_links":{"self":[{"href":"https:\/\/staging.kpitrechiro.com\/index.php\/wp-json\/wp\/v2\/pages\/707"}],"collection":[{"href":"https:\/\/staging.kpitrechiro.com\/index.php\/wp-json\/wp\/v2\/pages"}],"about":[{"href":"https:\/\/staging.kpitrechiro.com\/index.php\/wp-json\/wp\/v2\/types\/page"}],"author":[{"embeddable":true,"href":"https:\/\/staging.kpitrechiro.com\/index.php\/wp-json\/wp\/v2\/users\/1"}],"replies":[{"embeddable":true,"href":"https:\/\/staging.kpitrechiro.com\/index.php\/wp-json\/wp\/v2\/comments?post=707"}],"version-history":[{"count":2,"href":"https:\/\/staging.kpitrechiro.com\/index.php\/wp-json\/wp\/v2\/pages\/707\/revisions"}],"predecessor-version":[{"id":806,"href":"https:\/\/staging.kpitrechiro.com\/index.php\/wp-json\/wp\/v2\/pages\/707\/revisions\/806"}],"up":[{"embeddable":true,"href":"https:\/\/staging.kpitrechiro.com\/index.php\/wp-json\/wp\/v2\/pages\/531"}],"wp:attachment":[{"href":"https:\/\/staging.kpitrechiro.com\/index.php\/wp-json\/wp\/v2\/media?parent=707"}],"curies":[{"name":"wp","href":"https:\/\/api.w.org\/{rel}","templated":true}]}}