{"id":8,"date":"2020-03-26T20:03:47","date_gmt":"2020-03-26T20:03:47","guid":{"rendered":"https:\/\/chiropratiquesantepitre.wordpress.com\/?page_id=7"},"modified":"2023-09-19T13:41:07","modified_gmt":"2023-09-19T13:41:07","slug":"contact","status":"publish","type":"page","link":"https:\/\/staging.kpitrechiro.com\/","title":{"rendered":"Bienvenue"},"content":{"rendered":"\n<div class=\"wp-block-media-text alignfull has-media-on-the-right is-stacked-on-mobile is-image-fill has-background has-primary-background-color has-background\" style=\"grid-template-columns:auto 41%\"><figure class=\"wp-block-media-text__media\" style=\"background-image:url(https:\/\/staging.kpitrechiro.com\/wp-content\/uploads\/2020\/11\/123466980_1089842181470850_6923754437747870677_n-1.png);background-position:46% 20%\"><img loading=\"lazy\" width=\"715\" height=\"950\" src=\"https:\/\/staging.kpitrechiro.com\/wp-content\/uploads\/2020\/11\/123466980_1089842181470850_6923754437747870677_n-1.png\" alt=\"\" class=\"wp-image-246 size-full\" srcset=\"https:\/\/staging.kpitrechiro.com\/wp-content\/uploads\/2020\/11\/123466980_1089842181470850_6923754437747870677_n-1.png 715w, https:\/\/staging.kpitrechiro.com\/wp-content\/uploads\/2020\/11\/123466980_1089842181470850_6923754437747870677_n-1-226x300.png 226w\" sizes=\"(max-width: 715px) 100vw, 715px\" \/><\/figure><div class=\"wp-block-media-text__content\">\n<div style=\"height:64px\" aria-hidden=\"true\" class=\"wp-block-spacer\"><\/div>\n\n\n\n<h3>Dre Kayla Pitre, chiropraticienne, D.C.<\/h3>\n\n\n\n<p class=\"has-text-align-center\">Passionn\u00e9e par la chiropratique depuis un jeune \u00e2ge, ma mission est de pouvoir vous aider \u00e0 retrouver et optimiser votre \u00e9tat de sant\u00e9 de mani\u00e8re naturelle afin de vous permettre d&rsquo;\u00eatre la meilleure version de vous-m\u00eame en assurant une communication optimale entre votre cerveau et le reste de votre corps.<\/p>\n\n\n\n<div class=\"wp-block-button aligncenter is-style-outline\"><a class=\"wp-block-button__link has-background-color has-text-color\" href=\"https:\/\/staging.kpitrechiro.com\/index.php\/about\/\" style=\"border-radius:50px\">En savoir plus sur moi<\/a><\/div>\n\n\n\n<div style=\"height:64px\" aria-hidden=\"true\" class=\"wp-block-spacer\"><\/div>\n<\/div><\/div>\n\n\n\n<h2>La chiropratique pour&#8230;<\/h2>\n\n\n\n<figure class=\"wp-container-2 wp-block-gallery-1 wp-block-gallery alignwide has-nested-images columns-default is-cropped\">\n<figure class=\"wp-block-image size-medium\"><img loading=\"lazy\" width=\"235\" height=\"300\" data-id=\"258\"  src=\"https:\/\/staging.kpitrechiro.com\/wp-content\/uploads\/2020\/11\/67474594_2411902665498990_4577315692965003264_o-235x300.jpg\" alt=\"\" class=\"wp-image-258\" srcset=\"https:\/\/staging.kpitrechiro.com\/wp-content\/uploads\/2020\/11\/67474594_2411902665498990_4577315692965003264_o-235x300.jpg 235w, https:\/\/staging.kpitrechiro.com\/wp-content\/uploads\/2020\/11\/67474594_2411902665498990_4577315692965003264_o-804x1024.jpg 804w, https:\/\/staging.kpitrechiro.com\/wp-content\/uploads\/2020\/11\/67474594_2411902665498990_4577315692965003264_o-768x979.jpg 768w, https:\/\/staging.kpitrechiro.com\/wp-content\/uploads\/2020\/11\/67474594_2411902665498990_4577315692965003264_o.jpg 1131w\" sizes=\"(max-width: 235px) 100vw, 235px\" \/><figcaption>Les enfants<\/figcaption><\/figure>\n\n\n\n<figure class=\"wp-block-image size-medium\"><img loading=\"lazy\" width=\"300\" height=\"226\" data-id=\"259\"  src=\"https:\/\/staging.kpitrechiro.com\/wp-content\/uploads\/2020\/11\/Capture-decran-2019-07-29-a-10.48.39-300x226.png\" alt=\"\" class=\"wp-image-259\" srcset=\"https:\/\/staging.kpitrechiro.com\/wp-content\/uploads\/2020\/11\/Capture-decran-2019-07-29-a-10.48.39-300x226.png 300w, https:\/\/staging.kpitrechiro.com\/wp-content\/uploads\/2020\/11\/Capture-decran-2019-07-29-a-10.48.39.png 344w\" sizes=\"(max-width: 300px) 100vw, 300px\" \/><figcaption>Les nouveaux-n\u00e9s<\/figcaption><\/figure>\n\n\n\n<figure class=\"wp-block-image size-medium\"><img loading=\"lazy\" width=\"300\" height=\"255\" data-id=\"860\"  src=\"https:\/\/staging.kpitrechiro.com\/wp-content\/uploads\/2022\/07\/enceinte-300x255.jpg\" alt=\"\" class=\"wp-image-860\" srcset=\"https:\/\/staging.kpitrechiro.com\/wp-content\/uploads\/2022\/07\/enceinte-300x255.jpg 300w, https:\/\/staging.kpitrechiro.com\/wp-content\/uploads\/2022\/07\/enceinte.jpg 450w\" sizes=\"(max-width: 300px) 100vw, 300px\" \/><figcaption>Les femmes enceintes<\/figcaption><\/figure>\n\n\n\n<figure class=\"wp-block-image size-medium\"><img loading=\"lazy\" width=\"300\" height=\"277\" data-id=\"260\"  src=\"https:\/\/staging.kpitrechiro.com\/wp-content\/uploads\/2020\/11\/12219510_943213865753523_6448225369180875491_n-2-300x277.jpg\" alt=\"\" class=\"wp-image-260\" srcset=\"https:\/\/staging.kpitrechiro.com\/wp-content\/uploads\/2020\/11\/12219510_943213865753523_6448225369180875491_n-2-300x277.jpg 300w, https:\/\/staging.kpitrechiro.com\/wp-content\/uploads\/2020\/11\/12219510_943213865753523_6448225369180875491_n-2.jpg 569w\" sizes=\"(max-width: 300px) 100vw, 300px\" \/><figcaption>Les sportifs<\/figcaption><\/figure>\n\n\n\n<figure class=\"wp-block-image size-medium\"><img loading=\"lazy\" width=\"300\" height=\"300\" data-id=\"789\"  src=\"https:\/\/staging.kpitrechiro.com\/wp-content\/uploads\/2022\/05\/133764469_1106516756478004_4374540878809509051_n-300x300.jpg\" alt=\"\" class=\"wp-image-789\" srcset=\"https:\/\/staging.kpitrechiro.com\/wp-content\/uploads\/2022\/05\/133764469_1106516756478004_4374540878809509051_n-300x300.jpg 300w, https:\/\/staging.kpitrechiro.com\/wp-content\/uploads\/2022\/05\/133764469_1106516756478004_4374540878809509051_n-1024x1024.jpg 1024w, https:\/\/staging.kpitrechiro.com\/wp-content\/uploads\/2022\/05\/133764469_1106516756478004_4374540878809509051_n-150x150.jpg 150w, https:\/\/staging.kpitrechiro.com\/wp-content\/uploads\/2022\/05\/133764469_1106516756478004_4374540878809509051_n-768x768.jpg 768w, https:\/\/staging.kpitrechiro.com\/wp-content\/uploads\/2022\/05\/133764469_1106516756478004_4374540878809509051_n-1536x1536.jpg 1536w, https:\/\/staging.kpitrechiro.com\/wp-content\/uploads\/2022\/05\/133764469_1106516756478004_4374540878809509051_n.jpg 2048w, https:\/\/staging.kpitrechiro.com\/wp-content\/uploads\/2022\/05\/133764469_1106516756478004_4374540878809509051_n-1200x1200.jpg 1200w, https:\/\/staging.kpitrechiro.com\/wp-content\/uploads\/2022\/05\/133764469_1106516756478004_4374540878809509051_n-1980x1980.jpg 1980w\" sizes=\"(max-width: 300px) 100vw, 300px\" \/><figcaption>Les personnes \u00e2g\u00e9es<\/figcaption><\/figure>\n\n\n\n<figure class=\"wp-block-image size-medium\"><img loading=\"lazy\" width=\"300\" height=\"225\" data-id=\"318\"  src=\"https:\/\/staging.kpitrechiro.com\/wp-content\/uploads\/2020\/11\/181537_1828709087724_6467875_n-300x225.jpg\" alt=\"\" class=\"wp-image-318\" srcset=\"https:\/\/staging.kpitrechiro.com\/wp-content\/uploads\/2020\/11\/181537_1828709087724_6467875_n-300x225.jpg 300w, https:\/\/staging.kpitrechiro.com\/wp-content\/uploads\/2020\/11\/181537_1828709087724_6467875_n.jpg 720w\" sizes=\"(max-width: 300px) 100vw, 300px\" \/><figcaption>Pour personnes de tout \u00e2ge<\/figcaption><\/figure>\n<\/figure>\n\n\n\n<div class=\"wp-container-4 wp-block-group alignfull has-secondary-background-color has-background\"><div class=\"wp-block-group__inner-container\">\n<div class=\"wp-container-3 wp-block-group\"><div class=\"wp-block-group__inner-container\">\n<h3 class=\"has-text-align-center margin-top-half has-background-color has-text-color\">Comment fonctionne une premi\u00e8re visite chez le chiropraticien?<\/h3>\n\n\n\n<p><\/p>\n<\/div><\/div>\n\n\n\n<div class=\"wp-block-button aligncenter is-style-outline\"><a class=\"wp-block-button__link has-background-color has-text-color\" href=\"https:\/\/staging.kpitrechiro.com\/index.php\/horaire-et-couts\/\" style=\"border-radius:50px\">En savoir plus<\/a><\/div>\n<\/div><\/div>\n\n\n\n<div class=\"wp-block-cover alignfull\" style=\"min-height:669px\"><span aria-hidden=\"true\" class=\"wp-block-cover__background has-background-dim-30 has-background-dim\" style=\"background-color:#040001\"><\/span><img loading=\"lazy\" width=\"408\" height=\"306\" class=\"wp-block-cover__image-background wp-image-306\" alt=\"\" src=\"https:\/\/staging.kpitrechiro.com\/wp-content\/uploads\/2020\/11\/124254741_299720617753095_8523980871461201955_n.jpg\" style=\"object-position:45% 63%\" data-object-fit=\"cover\" data-object-position=\"45% 63%\" srcset=\"https:\/\/staging.kpitrechiro.com\/wp-content\/uploads\/2020\/11\/124254741_299720617753095_8523980871461201955_n.jpg 408w, https:\/\/staging.kpitrechiro.com\/wp-content\/uploads\/2020\/11\/124254741_299720617753095_8523980871461201955_n-300x225.jpg 300w\" sizes=\"(max-width: 408px) 100vw, 408px\" \/><div class=\"wp-block-cover__inner-container\">\n<h2 class=\"has-text-align-center margin-top-half\">La formation d&rsquo;un chiropraticien<\/h2>\n\n\n\n<div class=\"wp-container-9 wp-block-columns alignwide\">\n<div class=\"wp-container-5 wp-block-column\">\n<h2 class=\"has-text-align-center margin-bottom-none\"><strong>5<\/strong><\/h2>\n\n\n\n<p class=\"has-text-align-center margin-top-none\">ans d&rsquo;universit\u00e9<\/p>\n<\/div>\n\n\n\n<div class=\"wp-container-6 wp-block-column\">\n<h2 class=\"has-text-align-center margin-bottom-none\"><strong>18<\/strong><\/h2>\n\n\n\n<p class=\"has-text-align-center margin-top-none\">mois d&rsquo;internat<\/p>\n<\/div>\n\n\n\n<div class=\"wp-container-7 wp-block-column\">\n<h2 class=\"has-text-align-center margin-bottom-none\"><strong>245<\/strong><\/h2>\n\n\n\n<p class=\"has-text-align-center margin-top-none\">cr\u00e9dits<\/p>\n<\/div>\n\n\n\n<div class=\"wp-container-8 wp-block-column\">\n<h2 class=\"has-text-align-center margin-bottom-none\"><strong>100&nbsp;%<\/strong><\/h2>\n\n\n\n<p class=\"has-text-align-center margin-top-none\">Docteur en chiropratique<\/p>\n<\/div>\n<\/div>\n\n\n\n<div class=\"wp-container-10 is-content-justification-center wp-block-buttons\">\n<div class=\"wp-block-button\"><a class=\"wp-block-button__link has-text-color\" href=\"https:\/\/staging.kpitrechiro.com\/index.php\/la-chiropratique\/\" style=\"border-radius:50px;color:#00080b\">En savoir plus<\/a><\/div>\n<\/div>\n<\/div><\/div>\n\n\n\n<div class=\"wp-block-cover alignfull is-position-center-center\" style=\"min-height:375px\"><span aria-hidden=\"true\" class=\"wp-block-cover__background has-primary-background-color has-background-dim-50 has-background-dim\"><\/span><img loading=\"lazy\" width=\"894\" height=\"561\" class=\"wp-block-cover__image-background wp-image-367\" alt=\"\" src=\"https:\/\/staging.kpitrechiro.com\/wp-content\/uploads\/2020\/11\/Capture3.png\" style=\"object-position:40% 26%\" data-object-fit=\"cover\" data-object-position=\"40% 26%\" srcset=\"https:\/\/staging.kpitrechiro.com\/wp-content\/uploads\/2020\/11\/Capture3.png 894w, https:\/\/staging.kpitrechiro.com\/wp-content\/uploads\/2020\/11\/Capture3-300x188.png 300w, https:\/\/staging.kpitrechiro.com\/wp-content\/uploads\/2020\/11\/Capture3-768x482.png 768w\" sizes=\"(max-width: 894px) 100vw, 894px\" \/><div class=\"wp-block-cover__inner-container\">\n<h3 class=\"has-text-align-center has-text-color\" style=\"color:#1b1a1a\"><mark style=\"background-color:rgba(0, 0, 0, 0)\" class=\"has-inline-color has-background-color\">Nos services<\/mark><\/h3>\n\n\n\n<p class=\"has-text-align-center\"><strong><span style=\"color:#000507\" class=\"has-inline-color\">Les soins sont personnalis\u00e9s et adapt\u00e9s selon vos besoins<\/span><\/strong>.<\/p>\n\n\n\n<p><mark style=\"background-color:rgba(0, 0, 0, 0);color:#00080b\" class=\"has-inline-color\">Soins de SOULAGEMENT, CORRECTION et PR\u00c9VENTION<\/mark><\/p>\n\n\n\n<p class=\"has-text-align-center\"><mark style=\"background-color:rgba(0, 0, 0, 0);color:#00090d\" class=\"has-inline-color\">Ajustements chiropratiques, th\u00e9rapies musculaires, prescriptions d&rsquo;exercices, radiographies sur place, utilisation de diff\u00e9rentes techniques<\/mark><\/p>\n\n\n\n<div class=\"wp-container-11 is-content-justification-center wp-block-buttons\">\n<div class=\"wp-block-button is-style-fill\"><a class=\"wp-block-button__link has-primary-color has-background-background-color has-text-color has-background\" href=\"https:\/\/staging.kpitrechiro.com\/index.php\/nos-services\/\" style=\"border-radius:50px\">En Savoir PLus<\/a><\/div>\n<\/div>\n<\/div><\/div>\n\n\n\n<div class=\"wp-container-17 wp-block-group alignfull\"><div class=\"wp-block-group__inner-container\">\n<h2 class=\"has-text-align-center\">T\u00e9moignages<\/h2>\n\n\n\n<div class=\"wp-container-15 wp-block-columns alignwide margin-top-none\">\n<div class=\"wp-container-12 wp-block-column\">\n<p class=\"has-text-align-center margin-top-half\"><strong>\u00ab&nbsp;Une excellente \u00e9coute&nbsp;\u00bb<\/strong><\/p>\n\n\n\n<p class=\"has-text-align-justify margin-bottom-none has-small-font-size\">Une chiropraticienne avec le souci de bien r\u00e9pondre aux besoins de ses patients et \u00e0 leur \u00e9coute. Elle a \u00e0 c\u0153ur le bien-\u00eatre de ses patients. J&rsquo;ai appr\u00e9ci\u00e9 \u00eatre trait\u00e9e par Dre Kayla. Je la recommande fortement et sans h\u00e9sitation<\/p>\n\n\n\n<p class=\"has-text-align-center margin-top-none has-small-font-size\"><strong>Mireille<\/strong>, <strong>33 ans<\/strong><\/p>\n<\/div>\n\n\n\n<div class=\"wp-container-13 wp-block-column\">\n<p class=\"has-text-align-center margin-top-half\"><strong>\u00ab&nbsp;Pr\u00e9occup\u00e9e par le bien-\u00eatre&nbsp;\u00bb<\/strong><\/p>\n\n\n\n<p class=\"has-text-align-justify margin-bottom-none has-small-font-size\">Au cours de la derni\u00e8re ann\u00e9e, Dre Pitre m&rsquo;a trait\u00e9 \u00e0 la Clinique universitaire de chiropratique de l&rsquo;Universit\u00e9 du Qu\u00e9bec \u00e0 Trois-Rivi\u00e8res. Je tiens \u00e0 la remercier de ses bons soins et mentionner qu&rsquo;elle est tr\u00e8s consciencieuse, d\u00e9vou\u00e9e, de bonne humeur et tr\u00e8s pr\u00e9occup\u00e9e par le bien-\u00eatre de ses patients.&nbsp;&nbsp;Je n&rsquo;h\u00e9siterais pas \u00e0 la recommander \u00e0 de futurs patients et je lui souhaite bonne chance dans sa carri\u00e8re<\/p>\n\n\n\n<p class=\"has-text-align-center margin-top-none has-small-font-size\"><strong>Denis<\/strong>, <strong>68 ans<\/strong><\/p>\n<\/div>\n\n\n\n<div class=\"wp-container-14 wp-block-column\">\n<p class=\"has-text-align-center margin-top-half\"><strong>\u00ab&nbsp; Correction de la source du probl\u00e8me \u00bb<\/strong><\/p>\n\n\n\n<p class=\"has-text-align-left margin-bottom-none has-small-font-size\">Dre Pitre est bien \u00e0 l\u2019\u00e9coute de mes besoins, elle a pris le temps de comprendre ma probl\u00e9matique avec mon coude et mon \u00e9paule. Elle m\u2019a aid\u00e9 \u00e0 trouver la cause pour corriger la source du probl\u00e8me afin que ma probl\u00e9matique ne se repr\u00e9sente pas. <\/p>\n\n\n\n<p class=\"has-text-align-center margin-top-none has-small-font-size\"><strong>Alexandre, 26 ans<\/strong><\/p>\n<\/div>\n<\/div>\n\n\n\n<div class=\"wp-container-16 is-content-justification-center wp-block-buttons\">\n<div class=\"wp-block-button\"><a class=\"wp-block-button__link\" href=\"https:\/\/staging.kpitrechiro.com\/index.php\/6-temoignages\/\"><mark style=\"background-color:rgba(0, 0, 0, 0)\" class=\"has-inline-color has-background-color\">en voir plus<\/mark><\/a><\/div>\n<\/div>\n\n\n\n<div style=\"height:32px\" aria-hidden=\"true\" class=\"wp-block-spacer\"><\/div>\n<\/div><\/div>\n\n\n\n<div class=\"wp-block-cover alignfull is-position-center-center\" style=\"min-height:432px\"><span aria-hidden=\"true\" class=\"wp-block-cover__background has-background-dim-60 has-background-dim\"><\/span><img loading=\"lazy\" width=\"2560\" height=\"1920\" class=\"wp-block-cover__image-background wp-image-369\" alt=\"\" src=\"https:\/\/staging.kpitrechiro.com\/wp-content\/uploads\/2020\/11\/r72dHBoaRseJC6h5741UdA-scaled.jpg\" style=\"object-position:42% 48%\" data-object-fit=\"cover\" data-object-position=\"42% 48%\" srcset=\"https:\/\/staging.kpitrechiro.com\/wp-content\/uploads\/2020\/11\/r72dHBoaRseJC6h5741UdA-scaled.jpg 2560w, https:\/\/staging.kpitrechiro.com\/wp-content\/uploads\/2020\/11\/r72dHBoaRseJC6h5741UdA-300x225.jpg 300w, https:\/\/staging.kpitrechiro.com\/wp-content\/uploads\/2020\/11\/r72dHBoaRseJC6h5741UdA-1024x768.jpg 1024w, https:\/\/staging.kpitrechiro.com\/wp-content\/uploads\/2020\/11\/r72dHBoaRseJC6h5741UdA-768x576.jpg 768w, https:\/\/staging.kpitrechiro.com\/wp-content\/uploads\/2020\/11\/r72dHBoaRseJC6h5741UdA-1536x1152.jpg 1536w, https:\/\/staging.kpitrechiro.com\/wp-content\/uploads\/2020\/11\/r72dHBoaRseJC6h5741UdA-2048x1536.jpg 2048w, https:\/\/staging.kpitrechiro.com\/wp-content\/uploads\/2020\/11\/r72dHBoaRseJC6h5741UdA-1200x900.jpg 1200w, https:\/\/staging.kpitrechiro.com\/wp-content\/uploads\/2020\/11\/r72dHBoaRseJC6h5741UdA-1980x1485.jpg 1980w\" sizes=\"(max-width: 2560px) 100vw, 2560px\" \/><div class=\"wp-block-cover__inner-container\">\n<p class=\"has-text-align-center has-text-color\" style=\"color:#fffffa;font-size:74px;line-height:1.1\"><strong><a href=\"https:\/\/staging.kpitrechiro.com\/index.php\/nous-joindre\/\">Nous joindre<\/a><\/strong><\/p>\n\n\n\n<p class=\"has-text-align-center\"><a href=\"https:\/\/staging.kpitrechiro.com\/index.php\/politique-de-protection-des-renseignements-personnels-et-de-confidentialite\/\" target=\"_blank\" rel=\"noreferrer noopener\"><strong>Politique de protection des renseignements personnels et de confidentialit\u00e9<\/strong><\/a><\/p>\n<\/div><\/div>\n\n\n\n<p><\/p>\n","protected":false},"excerpt":{"rendered":"<p>La chiropratique pour&#8230; Comment fonctionne une premi\u00e8re visite chez le chiropraticien? T\u00e9moignages \u00ab&nbsp;Une excellente \u00e9coute&nbsp;\u00bb Une chiropraticienne avec le souci de bien r\u00e9pondre aux besoins de ses patients et \u00e0 leur \u00e9coute. Elle a \u00e0 c\u0153ur le bien-\u00eatre de ses patients. J&rsquo;ai appr\u00e9ci\u00e9 \u00eatre trait\u00e9e par Dre Kayla. Je la recommande fortement et sans h\u00e9sitation [&hellip;]<\/p>\n","protected":false},"author":1,"featured_media":0,"parent":0,"menu_order":0,"comment_status":"closed","ping_status":"closed","template":"","meta":[],"yoast_head":"<!-- This site is optimized with the Yoast SEO plugin v19.5.1 - https:\/\/yoast.com\/wordpress\/plugins\/seo\/ -->\n<title>Bienvenue - Dre Kayla Pitre, chiropraticienne - Centre chiropratique de la sant\u00e9 vert\u00e9brale<\/title>\n<meta name=\"robots\" content=\"index, follow, max-snippet:-1, max-image-preview:large, max-video-preview:-1\" \/>\n<link rel=\"canonical\" href=\"https:\/\/staging.kpitrechiro.com\/\" \/>\n<meta property=\"og:locale\" content=\"fr_FR\" \/>\n<meta property=\"og:type\" content=\"article\" \/>\n<meta property=\"og:title\" content=\"Bienvenue - Dre Kayla Pitre, chiropraticienne - Centre chiropratique de la sant\u00e9 vert\u00e9brale\" \/>\n<meta property=\"og:description\" content=\"La chiropratique pour&#8230; Comment fonctionne une premi\u00e8re visite chez le chiropraticien? T\u00e9moignages \u00ab&nbsp;Une excellente \u00e9coute&nbsp;\u00bb Une chiropraticienne avec le souci de bien r\u00e9pondre aux besoins de ses patients et \u00e0 leur \u00e9coute. Elle a \u00e0 c\u0153ur le bien-\u00eatre de ses patients. J&rsquo;ai appr\u00e9ci\u00e9 \u00eatre trait\u00e9e par Dre Kayla. Je la recommande fortement et sans h\u00e9sitation [&hellip;]\" \/>\n<meta property=\"og:url\" content=\"https:\/\/staging.kpitrechiro.com\/\" \/>\n<meta property=\"og:site_name\" content=\"Dre Kayla Pitre, chiropraticienne - Centre chiropratique de la sant\u00e9 vert\u00e9brale\" \/>\n<meta property=\"article:modified_time\" content=\"2023-09-19T13:41:07+00:00\" \/>\n<meta property=\"og:image\" content=\"https:\/\/staging.kpitrechiro.com\/wp-content\/uploads\/2020\/11\/123466980_1089842181470850_6923754437747870677_n-1.png\" \/>\n<meta name=\"twitter:card\" content=\"summary_large_image\" \/>\n<meta name=\"twitter:label1\" content=\"Dur\u00e9e de lecture estim\u00e9e\" \/>\n\t<meta name=\"twitter:data1\" content=\"4 minutes\" \/>\n<script type=\"application\/ld+json\" class=\"yoast-schema-graph\">{\"@context\":\"https:\/\/schema.org\",\"@graph\":[{\"@type\":\"WebPage\",\"@id\":\"https:\/\/staging.kpitrechiro.com\/\",\"url\":\"https:\/\/staging.kpitrechiro.com\/\",\"name\":\"Bienvenue - Dre Kayla Pitre, chiropraticienne - Centre chiropratique de la sant\u00e9 vert\u00e9brale\",\"isPartOf\":{\"@id\":\"https:\/\/staging.kpitrechiro.com\/#website\"},\"datePublished\":\"2020-03-26T20:03:47+00:00\",\"dateModified\":\"2023-09-19T13:41:07+00:00\",\"breadcrumb\":{\"@id\":\"https:\/\/staging.kpitrechiro.com\/#breadcrumb\"},\"inLanguage\":\"fr-FR\",\"potentialAction\":[{\"@type\":\"ReadAction\",\"target\":[\"https:\/\/staging.kpitrechiro.com\/\"]}]},{\"@type\":\"BreadcrumbList\",\"@id\":\"https:\/\/staging.kpitrechiro.com\/#breadcrumb\",\"itemListElement\":[{\"@type\":\"ListItem\",\"position\":1,\"name\":\"Accueil\",\"item\":\"https:\/\/staging.kpitrechiro.com\/\"},{\"@type\":\"ListItem\",\"position\":2,\"name\":\"Bienvenue\"}]},{\"@type\":\"WebSite\",\"@id\":\"https:\/\/staging.kpitrechiro.com\/#website\",\"url\":\"https:\/\/staging.kpitrechiro.com\/\",\"name\":\"Dre Kayla Pitre, chiropraticienne - Centre chiropratique de la sant\u00e9 vert\u00e9brale\",\"description\":\"Soyez la meilleure version de vous-m\u00eame !\",\"publisher\":{\"@id\":\"https:\/\/staging.kpitrechiro.com\/#organization\"},\"potentialAction\":[{\"@type\":\"SearchAction\",\"target\":{\"@type\":\"EntryPoint\",\"urlTemplate\":\"https:\/\/staging.kpitrechiro.com\/?s={search_term_string}\"},\"query-input\":\"required name=search_term_string\"}],\"inLanguage\":\"fr-FR\"},{\"@type\":\"Organization\",\"@id\":\"https:\/\/staging.kpitrechiro.com\/#organization\",\"name\":\"Dre Kayla Pitre, chiropraticienne - Centre chiropratique de la sant\u00e9 vert\u00e9brale\",\"url\":\"https:\/\/staging.kpitrechiro.com\/\",\"sameAs\":[],\"logo\":{\"@type\":\"ImageObject\",\"inLanguage\":\"fr-FR\",\"@id\":\"https:\/\/staging.kpitrechiro.com\/#\/schema\/logo\/image\/\",\"url\":\"https:\/\/staging.kpitrechiro.com\/wp-content\/uploads\/2020\/11\/cropped-LOGO-paint-fond-PNG-2.png\",\"contentUrl\":\"https:\/\/staging.kpitrechiro.com\/wp-content\/uploads\/2020\/11\/cropped-LOGO-paint-fond-PNG-2.png\",\"width\":712,\"height\":606,\"caption\":\"Dre Kayla Pitre, chiropraticienne - Centre chiropratique de la sant\u00e9 vert\u00e9brale\"},\"image\":{\"@id\":\"https:\/\/staging.kpitrechiro.com\/#\/schema\/logo\/image\/\"}}]}<\/script>\n<!-- \/ Yoast SEO plugin. -->","yoast_head_json":{"title":"Bienvenue - Dre Kayla Pitre, chiropraticienne - Centre chiropratique de la sant\u00e9 vert\u00e9brale","robots":{"index":"index","follow":"follow","max-snippet":"max-snippet:-1","max-image-preview":"max-image-preview:large","max-video-preview":"max-video-preview:-1"},"canonical":"https:\/\/staging.kpitrechiro.com\/","og_locale":"fr_FR","og_type":"article","og_title":"Bienvenue - Dre Kayla Pitre, chiropraticienne - Centre chiropratique de la sant\u00e9 vert\u00e9brale","og_description":"La chiropratique pour&#8230; Comment fonctionne une premi\u00e8re visite chez le chiropraticien? T\u00e9moignages \u00ab&nbsp;Une excellente \u00e9coute&nbsp;\u00bb Une chiropraticienne avec le souci de bien r\u00e9pondre aux besoins de ses patients et \u00e0 leur \u00e9coute. Elle a \u00e0 c\u0153ur le bien-\u00eatre de ses patients. J&rsquo;ai appr\u00e9ci\u00e9 \u00eatre trait\u00e9e par Dre Kayla. Je la recommande fortement et sans h\u00e9sitation [&hellip;]","og_url":"https:\/\/staging.kpitrechiro.com\/","og_site_name":"Dre Kayla Pitre, chiropraticienne - Centre chiropratique de la sant\u00e9 vert\u00e9brale","article_modified_time":"2023-09-19T13:41:07+00:00","og_image":[{"url":"https:\/\/staging.kpitrechiro.com\/wp-content\/uploads\/2020\/11\/123466980_1089842181470850_6923754437747870677_n-1.png"}],"twitter_card":"summary_large_image","twitter_misc":{"Dur\u00e9e de lecture estim\u00e9e":"4 minutes"},"schema":{"@context":"https:\/\/schema.org","@graph":[{"@type":"WebPage","@id":"https:\/\/staging.kpitrechiro.com\/","url":"https:\/\/staging.kpitrechiro.com\/","name":"Bienvenue - Dre Kayla Pitre, chiropraticienne - Centre chiropratique de la sant\u00e9 vert\u00e9brale","isPartOf":{"@id":"https:\/\/staging.kpitrechiro.com\/#website"},"datePublished":"2020-03-26T20:03:47+00:00","dateModified":"2023-09-19T13:41:07+00:00","breadcrumb":{"@id":"https:\/\/staging.kpitrechiro.com\/#breadcrumb"},"inLanguage":"fr-FR","potentialAction":[{"@type":"ReadAction","target":["https:\/\/staging.kpitrechiro.com\/"]}]},{"@type":"BreadcrumbList","@id":"https:\/\/staging.kpitrechiro.com\/#breadcrumb","itemListElement":[{"@type":"ListItem","position":1,"name":"Accueil","item":"https:\/\/staging.kpitrechiro.com\/"},{"@type":"ListItem","position":2,"name":"Bienvenue"}]},{"@type":"WebSite","@id":"https:\/\/staging.kpitrechiro.com\/#website","url":"https:\/\/staging.kpitrechiro.com\/","name":"Dre Kayla Pitre, chiropraticienne - Centre chiropratique de la sant\u00e9 vert\u00e9brale","description":"Soyez la meilleure version de vous-m\u00eame !","publisher":{"@id":"https:\/\/staging.kpitrechiro.com\/#organization"},"potentialAction":[{"@type":"SearchAction","target":{"@type":"EntryPoint","urlTemplate":"https:\/\/staging.kpitrechiro.com\/?s={search_term_string}"},"query-input":"required name=search_term_string"}],"inLanguage":"fr-FR"},{"@type":"Organization","@id":"https:\/\/staging.kpitrechiro.com\/#organization","name":"Dre Kayla Pitre, chiropraticienne - Centre chiropratique de la sant\u00e9 vert\u00e9brale","url":"https:\/\/staging.kpitrechiro.com\/","sameAs":[],"logo":{"@type":"ImageObject","inLanguage":"fr-FR","@id":"https:\/\/staging.kpitrechiro.com\/#\/schema\/logo\/image\/","url":"https:\/\/staging.kpitrechiro.com\/wp-content\/uploads\/2020\/11\/cropped-LOGO-paint-fond-PNG-2.png","contentUrl":"https:\/\/staging.kpitrechiro.com\/wp-content\/uploads\/2020\/11\/cropped-LOGO-paint-fond-PNG-2.png","width":712,"height":606,"caption":"Dre Kayla Pitre, chiropraticienne - Centre chiropratique de la sant\u00e9 vert\u00e9brale"},"image":{"@id":"https:\/\/staging.kpitrechiro.com\/#\/schema\/logo\/image\/"}}]}},"_links":{"self":[{"href":"https:\/\/staging.kpitrechiro.com\/index.php\/wp-json\/wp\/v2\/pages\/8"}],"collection":[{"href":"https:\/\/staging.kpitrechiro.com\/index.php\/wp-json\/wp\/v2\/pages"}],"about":[{"href":"https:\/\/staging.kpitrechiro.com\/index.php\/wp-json\/wp\/v2\/types\/page"}],"author":[{"embeddable":true,"href":"https:\/\/staging.kpitrechiro.com\/index.php\/wp-json\/wp\/v2\/users\/1"}],"replies":[{"embeddable":true,"href":"https:\/\/staging.kpitrechiro.com\/index.php\/wp-json\/wp\/v2\/comments?post=8"}],"version-history":[{"count":43,"href":"https:\/\/staging.kpitrechiro.com\/index.php\/wp-json\/wp\/v2\/pages\/8\/revisions"}],"predecessor-version":[{"id":990,"href":"https:\/\/staging.kpitrechiro.com\/index.php\/wp-json\/wp\/v2\/pages\/8\/revisions\/990"}],"wp:attachment":[{"href":"https:\/\/staging.kpitrechiro.com\/index.php\/wp-json\/wp\/v2\/media?parent=8"}],"curies":[{"name":"wp","href":"https:\/\/api.w.org\/{rel}","templated":true}]}}