{"id":823,"date":"2022-05-19T19:30:47","date_gmt":"2022-05-19T19:30:47","guid":{"rendered":"https:\/\/staging.kpitrechiro.com\/?page_id=823"},"modified":"2022-05-19T20:02:15","modified_gmt":"2022-05-19T20:02:15","slug":"etirement-vs-echauffement","status":"publish","type":"page","link":"https:\/\/staging.kpitrechiro.com\/index.php\/6-infolettre\/divers\/etirement-vs-echauffement\/","title":{"rendered":"\u00c9tirement VS \u00e9chauffement"},"content":{"rendered":"\n<p>Quand faut-il s&rsquo;\u00e9tirer versus s&rsquo;\u00e9chauffer ?<\/p>\n\n\n\n<div class=\"wp-block-image\"><figure class=\"aligncenter size-large\"><img loading=\"lazy\" width=\"540\" height=\"720\" src=\"https:\/\/staging.kpitrechiro.com\/wp-content\/uploads\/2022\/05\/2021-10-07-29.jpg\" alt=\"\" class=\"wp-image-824\" srcset=\"https:\/\/staging.kpitrechiro.com\/wp-content\/uploads\/2022\/05\/2021-10-07-29.jpg 540w, https:\/\/staging.kpitrechiro.com\/wp-content\/uploads\/2022\/05\/2021-10-07-29-225x300.jpg 225w\" sizes=\"(max-width: 540px) 100vw, 540px\" \/><\/figure><\/div>\n\n\n\n<p><strong>L\u2019\u00e9chauffement\u00a0:<\/strong> Lors de la pratique d\u2019un sport ou d\u2019un exercice, il est important de s\u2019\u00e9chauffer avant. L\u2019\u00e9chauffement permet de r\u00e9chauffer tes muscles et \u00e0 les pr\u00e9parer \u00e0 affronter le sport. Il permet aussi de diminuer le risque de blessures. Par contre, il est important qu\u2019il soit sp\u00e9cifique \u00e0 ton sport. Tu ne vas pas aller \u00e9chauffer tes \u00e9paules si ton sport travaille juste les jambes. L\u2019\u00e9tirement ne sert pas \u00e0 grand-chose, sauf si ton sport n\u00e9cessite de la flexibilit\u00e9 tel que de la gymnastique. Un exemple d\u2019\u00e9chauffement pour la course par exemple est la marche rapide\/ jogging l\u00e9ger.<\/p>\n\n\n\n<p><strong>\u00c9tirement\u00a0:<\/strong> L\u2019\u00e9tirement s\u2019effectue apr\u00e8s ton sport. Il permet de diminuer le risque de courbatures le lendemain et diminue les diff\u00e9rentes tensions musculaires. Il est bon aussi de s\u2019\u00e9tirer r\u00e9guli\u00e8rement sans qu\u2019il y ait n\u00e9cessairement la pratique d\u2019un sport. <\/p>\n\n\n\n<p>N\u2019h\u00e9sitez pas \u00e0 demander \u00e0 votre chiropraticien pour des \u00e9tirements sp\u00e9cifique \u00e0 votre condition musculaire et articulaire<\/p>\n\n\n\n<p>Bonne pratique de sport !<\/p>\n","protected":false},"excerpt":{"rendered":"<p>Quand faut-il s&rsquo;\u00e9tirer versus s&rsquo;\u00e9chauffer ? L\u2019\u00e9chauffement\u00a0: Lors de la pratique d\u2019un sport ou d\u2019un exercice, il est important de s\u2019\u00e9chauffer avant. L\u2019\u00e9chauffement permet de r\u00e9chauffer tes muscles et \u00e0 les pr\u00e9parer \u00e0 affronter le sport. Il permet aussi de diminuer le risque de blessures. Par contre, il est important qu\u2019il soit sp\u00e9cifique \u00e0 ton [&hellip;]<\/p>\n","protected":false},"author":1,"featured_media":0,"parent":696,"menu_order":0,"comment_status":"closed","ping_status":"closed","template":"","meta":[],"yoast_head":"<!-- This site is optimized with the Yoast SEO plugin v19.5.1 - https:\/\/yoast.com\/wordpress\/plugins\/seo\/ -->\n<title>\u00c9tirement VS \u00e9chauffement - Dre Kayla Pitre, chiropraticienne - Centre chiropratique de la sant\u00e9 vert\u00e9brale<\/title>\n<meta name=\"robots\" content=\"index, follow, max-snippet:-1, max-image-preview:large, max-video-preview:-1\" \/>\n<link rel=\"canonical\" href=\"https:\/\/staging.kpitrechiro.com\/index.php\/6-infolettre\/divers\/etirement-vs-echauffement\/\" \/>\n<meta property=\"og:locale\" content=\"fr_FR\" \/>\n<meta property=\"og:type\" content=\"article\" \/>\n<meta property=\"og:title\" content=\"\u00c9tirement VS \u00e9chauffement - Dre Kayla Pitre, chiropraticienne - Centre chiropratique de la sant\u00e9 vert\u00e9brale\" \/>\n<meta property=\"og:description\" content=\"Quand faut-il s&rsquo;\u00e9tirer versus s&rsquo;\u00e9chauffer ? L\u2019\u00e9chauffement\u00a0: Lors de la pratique d\u2019un sport ou d\u2019un exercice, il est important de s\u2019\u00e9chauffer avant. L\u2019\u00e9chauffement permet de r\u00e9chauffer tes muscles et \u00e0 les pr\u00e9parer \u00e0 affronter le sport. Il permet aussi de diminuer le risque de blessures. Par contre, il est important qu\u2019il soit sp\u00e9cifique \u00e0 ton [&hellip;]\" \/>\n<meta property=\"og:url\" content=\"https:\/\/staging.kpitrechiro.com\/index.php\/6-infolettre\/divers\/etirement-vs-echauffement\/\" \/>\n<meta property=\"og:site_name\" content=\"Dre Kayla Pitre, chiropraticienne - Centre chiropratique de la sant\u00e9 vert\u00e9brale\" \/>\n<meta property=\"article:modified_time\" content=\"2022-05-19T20:02:15+00:00\" \/>\n<meta property=\"og:image\" content=\"https:\/\/staging.kpitrechiro.com\/wp-content\/uploads\/2022\/05\/2021-10-07-29.jpg\" \/>\n<meta name=\"twitter:card\" content=\"summary_large_image\" \/>\n<meta name=\"twitter:label1\" content=\"Dur\u00e9e de lecture estim\u00e9e\" \/>\n\t<meta name=\"twitter:data1\" content=\"1 minute\" \/>\n<script type=\"application\/ld+json\" class=\"yoast-schema-graph\">{\"@context\":\"https:\/\/schema.org\",\"@graph\":[{\"@type\":\"WebPage\",\"@id\":\"https:\/\/staging.kpitrechiro.com\/index.php\/6-infolettre\/divers\/etirement-vs-echauffement\/\",\"url\":\"https:\/\/staging.kpitrechiro.com\/index.php\/6-infolettre\/divers\/etirement-vs-echauffement\/\",\"name\":\"\u00c9tirement VS \u00e9chauffement - Dre Kayla Pitre, chiropraticienne - Centre chiropratique de la sant\u00e9 vert\u00e9brale\",\"isPartOf\":{\"@id\":\"https:\/\/staging.kpitrechiro.com\/#website\"},\"datePublished\":\"2022-05-19T19:30:47+00:00\",\"dateModified\":\"2022-05-19T20:02:15+00:00\",\"breadcrumb\":{\"@id\":\"https:\/\/staging.kpitrechiro.com\/index.php\/6-infolettre\/divers\/etirement-vs-echauffement\/#breadcrumb\"},\"inLanguage\":\"fr-FR\",\"potentialAction\":[{\"@type\":\"ReadAction\",\"target\":[\"https:\/\/staging.kpitrechiro.com\/index.php\/6-infolettre\/divers\/etirement-vs-echauffement\/\"]}]},{\"@type\":\"BreadcrumbList\",\"@id\":\"https:\/\/staging.kpitrechiro.com\/index.php\/6-infolettre\/divers\/etirement-vs-echauffement\/#breadcrumb\",\"itemListElement\":[{\"@type\":\"ListItem\",\"position\":1,\"name\":\"Accueil\",\"item\":\"https:\/\/staging.kpitrechiro.com\/\"},{\"@type\":\"ListItem\",\"position\":2,\"name\":\"Articles infolettre\",\"item\":\"https:\/\/staging.kpitrechiro.com\/index.php\/6-infolettre\/\"},{\"@type\":\"ListItem\",\"position\":3,\"name\":\"Divers\",\"item\":\"https:\/\/staging.kpitrechiro.com\/index.php\/6-infolettre\/divers\/\"},{\"@type\":\"ListItem\",\"position\":4,\"name\":\"\u00c9tirement VS \u00e9chauffement\"}]},{\"@type\":\"WebSite\",\"@id\":\"https:\/\/staging.kpitrechiro.com\/#website\",\"url\":\"https:\/\/staging.kpitrechiro.com\/\",\"name\":\"Dre Kayla Pitre, chiropraticienne - Centre chiropratique de la sant\u00e9 vert\u00e9brale\",\"description\":\"Soyez la meilleure version de vous-m\u00eame !\",\"publisher\":{\"@id\":\"https:\/\/staging.kpitrechiro.com\/#organization\"},\"potentialAction\":[{\"@type\":\"SearchAction\",\"target\":{\"@type\":\"EntryPoint\",\"urlTemplate\":\"https:\/\/staging.kpitrechiro.com\/?s={search_term_string}\"},\"query-input\":\"required name=search_term_string\"}],\"inLanguage\":\"fr-FR\"},{\"@type\":\"Organization\",\"@id\":\"https:\/\/staging.kpitrechiro.com\/#organization\",\"name\":\"Dre Kayla Pitre, chiropraticienne - Centre chiropratique de la sant\u00e9 vert\u00e9brale\",\"url\":\"https:\/\/staging.kpitrechiro.com\/\",\"sameAs\":[],\"logo\":{\"@type\":\"ImageObject\",\"inLanguage\":\"fr-FR\",\"@id\":\"https:\/\/staging.kpitrechiro.com\/#\/schema\/logo\/image\/\",\"url\":\"https:\/\/staging.kpitrechiro.com\/wp-content\/uploads\/2020\/11\/cropped-LOGO-paint-fond-PNG-2.png\",\"contentUrl\":\"https:\/\/staging.kpitrechiro.com\/wp-content\/uploads\/2020\/11\/cropped-LOGO-paint-fond-PNG-2.png\",\"width\":712,\"height\":606,\"caption\":\"Dre Kayla Pitre, chiropraticienne - Centre chiropratique de la sant\u00e9 vert\u00e9brale\"},\"image\":{\"@id\":\"https:\/\/staging.kpitrechiro.com\/#\/schema\/logo\/image\/\"}}]}<\/script>\n<!-- \/ Yoast SEO plugin. -->","yoast_head_json":{"title":"\u00c9tirement VS \u00e9chauffement - Dre Kayla Pitre, chiropraticienne - Centre chiropratique de la sant\u00e9 vert\u00e9brale","robots":{"index":"index","follow":"follow","max-snippet":"max-snippet:-1","max-image-preview":"max-image-preview:large","max-video-preview":"max-video-preview:-1"},"canonical":"https:\/\/staging.kpitrechiro.com\/index.php\/6-infolettre\/divers\/etirement-vs-echauffement\/","og_locale":"fr_FR","og_type":"article","og_title":"\u00c9tirement VS \u00e9chauffement - Dre Kayla Pitre, chiropraticienne - Centre chiropratique de la sant\u00e9 vert\u00e9brale","og_description":"Quand faut-il s&rsquo;\u00e9tirer versus s&rsquo;\u00e9chauffer ? L\u2019\u00e9chauffement\u00a0: Lors de la pratique d\u2019un sport ou d\u2019un exercice, il est important de s\u2019\u00e9chauffer avant. L\u2019\u00e9chauffement permet de r\u00e9chauffer tes muscles et \u00e0 les pr\u00e9parer \u00e0 affronter le sport. Il permet aussi de diminuer le risque de blessures. Par contre, il est important qu\u2019il soit sp\u00e9cifique \u00e0 ton [&hellip;]","og_url":"https:\/\/staging.kpitrechiro.com\/index.php\/6-infolettre\/divers\/etirement-vs-echauffement\/","og_site_name":"Dre Kayla Pitre, chiropraticienne - Centre chiropratique de la sant\u00e9 vert\u00e9brale","article_modified_time":"2022-05-19T20:02:15+00:00","og_image":[{"url":"https:\/\/staging.kpitrechiro.com\/wp-content\/uploads\/2022\/05\/2021-10-07-29.jpg"}],"twitter_card":"summary_large_image","twitter_misc":{"Dur\u00e9e de lecture estim\u00e9e":"1 minute"},"schema":{"@context":"https:\/\/schema.org","@graph":[{"@type":"WebPage","@id":"https:\/\/staging.kpitrechiro.com\/index.php\/6-infolettre\/divers\/etirement-vs-echauffement\/","url":"https:\/\/staging.kpitrechiro.com\/index.php\/6-infolettre\/divers\/etirement-vs-echauffement\/","name":"\u00c9tirement VS \u00e9chauffement - Dre Kayla Pitre, chiropraticienne - Centre chiropratique de la sant\u00e9 vert\u00e9brale","isPartOf":{"@id":"https:\/\/staging.kpitrechiro.com\/#website"},"datePublished":"2022-05-19T19:30:47+00:00","dateModified":"2022-05-19T20:02:15+00:00","breadcrumb":{"@id":"https:\/\/staging.kpitrechiro.com\/index.php\/6-infolettre\/divers\/etirement-vs-echauffement\/#breadcrumb"},"inLanguage":"fr-FR","potentialAction":[{"@type":"ReadAction","target":["https:\/\/staging.kpitrechiro.com\/index.php\/6-infolettre\/divers\/etirement-vs-echauffement\/"]}]},{"@type":"BreadcrumbList","@id":"https:\/\/staging.kpitrechiro.com\/index.php\/6-infolettre\/divers\/etirement-vs-echauffement\/#breadcrumb","itemListElement":[{"@type":"ListItem","position":1,"name":"Accueil","item":"https:\/\/staging.kpitrechiro.com\/"},{"@type":"ListItem","position":2,"name":"Articles infolettre","item":"https:\/\/staging.kpitrechiro.com\/index.php\/6-infolettre\/"},{"@type":"ListItem","position":3,"name":"Divers","item":"https:\/\/staging.kpitrechiro.com\/index.php\/6-infolettre\/divers\/"},{"@type":"ListItem","position":4,"name":"\u00c9tirement VS \u00e9chauffement"}]},{"@type":"WebSite","@id":"https:\/\/staging.kpitrechiro.com\/#website","url":"https:\/\/staging.kpitrechiro.com\/","name":"Dre Kayla Pitre, chiropraticienne - Centre chiropratique de la sant\u00e9 vert\u00e9brale","description":"Soyez la meilleure version de vous-m\u00eame !","publisher":{"@id":"https:\/\/staging.kpitrechiro.com\/#organization"},"potentialAction":[{"@type":"SearchAction","target":{"@type":"EntryPoint","urlTemplate":"https:\/\/staging.kpitrechiro.com\/?s={search_term_string}"},"query-input":"required name=search_term_string"}],"inLanguage":"fr-FR"},{"@type":"Organization","@id":"https:\/\/staging.kpitrechiro.com\/#organization","name":"Dre Kayla Pitre, chiropraticienne - Centre chiropratique de la sant\u00e9 vert\u00e9brale","url":"https:\/\/staging.kpitrechiro.com\/","sameAs":[],"logo":{"@type":"ImageObject","inLanguage":"fr-FR","@id":"https:\/\/staging.kpitrechiro.com\/#\/schema\/logo\/image\/","url":"https:\/\/staging.kpitrechiro.com\/wp-content\/uploads\/2020\/11\/cropped-LOGO-paint-fond-PNG-2.png","contentUrl":"https:\/\/staging.kpitrechiro.com\/wp-content\/uploads\/2020\/11\/cropped-LOGO-paint-fond-PNG-2.png","width":712,"height":606,"caption":"Dre Kayla Pitre, chiropraticienne - Centre chiropratique de la sant\u00e9 vert\u00e9brale"},"image":{"@id":"https:\/\/staging.kpitrechiro.com\/#\/schema\/logo\/image\/"}}]}},"_links":{"self":[{"href":"https:\/\/staging.kpitrechiro.com\/index.php\/wp-json\/wp\/v2\/pages\/823"}],"collection":[{"href":"https:\/\/staging.kpitrechiro.com\/index.php\/wp-json\/wp\/v2\/pages"}],"about":[{"href":"https:\/\/staging.kpitrechiro.com\/index.php\/wp-json\/wp\/v2\/types\/page"}],"author":[{"embeddable":true,"href":"https:\/\/staging.kpitrechiro.com\/index.php\/wp-json\/wp\/v2\/users\/1"}],"replies":[{"embeddable":true,"href":"https:\/\/staging.kpitrechiro.com\/index.php\/wp-json\/wp\/v2\/comments?post=823"}],"version-history":[{"count":2,"href":"https:\/\/staging.kpitrechiro.com\/index.php\/wp-json\/wp\/v2\/pages\/823\/revisions"}],"predecessor-version":[{"id":826,"href":"https:\/\/staging.kpitrechiro.com\/index.php\/wp-json\/wp\/v2\/pages\/823\/revisions\/826"}],"up":[{"embeddable":true,"href":"https:\/\/staging.kpitrechiro.com\/index.php\/wp-json\/wp\/v2\/pages\/696"}],"wp:attachment":[{"href":"https:\/\/staging.kpitrechiro.com\/index.php\/wp-json\/wp\/v2\/media?parent=823"}],"curies":[{"name":"wp","href":"https:\/\/api.w.org\/{rel}","templated":true}]}}