{"id":916,"date":"2022-12-16T18:27:29","date_gmt":"2022-12-16T18:27:29","guid":{"rendered":"https:\/\/staging.kpitrechiro.com\/?page_id=916"},"modified":"2022-12-16T18:27:30","modified_gmt":"2022-12-16T18:27:30","slug":"prevenir-les-blessures-et-ameliorer-les-performances-sportives","status":"publish","type":"page","link":"https:\/\/staging.kpitrechiro.com\/index.php\/6-infolettre\/condition-traitees\/prevenir-les-blessures-et-ameliorer-les-performances-sportives\/","title":{"rendered":"Pr\u00e9venir les blessures et am\u00e9liorer les performances sportives"},"content":{"rendered":"\n<figure class=\"wp-block-image size-full\"><img loading=\"lazy\" width=\"569\" height=\"525\" src=\"https:\/\/staging.kpitrechiro.com\/wp-content\/uploads\/2020\/11\/12219510_943213865753523_6448225369180875491_n-2.jpg\" alt=\"\" class=\"wp-image-260\" srcset=\"https:\/\/staging.kpitrechiro.com\/wp-content\/uploads\/2020\/11\/12219510_943213865753523_6448225369180875491_n-2.jpg 569w, https:\/\/staging.kpitrechiro.com\/wp-content\/uploads\/2020\/11\/12219510_943213865753523_6448225369180875491_n-2-300x277.jpg 300w\" sizes=\"(max-width: 569px) 100vw, 569px\" \/><\/figure>\n\n\n\n<p>Saviez-vous que&nbsp;<strong>la chiropratique<\/strong>&nbsp;pouvait vous aider \u00e0&nbsp;<strong>soulager et \u00e0 traiter vos blessures<\/strong>, \u00e0&nbsp;<strong>pr\u00e9venir<\/strong>&nbsp;d\u2019\u00e9ventuels probl\u00e8mes neuro-musculo-squelettiques et \u00e0 am\u00e9liorer vos&nbsp;<strong>performances sportives<\/strong>?<\/p>\n\n\n\n<p>Que vous soyez un athl\u00e8te de haut niveau ou un sportif du dimanche, tout le monde sait qu\u2019une blessure peut grandement an\u00e9antir vos plans. Et lorsqu\u2019une blessure se produit, cela peut prendre plusieurs semaines voire plusieurs mois avant de pouvoir revoir un retour \u00e0 la normale. Ceci n\u2019est pas tr\u00e8s souhait\u00e9 lorsque vous \u00eates en p\u00e9riode de comp\u00e9tition ou d\u2019entrainement. Avec des soins r\u00e9guliers en chiropratique, non seulement cela permet de pr\u00e9venir des blessures, mais les soins permettent d\u2019am\u00e9liorer vos performances sportives. Voici comment la chiropratique peut vous b\u00e9n\u00e9ficier en tant que sportif ou athl\u00e8te&nbsp;:<\/p>\n\n\n\n<h3><strong>1)Diminution du risque de blessures<\/strong><\/h3>\n\n\n\n<p>Tout athl\u00e8te, peu importe son calibre, court le risque de se blesser. Et ce malgr\u00e9 un bon \u00e9chauffement, mise en forme et \u00e9quipement. Les mouvements r\u00e9p\u00e9titifs et les chocs occasionn\u00e9s par le sport causent des stress sur les diff\u00e9rentes articulations, muscles et ligaments du corps. Le corps est capable de s\u2019adapter \u00e0 un certain point, mais t\u00f4t ou tard, les dysfonctions et blessures font surface et vous occasionnent des probl\u00e8mes.<\/p>\n\n\n\n<p>En s\u2019assurant que votre corps fonctionne optimalement avec des soins chiropratiques r\u00e9guliers, il y a moins de risque de se blesser. Les soins chiropratiques consistent en des ajustements chiropratiques, du travail musculaire ainsi que diff\u00e9rents conseils (postures, habitudes de vie, exercices etc\u2026) et vous aident \u00e0 \u00eatre au sommet de votre forme.<\/p>\n\n\n\n<h3><strong>2) Am\u00e9lioration des performances sportives<\/strong><\/h3>\n\n\n\n<p>En optimisant les fonctions biom\u00e9caniques des diff\u00e9rentes articulations et en r\u00e9duisant les diff\u00e9rentes tensions, le corps permet de mieux fonctionner et permet alors d\u2019avoir une meilleure \u00e9quilibre, endurance et amplitude de mouvements. Ceci permet d\u2019avoir de meilleures performances sportives, car votre corps et capable d\u2019optimiser les diff\u00e9rents mouvements et de maximiser vos performances.<\/p>\n\n\n\n<p>M\u00eame si vous n\u2019avez pas n\u00e9cessairement de douleur ou de blessure, le chiropraticien \u00e9value le corps en entier afin de pouvoir rep\u00e9rer les dysfonctions pr\u00e9sentes qui feront \u00e9ventuellement surface. En les adressant le plus t\u00f4t possible, vous avez moins de chance de devoir subir une p\u00e9riode de r\u00e9adaptation et manquer de nombreuses semaines ou mois d\u2019entra\u00eenement.<\/p>\n\n\n\n<p>Le docteur en chiropratique est le seul professionnel de la sant\u00e9 \u00e0 utiliser l\u2019<strong>ajustement chiropratique<\/strong>\u00a0comme outil principal de traitement. Cette manipulation d\u2019une articulation permet de\u00a0<strong>r\u00e9tablir la fonction articulaire<\/strong>, d\u2019<strong>am\u00e9liorer la mobilit\u00e9<\/strong>, de\u00a0<strong>r\u00e9duire les tensions musculaires<\/strong>\u00a0et d\u2019optimiser l\u2019ensemble des\u00a0<strong>fonctions<\/strong>\u00a0du corps gr\u00e2ce \u00e0 une action directe sur le syst\u00e8me nerveux. Pour en savoir plus, cliquer<a href=\"https:\/\/staging.kpitrechiro.com\/index.php\/la-chiropratique\/\"> ici.<\/a><\/p>\n\n\n\n<h3><strong>3) Accessible et rapide<\/strong><\/h3>\n\n\n\n<p>Avec leur cours universitaire de 245 cr\u00e9dits \u00e9tal\u00e9s sur 5 ans, les docteurs en chiropratique sont form\u00e9s afin de pouvoir \u00e9valuer, diagnostiquer et traiter les blessures de nature sportives ou m\u00eame d\u2019\u00e9valuer un sportif en pr\u00e9vention. Les docteurs en chiropratique peuvent vous recevoir rapidement. Les soins chiropratiques sont accessible et rapide pour les sportifs avec un horaire charg\u00e9.<\/p>\n\n\n\n<h3><strong>4) Soins personnalis\u00e9s \u00e0 vos besoins<\/strong><\/h3>\n\n\n\n<p>Nous offrons plusieurs services qui seront adapt\u00e9s \u00e0 vos besoins afin de pouvoir atteindre vos buts. En discutant avec votre chiropraticien, ensemble vous serez en mesure de pouvoir \u00e9tablir un plan de traitement qui vous convient. Pour voir nos services offerts, cliquez <a href=\"https:\/\/staging.kpitrechiro.com\/index.php\/nos-services\/\">ici. <\/a><\/p>\n\n\n\n<h3><strong>5) Tous les meilleurs athl\u00e8tes sont suivis en chiropratique<\/strong><\/h3>\n\n\n\n<p>Tiger Woods, Sydney Crosby, Michael Kingsbury, Tom Brady, Joe Montana, Michael Jordan\u00a0: vous connaissez sans doute ces athl\u00e8tes ! Ils sont tous r\u00e9guli\u00e8rement suivis en chiropratique. Si la chiropratique fait partie de leur vie afin de pouvoir am\u00e9liorer leur performance sportive et pr\u00e9venir les blessures, ne croyez-vous pas que c\u2019est bon pour vous aussi ? Les chiropraticiens sont maintenant omnipr\u00e9sents dans les sports de ligues nationales tels le football, le hockey et le golf ainsi que dans l\u2019\u00e9quipe m\u00e9dicale des diff\u00e9rentes d\u00e9l\u00e9gations olympiques.<\/p>\n\n\n\n<p>N&rsquo;attendez pas et prenez rendez-vous d\u00e8s aujourd&rsquo;hui pour vous faire \u00e9valuer en chiropratique. N&rsquo;h\u00e9sitez pas \u00e0 nous <a href=\"https:\/\/staging.kpitrechiro.com\/index.php\/nous-joindre\/\">contacter <\/a>pour toute question.<\/p>\n\n\n\n<h2 class=\"has-text-align-center\">T\u00e9moignage d&rsquo;athl\u00e8tes<\/h2>\n\n\n\n<div class=\"wp-container-1 wp-block-group\"><div class=\"wp-block-group__inner-container\">\n<blockquote class=\"wp-block-quote has-text-align-center\"><p>Chiropractic just makes you feel so much better. When I walk out of the clinic, I feel like I\u2019m about three inches taller and everything\u2019s in place. And as long as I see the chiropractor, I feel like I\u2019m one step ahead of the game<\/p><cite>Tom Brady<\/cite><\/blockquote>\n\n\n\n<blockquote class=\"wp-block-quote has-text-align-center\"><p>I\u2019ve been going to CHIROPRACTORS for as long as I can remember. It\u2019s as important to my training as practicing my swing<\/p><cite>Tiger Woods<\/cite><\/blockquote>\n\n\n\n<blockquote class=\"wp-block-quote has-text-align-center\"><p>Since I\u2019ve been in chiropractic, I\u2019ve improved by leaps and bounds both mentally and physically.\u201d<\/p><cite>Michael Jordan<\/cite><\/blockquote>\n<\/div><\/div>\n","protected":false},"excerpt":{"rendered":"<p>Saviez-vous que&nbsp;la chiropratique&nbsp;pouvait vous aider \u00e0&nbsp;soulager et \u00e0 traiter vos blessures, \u00e0&nbsp;pr\u00e9venir&nbsp;d\u2019\u00e9ventuels probl\u00e8mes neuro-musculo-squelettiques et \u00e0 am\u00e9liorer vos&nbsp;performances sportives? Que vous soyez un athl\u00e8te de haut niveau ou un sportif du dimanche, tout le monde sait qu\u2019une blessure peut grandement an\u00e9antir vos plans. Et lorsqu\u2019une blessure se produit, cela peut prendre plusieurs semaines voire plusieurs [&hellip;]<\/p>\n","protected":false},"author":1,"featured_media":0,"parent":531,"menu_order":0,"comment_status":"closed","ping_status":"closed","template":"","meta":[],"yoast_head":"<!-- This site is optimized with the Yoast SEO plugin v19.5.1 - https:\/\/yoast.com\/wordpress\/plugins\/seo\/ -->\n<title>Pr\u00e9venir les blessures et am\u00e9liorer les performances sportives - Dre Kayla Pitre, chiropraticienne - Centre chiropratique de la sant\u00e9 vert\u00e9brale<\/title>\n<meta name=\"robots\" content=\"index, follow, max-snippet:-1, max-image-preview:large, max-video-preview:-1\" \/>\n<link rel=\"canonical\" href=\"https:\/\/staging.kpitrechiro.com\/index.php\/6-infolettre\/condition-traitees\/prevenir-les-blessures-et-ameliorer-les-performances-sportives\/\" \/>\n<meta property=\"og:locale\" content=\"fr_FR\" \/>\n<meta property=\"og:type\" content=\"article\" \/>\n<meta property=\"og:title\" content=\"Pr\u00e9venir les blessures et am\u00e9liorer les performances sportives - Dre Kayla Pitre, chiropraticienne - Centre chiropratique de la sant\u00e9 vert\u00e9brale\" \/>\n<meta property=\"og:description\" content=\"Saviez-vous que&nbsp;la chiropratique&nbsp;pouvait vous aider \u00e0&nbsp;soulager et \u00e0 traiter vos blessures, \u00e0&nbsp;pr\u00e9venir&nbsp;d\u2019\u00e9ventuels probl\u00e8mes neuro-musculo-squelettiques et \u00e0 am\u00e9liorer vos&nbsp;performances sportives? Que vous soyez un athl\u00e8te de haut niveau ou un sportif du dimanche, tout le monde sait qu\u2019une blessure peut grandement an\u00e9antir vos plans. Et lorsqu\u2019une blessure se produit, cela peut prendre plusieurs semaines voire plusieurs [&hellip;]\" \/>\n<meta property=\"og:url\" content=\"https:\/\/staging.kpitrechiro.com\/index.php\/6-infolettre\/condition-traitees\/prevenir-les-blessures-et-ameliorer-les-performances-sportives\/\" \/>\n<meta property=\"og:site_name\" content=\"Dre Kayla Pitre, chiropraticienne - Centre chiropratique de la sant\u00e9 vert\u00e9brale\" \/>\n<meta property=\"article:modified_time\" content=\"2022-12-16T18:27:30+00:00\" \/>\n<meta property=\"og:image\" content=\"https:\/\/staging.kpitrechiro.com\/wp-content\/uploads\/2020\/11\/12219510_943213865753523_6448225369180875491_n-2.jpg\" \/>\n<meta name=\"twitter:card\" content=\"summary_large_image\" \/>\n<meta name=\"twitter:label1\" content=\"Dur\u00e9e de lecture estim\u00e9e\" \/>\n\t<meta name=\"twitter:data1\" content=\"4 minutes\" \/>\n<script type=\"application\/ld+json\" class=\"yoast-schema-graph\">{\"@context\":\"https:\/\/schema.org\",\"@graph\":[{\"@type\":\"WebPage\",\"@id\":\"https:\/\/staging.kpitrechiro.com\/index.php\/6-infolettre\/condition-traitees\/prevenir-les-blessures-et-ameliorer-les-performances-sportives\/\",\"url\":\"https:\/\/staging.kpitrechiro.com\/index.php\/6-infolettre\/condition-traitees\/prevenir-les-blessures-et-ameliorer-les-performances-sportives\/\",\"name\":\"Pr\u00e9venir les blessures et am\u00e9liorer les performances sportives - Dre Kayla Pitre, chiropraticienne - Centre chiropratique de la sant\u00e9 vert\u00e9brale\",\"isPartOf\":{\"@id\":\"https:\/\/staging.kpitrechiro.com\/#website\"},\"datePublished\":\"2022-12-16T18:27:29+00:00\",\"dateModified\":\"2022-12-16T18:27:30+00:00\",\"breadcrumb\":{\"@id\":\"https:\/\/staging.kpitrechiro.com\/index.php\/6-infolettre\/condition-traitees\/prevenir-les-blessures-et-ameliorer-les-performances-sportives\/#breadcrumb\"},\"inLanguage\":\"fr-FR\",\"potentialAction\":[{\"@type\":\"ReadAction\",\"target\":[\"https:\/\/staging.kpitrechiro.com\/index.php\/6-infolettre\/condition-traitees\/prevenir-les-blessures-et-ameliorer-les-performances-sportives\/\"]}]},{\"@type\":\"BreadcrumbList\",\"@id\":\"https:\/\/staging.kpitrechiro.com\/index.php\/6-infolettre\/condition-traitees\/prevenir-les-blessures-et-ameliorer-les-performances-sportives\/#breadcrumb\",\"itemListElement\":[{\"@type\":\"ListItem\",\"position\":1,\"name\":\"Accueil\",\"item\":\"https:\/\/staging.kpitrechiro.com\/\"},{\"@type\":\"ListItem\",\"position\":2,\"name\":\"Articles infolettre\",\"item\":\"https:\/\/staging.kpitrechiro.com\/index.php\/6-infolettre\/\"},{\"@type\":\"ListItem\",\"position\":3,\"name\":\"Condition trait\u00e9es\",\"item\":\"https:\/\/staging.kpitrechiro.com\/index.php\/6-infolettre\/condition-traitees\/\"},{\"@type\":\"ListItem\",\"position\":4,\"name\":\"Pr\u00e9venir les blessures et am\u00e9liorer les performances sportives\"}]},{\"@type\":\"WebSite\",\"@id\":\"https:\/\/staging.kpitrechiro.com\/#website\",\"url\":\"https:\/\/staging.kpitrechiro.com\/\",\"name\":\"Dre Kayla Pitre, chiropraticienne - Centre chiropratique de la sant\u00e9 vert\u00e9brale\",\"description\":\"Soyez la meilleure version de vous-m\u00eame !\",\"publisher\":{\"@id\":\"https:\/\/staging.kpitrechiro.com\/#organization\"},\"potentialAction\":[{\"@type\":\"SearchAction\",\"target\":{\"@type\":\"EntryPoint\",\"urlTemplate\":\"https:\/\/staging.kpitrechiro.com\/?s={search_term_string}\"},\"query-input\":\"required name=search_term_string\"}],\"inLanguage\":\"fr-FR\"},{\"@type\":\"Organization\",\"@id\":\"https:\/\/staging.kpitrechiro.com\/#organization\",\"name\":\"Dre Kayla Pitre, chiropraticienne - Centre chiropratique de la sant\u00e9 vert\u00e9brale\",\"url\":\"https:\/\/staging.kpitrechiro.com\/\",\"sameAs\":[],\"logo\":{\"@type\":\"ImageObject\",\"inLanguage\":\"fr-FR\",\"@id\":\"https:\/\/staging.kpitrechiro.com\/#\/schema\/logo\/image\/\",\"url\":\"https:\/\/staging.kpitrechiro.com\/wp-content\/uploads\/2020\/11\/cropped-LOGO-paint-fond-PNG-2.png\",\"contentUrl\":\"https:\/\/staging.kpitrechiro.com\/wp-content\/uploads\/2020\/11\/cropped-LOGO-paint-fond-PNG-2.png\",\"width\":712,\"height\":606,\"caption\":\"Dre Kayla Pitre, chiropraticienne - Centre chiropratique de la sant\u00e9 vert\u00e9brale\"},\"image\":{\"@id\":\"https:\/\/staging.kpitrechiro.com\/#\/schema\/logo\/image\/\"}}]}<\/script>\n<!-- \/ Yoast SEO plugin. -->","yoast_head_json":{"title":"Pr\u00e9venir les blessures et am\u00e9liorer les performances sportives - Dre Kayla Pitre, chiropraticienne - Centre chiropratique de la sant\u00e9 vert\u00e9brale","robots":{"index":"index","follow":"follow","max-snippet":"max-snippet:-1","max-image-preview":"max-image-preview:large","max-video-preview":"max-video-preview:-1"},"canonical":"https:\/\/staging.kpitrechiro.com\/index.php\/6-infolettre\/condition-traitees\/prevenir-les-blessures-et-ameliorer-les-performances-sportives\/","og_locale":"fr_FR","og_type":"article","og_title":"Pr\u00e9venir les blessures et am\u00e9liorer les performances sportives - Dre Kayla Pitre, chiropraticienne - Centre chiropratique de la sant\u00e9 vert\u00e9brale","og_description":"Saviez-vous que&nbsp;la chiropratique&nbsp;pouvait vous aider \u00e0&nbsp;soulager et \u00e0 traiter vos blessures, \u00e0&nbsp;pr\u00e9venir&nbsp;d\u2019\u00e9ventuels probl\u00e8mes neuro-musculo-squelettiques et \u00e0 am\u00e9liorer vos&nbsp;performances sportives? Que vous soyez un athl\u00e8te de haut niveau ou un sportif du dimanche, tout le monde sait qu\u2019une blessure peut grandement an\u00e9antir vos plans. Et lorsqu\u2019une blessure se produit, cela peut prendre plusieurs semaines voire plusieurs [&hellip;]","og_url":"https:\/\/staging.kpitrechiro.com\/index.php\/6-infolettre\/condition-traitees\/prevenir-les-blessures-et-ameliorer-les-performances-sportives\/","og_site_name":"Dre Kayla Pitre, chiropraticienne - Centre chiropratique de la sant\u00e9 vert\u00e9brale","article_modified_time":"2022-12-16T18:27:30+00:00","og_image":[{"url":"https:\/\/staging.kpitrechiro.com\/wp-content\/uploads\/2020\/11\/12219510_943213865753523_6448225369180875491_n-2.jpg"}],"twitter_card":"summary_large_image","twitter_misc":{"Dur\u00e9e de lecture estim\u00e9e":"4 minutes"},"schema":{"@context":"https:\/\/schema.org","@graph":[{"@type":"WebPage","@id":"https:\/\/staging.kpitrechiro.com\/index.php\/6-infolettre\/condition-traitees\/prevenir-les-blessures-et-ameliorer-les-performances-sportives\/","url":"https:\/\/staging.kpitrechiro.com\/index.php\/6-infolettre\/condition-traitees\/prevenir-les-blessures-et-ameliorer-les-performances-sportives\/","name":"Pr\u00e9venir les blessures et am\u00e9liorer les performances sportives - Dre Kayla Pitre, chiropraticienne - Centre chiropratique de la sant\u00e9 vert\u00e9brale","isPartOf":{"@id":"https:\/\/staging.kpitrechiro.com\/#website"},"datePublished":"2022-12-16T18:27:29+00:00","dateModified":"2022-12-16T18:27:30+00:00","breadcrumb":{"@id":"https:\/\/staging.kpitrechiro.com\/index.php\/6-infolettre\/condition-traitees\/prevenir-les-blessures-et-ameliorer-les-performances-sportives\/#breadcrumb"},"inLanguage":"fr-FR","potentialAction":[{"@type":"ReadAction","target":["https:\/\/staging.kpitrechiro.com\/index.php\/6-infolettre\/condition-traitees\/prevenir-les-blessures-et-ameliorer-les-performances-sportives\/"]}]},{"@type":"BreadcrumbList","@id":"https:\/\/staging.kpitrechiro.com\/index.php\/6-infolettre\/condition-traitees\/prevenir-les-blessures-et-ameliorer-les-performances-sportives\/#breadcrumb","itemListElement":[{"@type":"ListItem","position":1,"name":"Accueil","item":"https:\/\/staging.kpitrechiro.com\/"},{"@type":"ListItem","position":2,"name":"Articles infolettre","item":"https:\/\/staging.kpitrechiro.com\/index.php\/6-infolettre\/"},{"@type":"ListItem","position":3,"name":"Condition trait\u00e9es","item":"https:\/\/staging.kpitrechiro.com\/index.php\/6-infolettre\/condition-traitees\/"},{"@type":"ListItem","position":4,"name":"Pr\u00e9venir les blessures et am\u00e9liorer les performances sportives"}]},{"@type":"WebSite","@id":"https:\/\/staging.kpitrechiro.com\/#website","url":"https:\/\/staging.kpitrechiro.com\/","name":"Dre Kayla Pitre, chiropraticienne - Centre chiropratique de la sant\u00e9 vert\u00e9brale","description":"Soyez la meilleure version de vous-m\u00eame !","publisher":{"@id":"https:\/\/staging.kpitrechiro.com\/#organization"},"potentialAction":[{"@type":"SearchAction","target":{"@type":"EntryPoint","urlTemplate":"https:\/\/staging.kpitrechiro.com\/?s={search_term_string}"},"query-input":"required name=search_term_string"}],"inLanguage":"fr-FR"},{"@type":"Organization","@id":"https:\/\/staging.kpitrechiro.com\/#organization","name":"Dre Kayla Pitre, chiropraticienne - Centre chiropratique de la sant\u00e9 vert\u00e9brale","url":"https:\/\/staging.kpitrechiro.com\/","sameAs":[],"logo":{"@type":"ImageObject","inLanguage":"fr-FR","@id":"https:\/\/staging.kpitrechiro.com\/#\/schema\/logo\/image\/","url":"https:\/\/staging.kpitrechiro.com\/wp-content\/uploads\/2020\/11\/cropped-LOGO-paint-fond-PNG-2.png","contentUrl":"https:\/\/staging.kpitrechiro.com\/wp-content\/uploads\/2020\/11\/cropped-LOGO-paint-fond-PNG-2.png","width":712,"height":606,"caption":"Dre Kayla Pitre, chiropraticienne - Centre chiropratique de la sant\u00e9 vert\u00e9brale"},"image":{"@id":"https:\/\/staging.kpitrechiro.com\/#\/schema\/logo\/image\/"}}]}},"_links":{"self":[{"href":"https:\/\/staging.kpitrechiro.com\/index.php\/wp-json\/wp\/v2\/pages\/916"}],"collection":[{"href":"https:\/\/staging.kpitrechiro.com\/index.php\/wp-json\/wp\/v2\/pages"}],"about":[{"href":"https:\/\/staging.kpitrechiro.com\/index.php\/wp-json\/wp\/v2\/types\/page"}],"author":[{"embeddable":true,"href":"https:\/\/staging.kpitrechiro.com\/index.php\/wp-json\/wp\/v2\/users\/1"}],"replies":[{"embeddable":true,"href":"https:\/\/staging.kpitrechiro.com\/index.php\/wp-json\/wp\/v2\/comments?post=916"}],"version-history":[{"count":1,"href":"https:\/\/staging.kpitrechiro.com\/index.php\/wp-json\/wp\/v2\/pages\/916\/revisions"}],"predecessor-version":[{"id":917,"href":"https:\/\/staging.kpitrechiro.com\/index.php\/wp-json\/wp\/v2\/pages\/916\/revisions\/917"}],"up":[{"embeddable":true,"href":"https:\/\/staging.kpitrechiro.com\/index.php\/wp-json\/wp\/v2\/pages\/531"}],"wp:attachment":[{"href":"https:\/\/staging.kpitrechiro.com\/index.php\/wp-json\/wp\/v2\/media?parent=916"}],"curies":[{"name":"wp","href":"https:\/\/api.w.org\/{rel}","templated":true}]}}