{"id":939,"date":"2023-05-18T15:03:11","date_gmt":"2023-05-18T15:03:11","guid":{"rendered":"https:\/\/staging.kpitrechiro.com\/?page_id=939"},"modified":"2023-05-18T15:03:11","modified_gmt":"2023-05-18T15:03:11","slug":"le-role-de-la-chiropratique-dans-la-gestion-des-allergies","status":"publish","type":"page","link":"https:\/\/staging.kpitrechiro.com\/index.php\/6-infolettre\/condition-traitees\/le-role-de-la-chiropratique-dans-la-gestion-des-allergies\/","title":{"rendered":"Le r\u00f4le de la chiropratique dans la gestion des allergies"},"content":{"rendered":"<div class=\"wp-block-image\">\n<figure class=\"aligncenter size-full\"><img loading=\"lazy\" width=\"512\" height=\"512\" src=\"https:\/\/staging.kpitrechiro.com\/wp-content\/uploads\/2023\/05\/dandelion.png\" alt=\"\" class=\"wp-image-940\" srcset=\"https:\/\/staging.kpitrechiro.com\/wp-content\/uploads\/2023\/05\/dandelion.png 512w, https:\/\/staging.kpitrechiro.com\/wp-content\/uploads\/2023\/05\/dandelion-300x300.png 300w, https:\/\/staging.kpitrechiro.com\/wp-content\/uploads\/2023\/05\/dandelion-150x150.png 150w\" sizes=\"(max-width: 512px) 100vw, 512px\" \/><\/figure><\/div>\n\n\n<p>Les allergies peuvent \u00eatre une v\u00e9ritable nuisance pour de nombreuses personnes, entra\u00eenant des sympt\u00f4mes g\u00eanants tels que des \u00e9ternuements, des d\u00e9mangeaisons, un \u00e9coulement nasal et des probl\u00e8mes respiratoires. Bien que la chiropratique ne traite pas directement les allergies, elle peut jouer un r\u00f4le important dans la gestion de ces affections allergiques. Dans cet article, nous explorerons comment la chiropratique peut aider \u00e0 soulager les sympt\u00f4mes des allergies et \u00e0 am\u00e9liorer la qualit\u00e9 de vie des personnes qui en souffrent.<\/p>\n\n\n\n<p><strong>Alignement vert\u00e9bral et syst\u00e8me nerveux :<\/strong><\/p>\n\n\n\n<p>La chiropratique se concentre sur l&rsquo;alignement de la colonne vert\u00e9brale et la sant\u00e9 du syst\u00e8me nerveux. Des recherches ont montr\u00e9 que les dysfonctionnements de la colonne vert\u00e9brale peuvent perturber le fonctionnement optimal du syst\u00e8me nerveux. Un syst\u00e8me nerveux alt\u00e9r\u00e9 peut affaiblir les r\u00e9ponses de d\u00e9fense de l&rsquo;organisme.<\/p>\n\n\n\n<p><strong>R\u00e9duction du stress :<\/strong><\/p>\n\n\n\n<p>La chiropratique peut aider \u00e0 r\u00e9duire le stress physique qui peut aggraver les sympt\u00f4mes allergiques. Les ajustements chiropratiques peuvent aider \u00e0 d\u00e9tendre les muscles tendus et \u00e0 am\u00e9liorer la circulation sanguine, ce qui favorise une meilleure gestion du stress.<\/p>\n\n\n\n<p><strong>Am\u00e9lioration de la fonction respiratoire :<\/strong><\/p>\n\n\n\n<p>Des ajustements chiropratiques sp\u00e9cifiques peuvent aider \u00e0 am\u00e9liorer la mobilit\u00e9 de la cage thoracique et de la colonne vert\u00e9brale, ce qui peut faciliter la respiration. Elle peut aussi aider avec la congestion nasale en d\u00e9gageant les sinus.<\/p>\n\n\n\n<p>N\u2019h\u00e9sitez pas de demander \u00e0 votre chiropraticien de travailler vos sinus ou votre cage thoracique si vous avez des sympt\u00f4mes d\u2019allergies. Il pourra aussi vous conseiller sur diff\u00e9rents facteurs afin d\u2019am\u00e9liorer vos habitudes de vies pouvant nuire \u00e0 vos allergies.<\/p>\n","protected":false},"excerpt":{"rendered":"<p>Les allergies peuvent \u00eatre une v\u00e9ritable nuisance pour de nombreuses personnes, entra\u00eenant des sympt\u00f4mes g\u00eanants tels que des \u00e9ternuements, des d\u00e9mangeaisons, un \u00e9coulement nasal et des probl\u00e8mes respiratoires. Bien que la chiropratique ne traite pas directement les allergies, elle peut jouer un r\u00f4le important dans la gestion de ces affections allergiques. Dans cet article, nous [&hellip;]<\/p>\n","protected":false},"author":1,"featured_media":0,"parent":531,"menu_order":0,"comment_status":"closed","ping_status":"closed","template":"","meta":[],"yoast_head":"<!-- This site is optimized with the Yoast SEO plugin v19.5.1 - https:\/\/yoast.com\/wordpress\/plugins\/seo\/ -->\n<title>Le r\u00f4le de la chiropratique dans la gestion des allergies - Dre Kayla Pitre, chiropraticienne - Centre chiropratique de la sant\u00e9 vert\u00e9brale<\/title>\n<meta name=\"description\" content=\"Les allergies peuvent \u00eatre une v\u00e9ritable nuisance pour de nombreuses personnes, entra\u00eenant des sympt\u00f4mes g\u00eanants tels que des \u00e9ternuements, des d\u00e9mangeaisons, un \u00e9coulement nasal et des probl\u00e8mes respiratoires. Bien que la chiropratique ne traite pas directement les allergies, elle peut jouer un r\u00f4le important dans la gestion de ces affections allergiques.\" \/>\n<meta name=\"robots\" content=\"index, follow, max-snippet:-1, max-image-preview:large, max-video-preview:-1\" \/>\n<link rel=\"canonical\" href=\"https:\/\/staging.kpitrechiro.com\/index.php\/6-infolettre\/condition-traitees\/le-role-de-la-chiropratique-dans-la-gestion-des-allergies\/\" \/>\n<meta property=\"og:locale\" content=\"fr_FR\" \/>\n<meta property=\"og:type\" content=\"article\" \/>\n<meta property=\"og:title\" content=\"Le r\u00f4le de la chiropratique dans la gestion des allergies - Dre Kayla Pitre, chiropraticienne - Centre chiropratique de la sant\u00e9 vert\u00e9brale\" \/>\n<meta property=\"og:description\" content=\"Les allergies peuvent \u00eatre une v\u00e9ritable nuisance pour de nombreuses personnes, entra\u00eenant des sympt\u00f4mes g\u00eanants tels que des \u00e9ternuements, des d\u00e9mangeaisons, un \u00e9coulement nasal et des probl\u00e8mes respiratoires. Bien que la chiropratique ne traite pas directement les allergies, elle peut jouer un r\u00f4le important dans la gestion de ces affections allergiques.\" \/>\n<meta property=\"og:url\" content=\"https:\/\/staging.kpitrechiro.com\/index.php\/6-infolettre\/condition-traitees\/le-role-de-la-chiropratique-dans-la-gestion-des-allergies\/\" \/>\n<meta property=\"og:site_name\" content=\"Dre Kayla Pitre, chiropraticienne - Centre chiropratique de la sant\u00e9 vert\u00e9brale\" \/>\n<meta property=\"og:image\" content=\"https:\/\/staging.kpitrechiro.com\/wp-content\/uploads\/2023\/05\/dandelion.png\" \/>\n<meta name=\"twitter:card\" content=\"summary_large_image\" \/>\n<meta name=\"twitter:label1\" content=\"Dur\u00e9e de lecture estim\u00e9e\" \/>\n\t<meta name=\"twitter:data1\" content=\"2 minutes\" \/>\n<script type=\"application\/ld+json\" class=\"yoast-schema-graph\">{\"@context\":\"https:\/\/schema.org\",\"@graph\":[{\"@type\":\"WebPage\",\"@id\":\"https:\/\/staging.kpitrechiro.com\/index.php\/6-infolettre\/condition-traitees\/le-role-de-la-chiropratique-dans-la-gestion-des-allergies\/\",\"url\":\"https:\/\/staging.kpitrechiro.com\/index.php\/6-infolettre\/condition-traitees\/le-role-de-la-chiropratique-dans-la-gestion-des-allergies\/\",\"name\":\"Le r\u00f4le de la chiropratique dans la gestion des allergies - Dre Kayla Pitre, chiropraticienne - Centre chiropratique de la sant\u00e9 vert\u00e9brale\",\"isPartOf\":{\"@id\":\"https:\/\/staging.kpitrechiro.com\/#website\"},\"datePublished\":\"2023-05-18T15:03:11+00:00\",\"dateModified\":\"2023-05-18T15:03:11+00:00\",\"description\":\"Les allergies peuvent \u00eatre une v\u00e9ritable nuisance pour de nombreuses personnes, entra\u00eenant des sympt\u00f4mes g\u00eanants tels que des \u00e9ternuements, des d\u00e9mangeaisons, un \u00e9coulement nasal et des probl\u00e8mes respiratoires. Bien que la chiropratique ne traite pas directement les allergies, elle peut jouer un r\u00f4le important dans la gestion de ces affections allergiques.\",\"breadcrumb\":{\"@id\":\"https:\/\/staging.kpitrechiro.com\/index.php\/6-infolettre\/condition-traitees\/le-role-de-la-chiropratique-dans-la-gestion-des-allergies\/#breadcrumb\"},\"inLanguage\":\"fr-FR\",\"potentialAction\":[{\"@type\":\"ReadAction\",\"target\":[\"https:\/\/staging.kpitrechiro.com\/index.php\/6-infolettre\/condition-traitees\/le-role-de-la-chiropratique-dans-la-gestion-des-allergies\/\"]}]},{\"@type\":\"BreadcrumbList\",\"@id\":\"https:\/\/staging.kpitrechiro.com\/index.php\/6-infolettre\/condition-traitees\/le-role-de-la-chiropratique-dans-la-gestion-des-allergies\/#breadcrumb\",\"itemListElement\":[{\"@type\":\"ListItem\",\"position\":1,\"name\":\"Accueil\",\"item\":\"https:\/\/staging.kpitrechiro.com\/\"},{\"@type\":\"ListItem\",\"position\":2,\"name\":\"Articles infolettre\",\"item\":\"https:\/\/staging.kpitrechiro.com\/index.php\/6-infolettre\/\"},{\"@type\":\"ListItem\",\"position\":3,\"name\":\"Condition trait\u00e9es\",\"item\":\"https:\/\/staging.kpitrechiro.com\/index.php\/6-infolettre\/condition-traitees\/\"},{\"@type\":\"ListItem\",\"position\":4,\"name\":\"Le r\u00f4le de la chiropratique dans la gestion des allergies\"}]},{\"@type\":\"WebSite\",\"@id\":\"https:\/\/staging.kpitrechiro.com\/#website\",\"url\":\"https:\/\/staging.kpitrechiro.com\/\",\"name\":\"Dre Kayla Pitre, chiropraticienne - Centre chiropratique de la sant\u00e9 vert\u00e9brale\",\"description\":\"Soyez la meilleure version de vous-m\u00eame !\",\"publisher\":{\"@id\":\"https:\/\/staging.kpitrechiro.com\/#organization\"},\"potentialAction\":[{\"@type\":\"SearchAction\",\"target\":{\"@type\":\"EntryPoint\",\"urlTemplate\":\"https:\/\/staging.kpitrechiro.com\/?s={search_term_string}\"},\"query-input\":\"required name=search_term_string\"}],\"inLanguage\":\"fr-FR\"},{\"@type\":\"Organization\",\"@id\":\"https:\/\/staging.kpitrechiro.com\/#organization\",\"name\":\"Dre Kayla Pitre, chiropraticienne - Centre chiropratique de la sant\u00e9 vert\u00e9brale\",\"url\":\"https:\/\/staging.kpitrechiro.com\/\",\"sameAs\":[],\"logo\":{\"@type\":\"ImageObject\",\"inLanguage\":\"fr-FR\",\"@id\":\"https:\/\/staging.kpitrechiro.com\/#\/schema\/logo\/image\/\",\"url\":\"https:\/\/staging.kpitrechiro.com\/wp-content\/uploads\/2020\/11\/cropped-LOGO-paint-fond-PNG-2.png\",\"contentUrl\":\"https:\/\/staging.kpitrechiro.com\/wp-content\/uploads\/2020\/11\/cropped-LOGO-paint-fond-PNG-2.png\",\"width\":712,\"height\":606,\"caption\":\"Dre Kayla Pitre, chiropraticienne - Centre chiropratique de la sant\u00e9 vert\u00e9brale\"},\"image\":{\"@id\":\"https:\/\/staging.kpitrechiro.com\/#\/schema\/logo\/image\/\"}}]}<\/script>\n<!-- \/ Yoast SEO plugin. -->","yoast_head_json":{"title":"Le r\u00f4le de la chiropratique dans la gestion des allergies - Dre Kayla Pitre, chiropraticienne - Centre chiropratique de la sant\u00e9 vert\u00e9brale","description":"Les allergies peuvent \u00eatre une v\u00e9ritable nuisance pour de nombreuses personnes, entra\u00eenant des sympt\u00f4mes g\u00eanants tels que des \u00e9ternuements, des d\u00e9mangeaisons, un \u00e9coulement nasal et des probl\u00e8mes respiratoires. Bien que la chiropratique ne traite pas directement les allergies, elle peut jouer un r\u00f4le important dans la gestion de ces affections allergiques.","robots":{"index":"index","follow":"follow","max-snippet":"max-snippet:-1","max-image-preview":"max-image-preview:large","max-video-preview":"max-video-preview:-1"},"canonical":"https:\/\/staging.kpitrechiro.com\/index.php\/6-infolettre\/condition-traitees\/le-role-de-la-chiropratique-dans-la-gestion-des-allergies\/","og_locale":"fr_FR","og_type":"article","og_title":"Le r\u00f4le de la chiropratique dans la gestion des allergies - Dre Kayla Pitre, chiropraticienne - Centre chiropratique de la sant\u00e9 vert\u00e9brale","og_description":"Les allergies peuvent \u00eatre une v\u00e9ritable nuisance pour de nombreuses personnes, entra\u00eenant des sympt\u00f4mes g\u00eanants tels que des \u00e9ternuements, des d\u00e9mangeaisons, un \u00e9coulement nasal et des probl\u00e8mes respiratoires. Bien que la chiropratique ne traite pas directement les allergies, elle peut jouer un r\u00f4le important dans la gestion de ces affections allergiques.","og_url":"https:\/\/staging.kpitrechiro.com\/index.php\/6-infolettre\/condition-traitees\/le-role-de-la-chiropratique-dans-la-gestion-des-allergies\/","og_site_name":"Dre Kayla Pitre, chiropraticienne - Centre chiropratique de la sant\u00e9 vert\u00e9brale","og_image":[{"url":"https:\/\/staging.kpitrechiro.com\/wp-content\/uploads\/2023\/05\/dandelion.png"}],"twitter_card":"summary_large_image","twitter_misc":{"Dur\u00e9e de lecture estim\u00e9e":"2 minutes"},"schema":{"@context":"https:\/\/schema.org","@graph":[{"@type":"WebPage","@id":"https:\/\/staging.kpitrechiro.com\/index.php\/6-infolettre\/condition-traitees\/le-role-de-la-chiropratique-dans-la-gestion-des-allergies\/","url":"https:\/\/staging.kpitrechiro.com\/index.php\/6-infolettre\/condition-traitees\/le-role-de-la-chiropratique-dans-la-gestion-des-allergies\/","name":"Le r\u00f4le de la chiropratique dans la gestion des allergies - Dre Kayla Pitre, chiropraticienne - Centre chiropratique de la sant\u00e9 vert\u00e9brale","isPartOf":{"@id":"https:\/\/staging.kpitrechiro.com\/#website"},"datePublished":"2023-05-18T15:03:11+00:00","dateModified":"2023-05-18T15:03:11+00:00","description":"Les allergies peuvent \u00eatre une v\u00e9ritable nuisance pour de nombreuses personnes, entra\u00eenant des sympt\u00f4mes g\u00eanants tels que des \u00e9ternuements, des d\u00e9mangeaisons, un \u00e9coulement nasal et des probl\u00e8mes respiratoires. Bien que la chiropratique ne traite pas directement les allergies, elle peut jouer un r\u00f4le important dans la gestion de ces affections allergiques.","breadcrumb":{"@id":"https:\/\/staging.kpitrechiro.com\/index.php\/6-infolettre\/condition-traitees\/le-role-de-la-chiropratique-dans-la-gestion-des-allergies\/#breadcrumb"},"inLanguage":"fr-FR","potentialAction":[{"@type":"ReadAction","target":["https:\/\/staging.kpitrechiro.com\/index.php\/6-infolettre\/condition-traitees\/le-role-de-la-chiropratique-dans-la-gestion-des-allergies\/"]}]},{"@type":"BreadcrumbList","@id":"https:\/\/staging.kpitrechiro.com\/index.php\/6-infolettre\/condition-traitees\/le-role-de-la-chiropratique-dans-la-gestion-des-allergies\/#breadcrumb","itemListElement":[{"@type":"ListItem","position":1,"name":"Accueil","item":"https:\/\/staging.kpitrechiro.com\/"},{"@type":"ListItem","position":2,"name":"Articles infolettre","item":"https:\/\/staging.kpitrechiro.com\/index.php\/6-infolettre\/"},{"@type":"ListItem","position":3,"name":"Condition trait\u00e9es","item":"https:\/\/staging.kpitrechiro.com\/index.php\/6-infolettre\/condition-traitees\/"},{"@type":"ListItem","position":4,"name":"Le r\u00f4le de la chiropratique dans la gestion des allergies"}]},{"@type":"WebSite","@id":"https:\/\/staging.kpitrechiro.com\/#website","url":"https:\/\/staging.kpitrechiro.com\/","name":"Dre Kayla Pitre, chiropraticienne - Centre chiropratique de la sant\u00e9 vert\u00e9brale","description":"Soyez la meilleure version de vous-m\u00eame !","publisher":{"@id":"https:\/\/staging.kpitrechiro.com\/#organization"},"potentialAction":[{"@type":"SearchAction","target":{"@type":"EntryPoint","urlTemplate":"https:\/\/staging.kpitrechiro.com\/?s={search_term_string}"},"query-input":"required name=search_term_string"}],"inLanguage":"fr-FR"},{"@type":"Organization","@id":"https:\/\/staging.kpitrechiro.com\/#organization","name":"Dre Kayla Pitre, chiropraticienne - Centre chiropratique de la sant\u00e9 vert\u00e9brale","url":"https:\/\/staging.kpitrechiro.com\/","sameAs":[],"logo":{"@type":"ImageObject","inLanguage":"fr-FR","@id":"https:\/\/staging.kpitrechiro.com\/#\/schema\/logo\/image\/","url":"https:\/\/staging.kpitrechiro.com\/wp-content\/uploads\/2020\/11\/cropped-LOGO-paint-fond-PNG-2.png","contentUrl":"https:\/\/staging.kpitrechiro.com\/wp-content\/uploads\/2020\/11\/cropped-LOGO-paint-fond-PNG-2.png","width":712,"height":606,"caption":"Dre Kayla Pitre, chiropraticienne - Centre chiropratique de la sant\u00e9 vert\u00e9brale"},"image":{"@id":"https:\/\/staging.kpitrechiro.com\/#\/schema\/logo\/image\/"}}]}},"_links":{"self":[{"href":"https:\/\/staging.kpitrechiro.com\/index.php\/wp-json\/wp\/v2\/pages\/939"}],"collection":[{"href":"https:\/\/staging.kpitrechiro.com\/index.php\/wp-json\/wp\/v2\/pages"}],"about":[{"href":"https:\/\/staging.kpitrechiro.com\/index.php\/wp-json\/wp\/v2\/types\/page"}],"author":[{"embeddable":true,"href":"https:\/\/staging.kpitrechiro.com\/index.php\/wp-json\/wp\/v2\/users\/1"}],"replies":[{"embeddable":true,"href":"https:\/\/staging.kpitrechiro.com\/index.php\/wp-json\/wp\/v2\/comments?post=939"}],"version-history":[{"count":1,"href":"https:\/\/staging.kpitrechiro.com\/index.php\/wp-json\/wp\/v2\/pages\/939\/revisions"}],"predecessor-version":[{"id":941,"href":"https:\/\/staging.kpitrechiro.com\/index.php\/wp-json\/wp\/v2\/pages\/939\/revisions\/941"}],"up":[{"embeddable":true,"href":"https:\/\/staging.kpitrechiro.com\/index.php\/wp-json\/wp\/v2\/pages\/531"}],"wp:attachment":[{"href":"https:\/\/staging.kpitrechiro.com\/index.php\/wp-json\/wp\/v2\/media?parent=939"}],"curies":[{"name":"wp","href":"https:\/\/api.w.org\/{rel}","templated":true}]}}