{"id":983,"date":"2023-09-18T23:43:37","date_gmt":"2023-09-18T23:43:37","guid":{"rendered":"https:\/\/staging.kpitrechiro.com\/?page_id=983"},"modified":"2023-09-18T23:43:37","modified_gmt":"2023-09-18T23:43:37","slug":"politique-de-protection-des-renseignements-personnels-et-de-confidentialite","status":"publish","type":"page","link":"https:\/\/staging.kpitrechiro.com\/index.php\/politique-de-protection-des-renseignements-personnels-et-de-confidentialite\/","title":{"rendered":"Politique de protection des renseignements personnels et de confidentialit\u00e9"},"content":{"rendered":"\n<p><strong>Derni\u00e8re mise \u00e0 jour :<\/strong><\/p>\n\n\n\n<p><em>18 septembre 2023<\/em><\/p>\n\n\n\n<p>L\u2019objectif de cette politique est de garantir la pr\u00e9servation des informations personnelles et de r\u00e9guler la mani\u00e8re dont nous les recueillons, les exploitons, les communiquons, les conservons et les \u00e9liminons, ou g\u00e9rons autrement. De plus, elle a pour but d\u2019informer toute personne concern\u00e9e sur la fa\u00e7on dont nous traitons les donn\u00e9es personnelles. Elle englobe \u00e9galement la politique relative aux fichiers t\u00e9moins ainsi que les param\u00e8tres de consentement de ces fichiers t\u00e9moins.<\/p>\n\n\n\n<p>1. COLLECTE DE RENSEIGNEMENTS PERSONNELS<\/p>\n\n\n\n<p>En visitant notre site web, il est possible que des donn\u00e9es personnelles vous concernant, telles que votre nom, votre adresse, votre courriel, votre num\u00e9ro de t\u00e9l\u00e9phone, etc., soient recueillies. Ces informations ne sont collect\u00e9es que si vous les fournissez volontairement, par exemple en remplissant un formulaire de contact, une demande de rappel, etc.&nbsp;&nbsp;Notre engagement se focalise sur la collecte exclusive des informations essentielles et pertinentes en vue de r\u00e9pondre \u00e0 votre demande de service.<\/p>\n\n\n\n<p>2. PROTECTION DES RENSEIGNEMENTS PERSONNELS<\/p>\n\n\n\n<p>Nous impl\u00e9mentons des mesures de s\u00e9curit\u00e9 ad\u00e9quates afin de pr\u00e9venir tout acc\u00e8s, utilisation ou divulgation non autoris\u00e9s de vos donn\u00e9es personnelles. En outre, l\u2019acc\u00e8s \u00e0 vos informations est restreint aux seuls employ\u00e9s ou prestataires de services n\u00e9cessitant ces donn\u00e9es pour vous offrir des services.<\/p>\n\n\n\n<p>3. PARTAGE DES RENSEIGNEMENTS PERSONNELS<\/p>\n\n\n\n<p>Nous n\u2019\u00e9changeons, ne vendons, ne louons, ni ne c\u00e9dons vos donn\u00e9es personnelles \u00e0 des tiers \u00e0 des fins de marketing, \u00e0 moins que vous ne nous donniez express\u00e9ment votre accord. Cependant, il se peut que nous partagions vos informations avec des fournisseurs de services externes qui nous assistent dans la gestion de notre entreprise. Nous prenons des mesures pour que ces tiers adh\u00e8rent \u00e0 des normes rigoureuses en mati\u00e8re de s\u00e9curit\u00e9 et de confidentialit\u00e9.<\/p>\n\n\n\n<p>4. CONSERVATION ET DESTRUCTION DES RENSEIGNEMENTS PERSONNELS<\/p>\n\n\n\n<p>Nous conservons vos donn\u00e9es personnelles pendant la dur\u00e9e requise pour atteindre les objectifs pour lesquels elles ont \u00e9t\u00e9 collect\u00e9es, \u00e0 moins que la loi ne pr\u00e9voie le contraire. Des mesures sont mises en place pour assurer que vos informations sont trait\u00e9es de mani\u00e8re s\u00e9curis\u00e9e et en conformit\u00e9 avec cette politique. Une fois que les donn\u00e9es personnelles ne sont plus requises, nous veillons \u00e0 leur \u00e9limination ou leur anonymisation. Nous effectuons la destruction des informations de mani\u00e8re s\u00e9curis\u00e9e, garantissant ainsi la pr\u00e9servation de leur confidentialit\u00e9.<\/p>\n\n\n\n<p>5. UTILISATION DES FICHIERS T\u00c9MOINS<\/p>\n\n\n\n<p>Afin d\u2019enrichir votre exp\u00e9rience de navigation, notre site web recourt \u00e0 des fichiers t\u00e9moins (cookies). Il s\u2019agit de petits fichiers texte qui sont conserv\u00e9s sur votre dispositif lorsque vous explorez notre site. Ils nous permettent de collecter des renseignements tels que les pages visit\u00e9es, la dur\u00e9e de la visite et vos pr\u00e9f\u00e9rences linguistiques. Ces donn\u00e9es nous aident \u00e0 d\u00e9cortiquer les tendances, \u00e0 optimiser notre site et \u00e0 vous offrir un contenu personnalis\u00e9.<\/p>\n\n\n\n<p>Vous pouvez choisir d\u2019accepter ou de refuser les t\u00e9moins \u00e0 l\u2019aide de notre formulaire de consentement. Il est \u00e9galement possible d\u2019activer et de d\u00e9sactiver l\u2019utilisation des t\u00e9moins en changeant vos pr\u00e9f\u00e9rences dans les param\u00e8tres de votre navigateur. Cependant, veuillez noter que d\u00e9sactiver les cookies pourrait limiter certaines fonctionnalit\u00e9s de notre site web.<\/p>\n\n\n\n<p>5.1 D\u00c9FINITION DES DIFF\u00c9RENTS FICHIERS T\u00c9MOINS UTILIS\u00c9S<\/p>\n\n\n\n<p>5.1.1 T\u00e9moins fonctionnels<\/p>\n\n\n\n<p>Ces cookies sont n\u00e9cessaires au bon fonctionnement du site web. Ils sont g\u00e9n\u00e9ralement cr\u00e9\u00e9s en tant que r\u00e9ponse \u00e0 des actions que vous avez effectu\u00e9es sur le site web, telles que l\u2019enregistrement de vos pr\u00e9f\u00e9rences en mati\u00e8re de confidentialit\u00e9 ou le remplissage de formulaires. Ces cookies ne stockent aucune information permettant de vous identifier personnellement.<\/p>\n\n\n\n<p>5.1.2 T\u00e9moins de statistiques<\/p>\n\n\n\n<p>Ces cookies collectent des informations sur la fa\u00e7on dont vous utilisez le site web, les pages que vous avez visit\u00e9es et les liens sur lesquels vous avez cliqu\u00e9. Ces donn\u00e9es nous permettent de mesurer et d\u2019am\u00e9liorer les performances du site web. Les donn\u00e9es sont anonymis\u00e9es et ne peuvent pas \u00eatre utilis\u00e9es pour vous identifier.<\/p>\n\n\n\n<p>5.1.3 T\u00e9moins de marketing<\/p>\n\n\n\n<p>Ces cookies peuvent \u00eatre mis en place sur le site web par nos partenaires publicitaires ou par l\u2019int\u00e9gration de fonctionnalit\u00e9s de partage sur les r\u00e9seaux sociaux. Ils peuvent \u00eatre utilis\u00e9s par ces soci\u00e9t\u00e9s pour \u00e9tablir un profil de vos int\u00e9r\u00eats afin de vous proposer des publicit\u00e9s personnalis\u00e9es sur d\u2019autres sites web.<\/p>\n\n\n\n<p>Nous vous encourageons \u00e0 consulter r\u00e9guli\u00e8rement la politique de confidentialit\u00e9 de ces r\u00e9seaux sociaux, car elle peut \u00eatre sujette \u00e0 des modifications, afin de comprendre comment vos donn\u00e9es sont utilis\u00e9es via ces cookies. Il est important de noter que la plupart de ces r\u00e9seaux sociaux sont bas\u00e9s ailleurs qu\u2019au Canada.<\/p>\n\n\n\n<p>5.1.4 T\u00e9moins de s\u00e9curit\u00e9<\/p>\n\n\n\n<p>Dans le but de pr\u00e9venir la fraude et prot\u00e9ger nos syst\u00e8mes, les formulaires du site web peuvent \u00eatre prot\u00e9g\u00e9s par la technologie Google ReCaptcha. Cet outil, qui fait usage de cookies, collecte des donn\u00e9es sur la fa\u00e7on dont un utilisateur interagit avec le site web. La fa\u00e7on dont l\u2019utilisateur navigue sur le site avec sa souris, la fa\u00e7on dont il clique entre les contenus, le temps qu\u2019il prend pour effectuer des t\u00e2ches et l\u2019appareil qu\u2019il utilise sont quelques exemples des donn\u00e9es collect\u00e9es. L\u2019analyse de celles-ci permet \u00e0 l\u2019outil de d\u00e9terminer la probabilit\u00e9 que l\u2019utilisateur soit un robot ou non. Ces donn\u00e9es peuvent \u00eatre partag\u00e9es avec d\u2019autres produits et services de Google.<\/p>\n\n\n\n<p>5.2 ACTIVER\/D\u00c9SACTIVER ET SUPPRIMER LES FICHIERS T\u00c9MOINS<\/p>\n\n\n\n<p>Vous avez la possibilit\u00e9 de g\u00e9rer vos cookies par l\u2019interm\u00e9diaire de vos navigateurs sur vos diff\u00e9rents dispositifs. La plupart des navigateurs acceptent par d\u00e9faut l\u2019installation de cookies. Toutefois, vous pouvez configurer ceux-ci afin de rejeter tous les cookies syst\u00e9matiquement ou de sp\u00e9cifier la source de ceux que vous d\u00e9sirez accepter. Vous pouvez \u00e9galement demander \u00e0 votre navigateur de supprimer vos cookies automatiquement \u00e0 la fermeture de celui-ci ou proc\u00e9der r\u00e9guli\u00e8rement \u00e0 leur suppression de fa\u00e7on manuelle. Il est \u00e0 noter que la configuration de chaque navigateur est diff\u00e9rente, n\u2019h\u00e9sitez pas \u00e0 consulter le menu d\u2019aide de ceux-ci.<\/p>\n\n\n\n<p>5.3 CONSENTEMENT DE L\u2019UTILISATION DES FICHIERS T\u00c9MOINS<\/p>\n\n\n\n<p>Lors de votre premi\u00e8re visite sur ce site web, un bandeau de consentement s\u2019affichera pour vous expliquer l\u2019utilisation dont nous faisons des cookies. En cliquant sur \u00ab Accepter \u00bb, vous consentez \u00e0 l\u2019utilisation de tous ces cookies ainsi qu\u2019\u00e0 la politique actuelle en mati\u00e8re de cookies. Dans ce bandeau, vous pouvez \u00e9galement \u00ab Refuser \u00bb tous les cookies non essentiels au fonctionnement de ce site web ou encore \u00ab G\u00e9rer vos pr\u00e9f\u00e9rences \u00bb en acceptant certaines cat\u00e9gories de cookies. Vous pouvez modifier votre consentement \u00e0 tout moment.<\/p>\n\n\n\n<p>5.4 TIERCES PARTIES<\/p>\n\n\n\n<p>Nous avons \u00e9tabli des accords concernant l\u2019utilisation de cookies avec d\u2019autres entreprises qui placent des cookies. N\u00e9anmoins, nous ne pouvons pas assurer que ces tierces parties g\u00e8rent vos donn\u00e9es personnelles de mani\u00e8re fiable ou s\u00e9curis\u00e9e. Certaines de ces parties, telles que Google et les r\u00e9seaux sociaux, sont \u00e0 consid\u00e9rer comme des entit\u00e9s ind\u00e9pendantes en mati\u00e8re de traitement des donn\u00e9es. Nous vous conseillons vivement de consulter les d\u00e9clarations de confidentialit\u00e9 de ces entreprises.<\/p>\n\n\n\n<p>6. RESPONSABILIT\u00c9<\/p>\n\n\n\n<p>Dans l\u2019ensemble, nous assumons la responsabilit\u00e9 de la protection des renseignements personnels que nous d\u00e9tenons. Nos employ\u00e9s qui ont acc\u00e8s \u00e0 des renseignements personnels ou qui sont impliqu\u00e9s de quelque mani\u00e8re que ce soit dans leur gestion prennent toutes les mesures n\u00e9cessaires pour assurer leur protection et respecter la pr\u00e9sente politique.<\/p>\n\n\n\n<p>7. DROITS D\u2019ACC\u00c8S, DE RECTIFICATION ET DE RETRAIT DU CONSENTEMENT<\/p>\n\n\n\n<p>Vous avez le droit de soumettre une demande d\u2019acc\u00e8s aux donn\u00e9es que nous traitons \u00e0 votre sujet. Vous avez le droit de vous opposer au traitement de vos donn\u00e9es. Vous pouvez demander une vue d\u2019ensemble de vos donn\u00e9es trait\u00e9es, pr\u00e9sent\u00e9es dans un format couramment utilis\u00e9. Vous avez la possibilit\u00e9 de demander la correction ou la suppression de vos donn\u00e9es si elles sont inexactes ou obsol\u00e8tes. Dans les cas pertinents, les informations mises \u00e0 jour seront communiqu\u00e9es aux tiers ayant acc\u00e8s \u00e0 ces informations. Vous avez le droit de retirer votre consentement \u00e0 tout moment, sous r\u00e9serve de contraintes contractuelles ou l\u00e9gales, et sous r\u00e9serve d\u2019un pr\u00e9avis raisonnable. Les implications d\u2019un tel retrait vous seront expliqu\u00e9es. Vous avez le droit de soumettre une objection \u00e0 notre organisation en cas de non-conformit\u00e9 avec la LPRDE (Loi sur la protection des renseignements personnels et les documents \u00e9lectroniques) et, si le probl\u00e8me persiste, vous pouvez vous adresser au Commissariat \u00e0 la protection de la vie priv\u00e9e du Canada. Si une personne souhaite exercer ses droits d\u2019acc\u00e8s, de rectification ou de r\u00e9tractation du consentement, elle doit pr\u00e9senter une demande \u00e9crite \u00e0 cet effet au responsable de la protection des donn\u00e9es personnelles. Les coordonn\u00e9es appropri\u00e9es sont sp\u00e9cifi\u00e9es dans la section \u00ab Responsable de la protection des renseignements personnels \u00bb ici-bas.<\/p>\n\n\n\n<p>8. PROCESSUS DE TRAITEMENT DES PLAINTES RELATIVES \u00c0 LA PROTECTION DES RENSEIGNEMENTS PERSONNELS<\/p>\n\n\n\n<p>Si quelqu\u2019un souhaite d\u00e9poser une plainte concernant l\u2019application de cette politique ou, de mani\u00e8re plus globale, en ce qui concerne la s\u00e9curit\u00e9 de ses informations personnelles, il doit soumettre sa requ\u00eate par \u00e9crit en communiquant avec le responsable de la protection des donn\u00e9es personnelles, dont les coordonn\u00e9es sont mentionn\u00e9es dans la section \u00ab Responsable de la protection des renseignements personnels \u00bb. Celle-ci sera trait\u00e9e dans un d\u00e9lai jug\u00e9 raisonnable. Un dossier distinct pour chaque plainte re\u00e7ue sera cr\u00e9\u00e9. Chaque dossier comprendra la plainte, une analyse et les documents \u00e0 l\u2019appui de l\u2019\u00e9valuation, ainsi que la r\u00e9ponse adress\u00e9e \u00e0 la personne ayant formul\u00e9 la plainte. Nous prenons l\u2019engagement de traiter toute plainte re\u00e7ue en toute confidentialit\u00e9.<\/p>\n\n\n\n<p>9. RESPONSABLE DE LA PROTECTION DES RENSEIGNEMENTS PERSONNELS<\/p>\n\n\n\n<p>Pour toutes questions, pr\u00e9occupations ou demandes concernant cette politique, veuillez communiquer avec le responsable de la protection des renseignements personnels :<\/p>\n\n\n\n<p><strong>Dre Kayla Pitre, chiropraticienne, 514-274-2415<br><\/strong><\/p>\n\n\n\n<p>10. APPROBATION<\/p>\n\n\n\n<p>Cette politique est approuv\u00e9e par le responsable de la protection des renseignements personnels dont les coordonn\u00e9es professionnelles sont affich\u00e9es ici-haut.<\/p>\n\n\n\n<p>11. PUBLICATION ET MODIFICATIONS<\/p>\n\n\n\n<p>Nous nous octroyons le droit de r\u00e9viser cette politique de protection des renseignements personnels et de confidentialit\u00e9 \u00e0 tout moment. Les changements seront affich\u00e9s sur notre site web et prendront effet d\u00e8s leur affichage. Nous vous incitons \u00e0 consulter cette politique r\u00e9guli\u00e8rement pour rester inform\u00e9 des \u00e9ventuelles mises \u00e0 jour.<\/p>\n","protected":false},"excerpt":{"rendered":"<p>Derni\u00e8re mise \u00e0 jour : 18 septembre 2023 L\u2019objectif de cette politique est de garantir la pr\u00e9servation des informations personnelles et de r\u00e9guler la mani\u00e8re dont nous les recueillons, les exploitons, les communiquons, les conservons et les \u00e9liminons, ou g\u00e9rons autrement. De plus, elle a pour but d\u2019informer toute personne concern\u00e9e sur la fa\u00e7on dont [&hellip;]<\/p>\n","protected":false},"author":1,"featured_media":0,"parent":0,"menu_order":0,"comment_status":"closed","ping_status":"closed","template":"","meta":[],"yoast_head":"<!-- This site is optimized with the Yoast SEO plugin v19.5.1 - https:\/\/yoast.com\/wordpress\/plugins\/seo\/ -->\n<title>Politique de protection des renseignements personnels et de confidentialit\u00e9 - Dre Kayla Pitre, chiropraticienne - Centre chiropratique de la sant\u00e9 vert\u00e9brale<\/title>\n<meta name=\"robots\" content=\"index, follow, max-snippet:-1, max-image-preview:large, max-video-preview:-1\" \/>\n<link rel=\"canonical\" href=\"https:\/\/staging.kpitrechiro.com\/index.php\/politique-de-protection-des-renseignements-personnels-et-de-confidentialite\/\" \/>\n<meta property=\"og:locale\" content=\"fr_FR\" \/>\n<meta property=\"og:type\" content=\"article\" \/>\n<meta property=\"og:title\" content=\"Politique de protection des renseignements personnels et de confidentialit\u00e9 - Dre Kayla Pitre, chiropraticienne - Centre chiropratique de la sant\u00e9 vert\u00e9brale\" \/>\n<meta property=\"og:description\" content=\"Derni\u00e8re mise \u00e0 jour : 18 septembre 2023 L\u2019objectif de cette politique est de garantir la pr\u00e9servation des informations personnelles et de r\u00e9guler la mani\u00e8re dont nous les recueillons, les exploitons, les communiquons, les conservons et les \u00e9liminons, ou g\u00e9rons autrement. De plus, elle a pour but d\u2019informer toute personne concern\u00e9e sur la fa\u00e7on dont [&hellip;]\" \/>\n<meta property=\"og:url\" content=\"https:\/\/staging.kpitrechiro.com\/index.php\/politique-de-protection-des-renseignements-personnels-et-de-confidentialite\/\" \/>\n<meta property=\"og:site_name\" content=\"Dre Kayla Pitre, chiropraticienne - Centre chiropratique de la sant\u00e9 vert\u00e9brale\" \/>\n<meta name=\"twitter:card\" content=\"summary_large_image\" \/>\n<meta name=\"twitter:label1\" content=\"Dur\u00e9e de lecture estim\u00e9e\" \/>\n\t<meta name=\"twitter:data1\" content=\"9 minutes\" \/>\n<script type=\"application\/ld+json\" class=\"yoast-schema-graph\">{\"@context\":\"https:\/\/schema.org\",\"@graph\":[{\"@type\":\"WebPage\",\"@id\":\"https:\/\/staging.kpitrechiro.com\/index.php\/politique-de-protection-des-renseignements-personnels-et-de-confidentialite\/\",\"url\":\"https:\/\/staging.kpitrechiro.com\/index.php\/politique-de-protection-des-renseignements-personnels-et-de-confidentialite\/\",\"name\":\"Politique de protection des renseignements personnels et de confidentialit\u00e9 - Dre Kayla Pitre, chiropraticienne - Centre chiropratique de la sant\u00e9 vert\u00e9brale\",\"isPartOf\":{\"@id\":\"https:\/\/staging.kpitrechiro.com\/#website\"},\"datePublished\":\"2023-09-18T23:43:37+00:00\",\"dateModified\":\"2023-09-18T23:43:37+00:00\",\"breadcrumb\":{\"@id\":\"https:\/\/staging.kpitrechiro.com\/index.php\/politique-de-protection-des-renseignements-personnels-et-de-confidentialite\/#breadcrumb\"},\"inLanguage\":\"fr-FR\",\"potentialAction\":[{\"@type\":\"ReadAction\",\"target\":[\"https:\/\/staging.kpitrechiro.com\/index.php\/politique-de-protection-des-renseignements-personnels-et-de-confidentialite\/\"]}]},{\"@type\":\"BreadcrumbList\",\"@id\":\"https:\/\/staging.kpitrechiro.com\/index.php\/politique-de-protection-des-renseignements-personnels-et-de-confidentialite\/#breadcrumb\",\"itemListElement\":[{\"@type\":\"ListItem\",\"position\":1,\"name\":\"Accueil\",\"item\":\"https:\/\/staging.kpitrechiro.com\/\"},{\"@type\":\"ListItem\",\"position\":2,\"name\":\"Politique de protection des renseignements personnels et de confidentialit\u00e9\"}]},{\"@type\":\"WebSite\",\"@id\":\"https:\/\/staging.kpitrechiro.com\/#website\",\"url\":\"https:\/\/staging.kpitrechiro.com\/\",\"name\":\"Dre Kayla Pitre, chiropraticienne - Centre chiropratique de la sant\u00e9 vert\u00e9brale\",\"description\":\"Soyez la meilleure version de vous-m\u00eame !\",\"publisher\":{\"@id\":\"https:\/\/staging.kpitrechiro.com\/#organization\"},\"potentialAction\":[{\"@type\":\"SearchAction\",\"target\":{\"@type\":\"EntryPoint\",\"urlTemplate\":\"https:\/\/staging.kpitrechiro.com\/?s={search_term_string}\"},\"query-input\":\"required name=search_term_string\"}],\"inLanguage\":\"fr-FR\"},{\"@type\":\"Organization\",\"@id\":\"https:\/\/staging.kpitrechiro.com\/#organization\",\"name\":\"Dre Kayla Pitre, chiropraticienne - Centre chiropratique de la sant\u00e9 vert\u00e9brale\",\"url\":\"https:\/\/staging.kpitrechiro.com\/\",\"sameAs\":[],\"logo\":{\"@type\":\"ImageObject\",\"inLanguage\":\"fr-FR\",\"@id\":\"https:\/\/staging.kpitrechiro.com\/#\/schema\/logo\/image\/\",\"url\":\"https:\/\/staging.kpitrechiro.com\/wp-content\/uploads\/2020\/11\/cropped-LOGO-paint-fond-PNG-2.png\",\"contentUrl\":\"https:\/\/staging.kpitrechiro.com\/wp-content\/uploads\/2020\/11\/cropped-LOGO-paint-fond-PNG-2.png\",\"width\":712,\"height\":606,\"caption\":\"Dre Kayla Pitre, chiropraticienne - Centre chiropratique de la sant\u00e9 vert\u00e9brale\"},\"image\":{\"@id\":\"https:\/\/staging.kpitrechiro.com\/#\/schema\/logo\/image\/\"}}]}<\/script>\n<!-- \/ Yoast SEO plugin. -->","yoast_head_json":{"title":"Politique de protection des renseignements personnels et de confidentialit\u00e9 - Dre Kayla Pitre, chiropraticienne - Centre chiropratique de la sant\u00e9 vert\u00e9brale","robots":{"index":"index","follow":"follow","max-snippet":"max-snippet:-1","max-image-preview":"max-image-preview:large","max-video-preview":"max-video-preview:-1"},"canonical":"https:\/\/staging.kpitrechiro.com\/index.php\/politique-de-protection-des-renseignements-personnels-et-de-confidentialite\/","og_locale":"fr_FR","og_type":"article","og_title":"Politique de protection des renseignements personnels et de confidentialit\u00e9 - Dre Kayla Pitre, chiropraticienne - Centre chiropratique de la sant\u00e9 vert\u00e9brale","og_description":"Derni\u00e8re mise \u00e0 jour : 18 septembre 2023 L\u2019objectif de cette politique est de garantir la pr\u00e9servation des informations personnelles et de r\u00e9guler la mani\u00e8re dont nous les recueillons, les exploitons, les communiquons, les conservons et les \u00e9liminons, ou g\u00e9rons autrement. De plus, elle a pour but d\u2019informer toute personne concern\u00e9e sur la fa\u00e7on dont [&hellip;]","og_url":"https:\/\/staging.kpitrechiro.com\/index.php\/politique-de-protection-des-renseignements-personnels-et-de-confidentialite\/","og_site_name":"Dre Kayla Pitre, chiropraticienne - Centre chiropratique de la sant\u00e9 vert\u00e9brale","twitter_card":"summary_large_image","twitter_misc":{"Dur\u00e9e de lecture estim\u00e9e":"9 minutes"},"schema":{"@context":"https:\/\/schema.org","@graph":[{"@type":"WebPage","@id":"https:\/\/staging.kpitrechiro.com\/index.php\/politique-de-protection-des-renseignements-personnels-et-de-confidentialite\/","url":"https:\/\/staging.kpitrechiro.com\/index.php\/politique-de-protection-des-renseignements-personnels-et-de-confidentialite\/","name":"Politique de protection des renseignements personnels et de confidentialit\u00e9 - Dre Kayla Pitre, chiropraticienne - Centre chiropratique de la sant\u00e9 vert\u00e9brale","isPartOf":{"@id":"https:\/\/staging.kpitrechiro.com\/#website"},"datePublished":"2023-09-18T23:43:37+00:00","dateModified":"2023-09-18T23:43:37+00:00","breadcrumb":{"@id":"https:\/\/staging.kpitrechiro.com\/index.php\/politique-de-protection-des-renseignements-personnels-et-de-confidentialite\/#breadcrumb"},"inLanguage":"fr-FR","potentialAction":[{"@type":"ReadAction","target":["https:\/\/staging.kpitrechiro.com\/index.php\/politique-de-protection-des-renseignements-personnels-et-de-confidentialite\/"]}]},{"@type":"BreadcrumbList","@id":"https:\/\/staging.kpitrechiro.com\/index.php\/politique-de-protection-des-renseignements-personnels-et-de-confidentialite\/#breadcrumb","itemListElement":[{"@type":"ListItem","position":1,"name":"Accueil","item":"https:\/\/staging.kpitrechiro.com\/"},{"@type":"ListItem","position":2,"name":"Politique de protection des renseignements personnels et de confidentialit\u00e9"}]},{"@type":"WebSite","@id":"https:\/\/staging.kpitrechiro.com\/#website","url":"https:\/\/staging.kpitrechiro.com\/","name":"Dre Kayla Pitre, chiropraticienne - Centre chiropratique de la sant\u00e9 vert\u00e9brale","description":"Soyez la meilleure version de vous-m\u00eame !","publisher":{"@id":"https:\/\/staging.kpitrechiro.com\/#organization"},"potentialAction":[{"@type":"SearchAction","target":{"@type":"EntryPoint","urlTemplate":"https:\/\/staging.kpitrechiro.com\/?s={search_term_string}"},"query-input":"required name=search_term_string"}],"inLanguage":"fr-FR"},{"@type":"Organization","@id":"https:\/\/staging.kpitrechiro.com\/#organization","name":"Dre Kayla Pitre, chiropraticienne - Centre chiropratique de la sant\u00e9 vert\u00e9brale","url":"https:\/\/staging.kpitrechiro.com\/","sameAs":[],"logo":{"@type":"ImageObject","inLanguage":"fr-FR","@id":"https:\/\/staging.kpitrechiro.com\/#\/schema\/logo\/image\/","url":"https:\/\/staging.kpitrechiro.com\/wp-content\/uploads\/2020\/11\/cropped-LOGO-paint-fond-PNG-2.png","contentUrl":"https:\/\/staging.kpitrechiro.com\/wp-content\/uploads\/2020\/11\/cropped-LOGO-paint-fond-PNG-2.png","width":712,"height":606,"caption":"Dre Kayla Pitre, chiropraticienne - Centre chiropratique de la sant\u00e9 vert\u00e9brale"},"image":{"@id":"https:\/\/staging.kpitrechiro.com\/#\/schema\/logo\/image\/"}}]}},"_links":{"self":[{"href":"https:\/\/staging.kpitrechiro.com\/index.php\/wp-json\/wp\/v2\/pages\/983"}],"collection":[{"href":"https:\/\/staging.kpitrechiro.com\/index.php\/wp-json\/wp\/v2\/pages"}],"about":[{"href":"https:\/\/staging.kpitrechiro.com\/index.php\/wp-json\/wp\/v2\/types\/page"}],"author":[{"embeddable":true,"href":"https:\/\/staging.kpitrechiro.com\/index.php\/wp-json\/wp\/v2\/users\/1"}],"replies":[{"embeddable":true,"href":"https:\/\/staging.kpitrechiro.com\/index.php\/wp-json\/wp\/v2\/comments?post=983"}],"version-history":[{"count":1,"href":"https:\/\/staging.kpitrechiro.com\/index.php\/wp-json\/wp\/v2\/pages\/983\/revisions"}],"predecessor-version":[{"id":984,"href":"https:\/\/staging.kpitrechiro.com\/index.php\/wp-json\/wp\/v2\/pages\/983\/revisions\/984"}],"wp:attachment":[{"href":"https:\/\/staging.kpitrechiro.com\/index.php\/wp-json\/wp\/v2\/media?parent=983"}],"curies":[{"name":"wp","href":"https:\/\/api.w.org\/{rel}","templated":true}]}}